{"id":694946,"date":"2024-08-18T11:20:42","date_gmt":"2024-08-18T08:20:42","guid":{"rendered":"https:\/\/nbg.eu\/product\/trigger-bar-sa-da-kmr-l\/"},"modified":"2026-05-13T16:02:51","modified_gmt":"2026-05-13T13:02:51","slug":"trigger-bar-sa-da-kmr-l","status":"publish","type":"product","link":"https:\/\/nbg.eu\/lt\/produktas\/trigger-bar-sa-da-kmr-l\/","title":{"rendered":"KMR Nuleistuv\u0117s Strypas SA\/DA L"},"content":{"rendered":"<h2>Trigger Bar SA\/DA KMR L<\/h2>\n<p>Trigger Bar SA\/DA KMR L yra b\u016btina vidin\u0117 KMR L modelio sudedamoji dalis, leid\u017eianti tiek vieno veiksmo (SA), tiek dviej\u0173 veiksm\u0173 (DA) veikim\u0105. \u0160i sudedamoji dalis perduoda spragtuk\u0105 \u012f \u0161audymo mechanizm\u0105, u\u017etikrinant patikim\u0105 ir tiksl\u0173 \u0161audym\u0105 abiejose veikimo re\u017eimuose.<\/p>\n<p>Ginklams KMR:<\/p>\n<p>KMR L-02 SPECTRA nuo 2024<\/p>\n<p>KMR L-02 SPECTRA iki 2023<\/p>\n<p>KMR L-02 UMBRA nuo 2024<\/p>\n<p>KMR L-02 UMBRA iki 2023<\/p>\n","protected":false},"excerpt":{"rendered":"<p>Perkelimai i\u0161\u0161aukia jud\u0117jim\u0105 SA\/DA KMR L modeli\u0173.<\/p>\n","protected":false},"featured_media":25548,"template":"","meta":{"_acf_changed":false},"product_brand":[11496],"product_cat":[13691],"product_tag":[],"class_list":{"0":"post-694946","1":"product","2":"type-product","3":"status-publish","4":"has-post-thumbnail","6":"product_brand-kmr-precision","7":"product_cat-kmr-dalys","9":"first","10":"instock","11":"taxable","12":"shipping-taxable","13":"product-type-simple"},"acf":[],"_links":{"self":[{"href":"https:\/\/nbg.eu\/lt\/wp-json\/wp\/v2\/product\/694946","targetHints":{"allow":["GET"]}}],"collection":[{"href":"https:\/\/nbg.eu\/lt\/wp-json\/wp\/v2\/product"}],"about":[{"href":"https:\/\/nbg.eu\/lt\/wp-json\/wp\/v2\/types\/product"}],"wp:featuredmedia":[{"embeddable":true,"href":"https:\/\/nbg.eu\/lt\/wp-json\/wp\/v2\/media\/25548"}],"wp:attachment":[{"href":"https:\/\/nbg.eu\/lt\/wp-json\/wp\/v2\/media?parent=694946"}],"wp:term":[{"taxonomy":"product_brand","embeddable":true,"href":"https:\/\/nbg.eu\/lt\/wp-json\/wp\/v2\/product_brand?post=694946"},{"taxonomy":"product_cat","embeddable":true,"href":"https:\/\/nbg.eu\/lt\/wp-json\/wp\/v2\/product_cat?post=694946"},{"taxonomy":"product_tag","embeddable":true,"href":"https:\/\/nbg.eu\/lt\/wp-json\/wp\/v2\/product_tag?post=694946"}],"curies":[{"name":"wp","href":"https:\/\/api.w.org\/{rel}","templated":true}]}}