{"id":695151,"date":"2024-08-16T23:17:10","date_gmt":"2024-08-16T20:17:10","guid":{"rendered":"https:\/\/nbg.eu\/product\/trigger-hammer-pin-kmr\/"},"modified":"2026-05-13T16:02:03","modified_gmt":"2026-05-13T13:02:03","slug":"trigger-hammer-pin-kmr","status":"publish","type":"product","link":"https:\/\/nbg.eu\/lt\/produktas\/trigger-hammer-pin-kmr\/","title":{"rendered":"KMR Nuleistuv\u0117 &amp; Hammer Pin"},"content":{"rendered":"<h2>U\u017dTAISAS IR TRAKTORIUS<\/h2>\n<p>Patobulinkite savo \u0161aunamojo ginklo veikim\u0105 su U\u017dTAISU IR TRAKTORIUMI, auk\u0161\u010diausios kokyb\u0117s atsarginiu komponentu, sukurtu pagerinti spragtuk\u0105 ir bendr\u0105 \u0161audymo patirt\u012f. Pagamintas i\u0161 auk\u0161tos kokyb\u0117s med\u017eiag\u0173, \u0161is s\u0105rankos rinkinys sukurtas u\u017etikrinti skland\u0173 ir nuosekl\u0173 spragtuk\u0105, suteikiant geresn\u012f tikslum\u0105 ir kontrol\u0119.<\/p>\n<p>D\u0117l tikslaus mechaninio dizaino U\u017dTAISAS IR TRAKTORIUS u\u017etikrina tobul\u0105 tinkamum\u0105 j\u016bs\u0173 \u0161aunamajam ginklui, suma\u017eindamas \u017eaidim\u0105 ir pagerina spragtuk\u0105. Jo atspari konstrukcija sukurta atlaikyti da\u017eno naudojimo s\u0105lygas, u\u017etikrinant ilgalaik\u012f patikimum\u0105 ir veikim\u0105.<\/p>\n<p>Suprojektuotas kaip privalomas pakeitimas, U\u017dTAISAS IR TRAKTORIUS yra lengvai sumontuojamas, leid\u017eiantis greitai ir lengvai patobulinti j\u016bs\u0173 \u0161aunam\u0105j\u012f ginkl\u0105, nepanaudojant specializuot\u0173 \u012franki\u0173 ar i\u0161sami\u0173 modifikacij\u0173. Nesvarbu, ar esate var\u017eyb\u0173 \u0161aulys, taktinis operatorius, ar aistringas hobistas, \u0161is s\u0105rankos rinkinys pakels j\u016bs\u0173 \u0161audymo geb\u0117jimus ir pakelti j\u016bs\u0173 \u0161aunamojo ginklo veikim\u0105 \u012f kit\u0105 lyg\u012f.<\/p>\n<p>Skirta KMR ginklams, tokiems kaip:<br \/>\nKMR L-02 EMIQ<br \/>\nKMR L-02 EMIQ (OR)<br \/>\nKMR L-02 ORCA NUO 2024<br \/>\nKMR L-02 ORCA IKI 2023<br \/>\nKMR L-02 SPECTRA NUO 2024<br \/>\nKMR L-02 SPECTRA IKI 2023<br \/>\nKMR L-02 UMBRA NUO 2024<br \/>\nKMR L-02 UMBRA IKI 2023<br \/>\nKMR S-01 LANCE (OR)<br \/>\nKMR S-02 NUO 2024<br \/>\nKMR S-02 IKI 2023<br \/>\nKMR W-02 CUDA NUO 2024<br \/>\nKMR W-02 CUDA IKI 2023<br \/>\nKMR W-02 UMBRA<br \/>\nKMR W-02 UMBRA (OR)<\/p>\n","protected":false},"excerpt":{"rendered":"<p>Auk\u0161tos kokyb\u0117s spragtukas ir plaktukas-kai\u0161tis KMR pistol\u0117ms, tiksliai suprojektuoti.<\/p>\n","protected":false},"featured_media":720195,"template":"","meta":{"_acf_changed":false},"product_brand":[11496],"product_cat":[13691],"product_tag":[],"class_list":{"0":"post-695151","1":"product","2":"type-product","3":"status-publish","4":"has-post-thumbnail","6":"product_brand-kmr-precision","7":"product_cat-kmr-dalys","9":"first","10":"instock","11":"taxable","12":"shipping-taxable","13":"product-type-simple"},"acf":[],"_links":{"self":[{"href":"https:\/\/nbg.eu\/lt\/wp-json\/wp\/v2\/product\/695151","targetHints":{"allow":["GET"]}}],"collection":[{"href":"https:\/\/nbg.eu\/lt\/wp-json\/wp\/v2\/product"}],"about":[{"href":"https:\/\/nbg.eu\/lt\/wp-json\/wp\/v2\/types\/product"}],"wp:featuredmedia":[{"embeddable":true,"href":"https:\/\/nbg.eu\/lt\/wp-json\/wp\/v2\/media\/720195"}],"wp:attachment":[{"href":"https:\/\/nbg.eu\/lt\/wp-json\/wp\/v2\/media?parent=695151"}],"wp:term":[{"taxonomy":"product_brand","embeddable":true,"href":"https:\/\/nbg.eu\/lt\/wp-json\/wp\/v2\/product_brand?post=695151"},{"taxonomy":"product_cat","embeddable":true,"href":"https:\/\/nbg.eu\/lt\/wp-json\/wp\/v2\/product_cat?post=695151"},{"taxonomy":"product_tag","embeddable":true,"href":"https:\/\/nbg.eu\/lt\/wp-json\/wp\/v2\/product_tag?post=695151"}],"curies":[{"name":"wp","href":"https:\/\/api.w.org\/{rel}","templated":true}]}}