{"id":695213,"date":"2024-08-17T17:20:46","date_gmt":"2024-08-17T14:20:46","guid":{"rendered":"https:\/\/nbg.eu\/product\/trigger-spring-sa-da-kmr\/"},"modified":"2026-05-13T16:03:41","modified_gmt":"2026-05-13T13:03:41","slug":"trigger-spring-sa-da-kmr","status":"publish","type":"product","link":"https:\/\/nbg.eu\/lt\/produktas\/trigger-spring-sa-da-kmr\/","title":{"rendered":"KMR Nuleistuv\u0117s Spyruokl\u0117 SA\/DA"},"content":{"rendered":"<h2>Trigger Spring SA\/DA KMR: ginklo na\u0161umo didinimas \u012fvairiose platformose<\/h2>\n<p>Trigger Spring SA\/DA KMR yra universalus ir patikimas priedas, skirtas padidinti \u012fvairi\u0173 KMR serijos ginkl\u0173 funkcionalum\u0105. Suderinamas su pla\u010diu spektru modeli\u0173, \u0161is gaiduko spyruokl\u0117s mazgas u\u017etikrina skland\u017ei\u0105 integracij\u0105 ir pagerint\u0105 j\u016bs\u0173 \u0161aunamojo ginklo veikim\u0105.<\/p>\n<p>Nepriklausomai nuo to, ar esate var\u017eyb\u0173 \u0161aulys, taktini\u0173 rei\u0161kini\u0173 entuziastas, ar atsakingas \u0161aunam\u0173j\u0173 ginkl\u0173 savininkas, Trigger Spring SA\/DA KMR yra b\u016btinas priedas, skirtas optimizuoti j\u016bs\u0173 ginklo na\u0161um\u0105. Pakelkite savo \u0161audymo patirt\u012f su \u0161iuo patikimu ir universaliu komponentu.<\/p>\n<p>Ginklams KMR:<\/p>\n<p>KMR L-02 SPECTRA nuo 2024 m.<\/p>\n<p>KMR L-02 SPECTRA iki 2023 m.<\/p>\n<p>KMR L-02 UMBRA (OR) SR<\/p>\n<p>KMR S-01 LANCE (OR)<\/p>\n<p>KMR S-02 nuo 2024 m.<\/p>\n<p>KMR S-02 iki 2023 m.<\/p>\n<p>KMR W-02 CUDA (OR)<\/p>\n<p>KMR W-02 UMBRA<\/p>\n<p>KMR W-02 UMBRA (OR)<\/p>\n","protected":false},"excerpt":{"rendered":"<p>Atpalaidavimo pavasaris SA\/DA KMR skirtas KMR L-02 SPECTRA, S-01 LANCE, S-02, W-02 CUDA\/UMBRA ginklams.<\/p>\n","protected":false},"featured_media":24596,"template":"","meta":{"_acf_changed":false},"product_brand":[11496],"product_cat":[13691,13709,15020],"product_tag":[],"class_list":{"0":"post-695213","1":"product","2":"type-product","3":"status-publish","4":"has-post-thumbnail","6":"product_brand-kmr-precision","7":"product_cat-kmr-dalys","8":"product_cat-spyruokles","9":"product_cat-trigger-springs-lt","11":"first","12":"instock","13":"taxable","14":"shipping-taxable","15":"product-type-simple"},"acf":[],"_links":{"self":[{"href":"https:\/\/nbg.eu\/lt\/wp-json\/wp\/v2\/product\/695213","targetHints":{"allow":["GET"]}}],"collection":[{"href":"https:\/\/nbg.eu\/lt\/wp-json\/wp\/v2\/product"}],"about":[{"href":"https:\/\/nbg.eu\/lt\/wp-json\/wp\/v2\/types\/product"}],"wp:featuredmedia":[{"embeddable":true,"href":"https:\/\/nbg.eu\/lt\/wp-json\/wp\/v2\/media\/24596"}],"wp:attachment":[{"href":"https:\/\/nbg.eu\/lt\/wp-json\/wp\/v2\/media?parent=695213"}],"wp:term":[{"taxonomy":"product_brand","embeddable":true,"href":"https:\/\/nbg.eu\/lt\/wp-json\/wp\/v2\/product_brand?post=695213"},{"taxonomy":"product_cat","embeddable":true,"href":"https:\/\/nbg.eu\/lt\/wp-json\/wp\/v2\/product_cat?post=695213"},{"taxonomy":"product_tag","embeddable":true,"href":"https:\/\/nbg.eu\/lt\/wp-json\/wp\/v2\/product_tag?post=695213"}],"curies":[{"name":"wp","href":"https:\/\/api.w.org\/{rel}","templated":true}]}}