{"id":695243,"date":"2024-09-18T13:32:40","date_gmt":"2024-09-18T10:32:40","guid":{"rendered":"https:\/\/nbg.eu\/product\/trigger-spring-sa-kmr\/"},"modified":"2026-05-13T16:03:09","modified_gmt":"2026-05-13T13:03:09","slug":"trigger-spring-sa-kmr","status":"publish","type":"product","link":"https:\/\/nbg.eu\/lt\/produktas\/trigger-spring-sa-kmr\/","title":{"rendered":"KMR Nuleistuv\u0117s Spyruokl\u0117 SA"},"content":{"rendered":"<h2>Auk\u0161tos kokyb\u0117s \u012frangos patobulinimas KMR ginklams<\/h2>\n<p>Pageaukite savo KMR ginkl\u0173 veikim\u0105 su sukimo spaustuvu, tiksliai suprojektuota atsargin\u0117 dalis, sukurta u\u017etikrinant efektyv\u0173 suderinamum\u0105. Pagaminta i\u0161 auk\u0161\u010diausios kokyb\u0117s med\u017eiag\u0173, \u0161is spragtuvo spyruokl\u0117 u\u017etikrina skland\u0173 ir nuosekl\u0173 spragtuvo traukim\u0105, pagerinant \u0161audymo tikslum\u0105 ir valdym\u0105.<\/p>\n<p>Kruop\u0161\u010diai suprojektuota, spragtuvo spyruokl\u0117 pasi\u017eymi ypa\u010d subalansuota spyruokl\u0117s \u012ftampa, kuri u\u017etikrina ai\u0161k\u0173 ir nusp\u0117jam\u0105 spragtuvo veikim\u0105. \u0160is patobulinimas pagerina spragtuvo valdym\u0105, leid\u017eia tiksliau taikyti ir grei\u010diau \u012f\u017evelgti taikin\u012f.<\/p>\n<p>Pagaminta i\u0161 patvari\u0173, auk\u0161tos kokyb\u0117s med\u017eiag\u0173, spragtuvo spyruokl\u0117 yra sukurta atlaikyti da\u017eno naudojimo apkrovas. Jos tvirta konstrukcija ir patikimas veikimas j\u0105 daro b\u016btinu pagerinimu visiems, ie\u0161kan\u010dius pakelti savo KMR ginkl\u0173 galimybes.<\/p>\n<p>Nesvarbu ar esate var\u017eyb\u0173 \u0161aulys, taktin\u0117s operacijos dalyvis ar rekreacini\u0173 entuziastas, spragtuvo spyruokl\u0117 yra puikus pasirinkimas pakelti j\u016bs\u0173 KMR ginkl\u0173 veikim\u0105. Pajuskite spragtuvo spyruokl\u0117s suteikiam\u0105 skirtum\u0105 ir pakelkite savo \u0161audym\u0105 \u012f nauj\u0105 lyg\u012f.<\/p>\n","protected":false},"excerpt":{"rendered":"<p>Pakaitinis paleidimo spyruokl\u0117 KMR ginkl\u0173 modeliams L-02 EMIQ ir ORCA (iki 2023 m.).<\/p>\n","protected":false},"featured_media":24596,"template":"","meta":{"_acf_changed":false},"product_brand":[11496],"product_cat":[13691,13709,15020],"product_tag":[],"class_list":{"0":"post-695243","1":"product","2":"type-product","3":"status-publish","4":"has-post-thumbnail","6":"product_brand-kmr-precision","7":"product_cat-kmr-dalys","8":"product_cat-spyruokles","9":"product_cat-trigger-springs-lt","11":"first","12":"instock","13":"taxable","14":"shipping-taxable","15":"product-type-simple"},"acf":[],"_links":{"self":[{"href":"https:\/\/nbg.eu\/lt\/wp-json\/wp\/v2\/product\/695243","targetHints":{"allow":["GET"]}}],"collection":[{"href":"https:\/\/nbg.eu\/lt\/wp-json\/wp\/v2\/product"}],"about":[{"href":"https:\/\/nbg.eu\/lt\/wp-json\/wp\/v2\/types\/product"}],"wp:featuredmedia":[{"embeddable":true,"href":"https:\/\/nbg.eu\/lt\/wp-json\/wp\/v2\/media\/24596"}],"wp:attachment":[{"href":"https:\/\/nbg.eu\/lt\/wp-json\/wp\/v2\/media?parent=695243"}],"wp:term":[{"taxonomy":"product_brand","embeddable":true,"href":"https:\/\/nbg.eu\/lt\/wp-json\/wp\/v2\/product_brand?post=695243"},{"taxonomy":"product_cat","embeddable":true,"href":"https:\/\/nbg.eu\/lt\/wp-json\/wp\/v2\/product_cat?post=695243"},{"taxonomy":"product_tag","embeddable":true,"href":"https:\/\/nbg.eu\/lt\/wp-json\/wp\/v2\/product_tag?post=695243"}],"curies":[{"name":"wp","href":"https:\/\/api.w.org\/{rel}","templated":true}]}}