{"id":695265,"date":"2024-08-16T23:17:42","date_gmt":"2024-08-16T20:17:42","guid":{"rendered":"https:\/\/nbg.eu\/product\/trigger-pin-kmr-s-02\/"},"modified":"2026-04-16T18:02:14","modified_gmt":"2026-04-16T15:02:14","slug":"trigger-pin-kmr-s-02","status":"publish","type":"product","link":"https:\/\/nbg.eu\/lt\/produktas\/trigger-pin-kmr-s-02\/","title":{"rendered":"KMR Nuleistuv\u0117s Kai\u0161tis S-02"},"content":{"rendered":"<h2>KMR S-02 suojimo kai\u0161tis: tikslus sukamas \u012ftaisas, u\u017etikrinantis optimal\u0173 suoklio veikim\u0105<\/h2>\n<p>KMR S-02 suojimo kai\u0161tis yra tiksliai sukurtas komponentas, skirtas u\u017etikrinti kritin\u012f mechanin\u012f a\u0161\u012f suoklio mechanizmui. Pagamintas i\u0161 gr\u016bdinto \u012franki\u0173 plieno, \u0161is specializuotas sukamas \u012ftaisas u\u017etikrina be jokio laisvumo tinkam\u0105 \u012ftaisym\u0105 S-02 r\u0117mo matmenyse, d\u0117l to suoklio jud\u0117jimas tampa stabilesnis ir numatomas, o suoklio u\u017etaisymas \u2013 staigus ir a\u0161trus.<\/p>\n<p>Pasi\u017eymintis itin ma\u017eo trinties pavir\u0161iumi ir auk\u0161ta atsparumu \u0161ly\u010diai, suojimo kai\u0161tis apsaugo S-02 r\u0117m\u0105 nuo vidini\u0173 nusid\u0117v\u0117jim\u0173 intensyvaus naudojimo metu, i\u0161laikydamas suoklio mechanizmo vientisum\u0105 ir u\u017etikrindamas patikim\u0105 veikim\u0105 ilgainiui. \u0160is tikslumas ir d\u0117mesys detal\u0117ms yra esminis \u0161auli\u0173, reikalaujan\u010di\u0173 maksimalaus suoklio reaguojamumo ir nuoseklumo, poreikiams.<\/p>\n<p>Nesvarbu, ar esate var\u017eyb\u0173 \u0161aulys, taktinis operatorius, ar aistringas entuziatas, KMR S-02 suojimo kai\u0161tis jums si\u016blo special\u0173 sprendim\u0105, pagerinant\u012f viso suoklio veikimo patirt\u012f. Pagerinkite savo \u0161audymo tikslum\u0105 ir pasitik\u0117jim\u0105 \u0161iuo kruop\u0161\u010diai sukurtu komponentu, kuris suderinamas su S-02 r\u0117mu ir u\u017etikrina jums priklausan\u010di\u0105 veikimo kokyb\u0119.<\/p>\n","protected":false},"excerpt":{"rendered":"<p>Tikslus sukimosi a\u0161ies \u012ftaisas KMR S-02 va\u017eiuoklei, gr\u016bdinta plieno konstrukcija, itin ma\u017eas trinties koeficientas.<\/p>\n","protected":false},"featured_media":23759,"template":"","meta":{"_acf_changed":false},"product_brand":[11496],"product_cat":[13691],"product_tag":[],"class_list":{"0":"post-695265","1":"product","2":"type-product","3":"status-publish","4":"has-post-thumbnail","6":"product_brand-kmr-precision","7":"product_cat-kmr-dalys","9":"first","10":"instock","11":"taxable","12":"shipping-taxable","13":"product-type-simple"},"acf":[],"_links":{"self":[{"href":"https:\/\/nbg.eu\/lt\/wp-json\/wp\/v2\/product\/695265","targetHints":{"allow":["GET"]}}],"collection":[{"href":"https:\/\/nbg.eu\/lt\/wp-json\/wp\/v2\/product"}],"about":[{"href":"https:\/\/nbg.eu\/lt\/wp-json\/wp\/v2\/types\/product"}],"wp:featuredmedia":[{"embeddable":true,"href":"https:\/\/nbg.eu\/lt\/wp-json\/wp\/v2\/media\/23759"}],"wp:attachment":[{"href":"https:\/\/nbg.eu\/lt\/wp-json\/wp\/v2\/media?parent=695265"}],"wp:term":[{"taxonomy":"product_brand","embeddable":true,"href":"https:\/\/nbg.eu\/lt\/wp-json\/wp\/v2\/product_brand?post=695265"},{"taxonomy":"product_cat","embeddable":true,"href":"https:\/\/nbg.eu\/lt\/wp-json\/wp\/v2\/product_cat?post=695265"},{"taxonomy":"product_tag","embeddable":true,"href":"https:\/\/nbg.eu\/lt\/wp-json\/wp\/v2\/product_tag?post=695265"}],"curies":[{"name":"wp","href":"https:\/\/api.w.org\/{rel}","templated":true}]}}