{"id":696291,"date":"2025-12-22T17:18:06","date_gmt":"2025-12-22T14:18:06","guid":{"rendered":"https:\/\/nbg.eu\/product\/atlaso-sporto-krepsys\/"},"modified":"2026-04-15T14:30:40","modified_gmt":"2026-04-15T11:30:40","slug":"atlaso-sporto-krepsys","status":"publish","type":"product","link":"https:\/\/nbg.eu\/lt\/produktas\/atlaso-sporto-krepsys\/","title":{"rendered":"Eberlestock Kelioninis Krep\u0161ys Atlas"},"content":{"rendered":"<h2>Atlas Duffel: J\u016bs\u0173 \u012frangos gabenimas su stiliumi ir lengvumu<\/h2>\n<p>Atlas Duffel yra ma\u017easis brolis m\u016bs\u0173 populiaraus Hercules Duffel, pasi\u016blantis visas tas pa\u010dias savybes, kurias \u017emon\u0117s m\u0117gsta. Su didele pagrindine skyriumi, pagalv\u0117l\u0117mis, \u0161e\u0161iomis i\u0161orin\u0117mis u\u017etrauktuk\u0173 ki\u0161en\u0117mis ir kieta apatine skyriumi \u0161is atsparus duflio krep\u0161ys sukurtas taip, kad j\u016bs\u0173 \u012franga b\u016bt\u0173 sutvarkyta ir apsaugota.<\/p>\n<p>U\u017erakinama YKK saugumo u\u017etrauktukais, Atlas Duffel u\u017etikrina, kad j\u016bs\u0173 daiktai b\u016bt\u0173 saug\u016bs net ir sunkiausiomis s\u0105lygomis. Prid\u0117ta lietaus danga suteikia papildom\u0105 apsaugos sluoksn\u012f, apsaugodama j\u016bs\u0173 \u012frang\u0105 nuo dr\u0117gm\u0117s ir dulki\u0173.<\/p>\n<p>Pasi\u017eymintis \u012fsp\u016bdingais 29,5 auk\u0161\u010dio x 16 plo\u010dio x 16 gylio matmenimis, su 5,844 c.i. \/ 95,77 l talpa ir 12 svar\u0173 12 uncij\u0173 svoriu, Atlas Duffel si\u016blo pakankamai vietos, kad sutalpint\u0173 visus j\u016bs\u0173 b\u016btinus daiktus. 4 coli\u0173 gylio apatinis skyrius suteikia patogi\u0105 viet\u0105 greitai pasiekiamoms daiktams laikyti.<\/p>\n<p>Pagamintas su kieta dugnin\u0117 danga ir patikimais ratukais, Atlas Duffel sukurtas atlaikyti kelioni\u0173 sunkumus. Jo vidin\u0117s ki\u0161en\u0117s ir reguliuojami lipuko skirstikliai leid\u017eia jums pritaikyti organizacij\u0105 pagal savo konkre\u010dius poreikius, padarydami j\u012f tobulu palydovu j\u016bs\u0173 nuotykiams.<\/p>\n","protected":false},"excerpt":{"rendered":"<p>Atlaso krep\u0161ys yra erdvus ir daugiafunkcis krep\u0161ys su kietu pagrindu, pagalvoti skyrikliai ir lietpaltis nuo oro s\u0105lyg\u0173.<\/p>\n","protected":false},"featured_media":696365,"template":"","meta":{"_acf_changed":false},"product_brand":[15146],"product_cat":[13681],"product_tag":[],"class_list":{"0":"post-696291","1":"product","2":"type-product","3":"status-publish","4":"has-post-thumbnail","6":"product_brand-eberlestock","7":"product_cat-saudyklos-krepsiai","9":"first","10":"instock","11":"taxable","12":"shipping-taxable","13":"purchasable","14":"product-type-variable","15":"wvs-archive-product-wrapper"},"acf":[],"_links":{"self":[{"href":"https:\/\/nbg.eu\/lt\/wp-json\/wp\/v2\/product\/696291","targetHints":{"allow":["GET"]}}],"collection":[{"href":"https:\/\/nbg.eu\/lt\/wp-json\/wp\/v2\/product"}],"about":[{"href":"https:\/\/nbg.eu\/lt\/wp-json\/wp\/v2\/types\/product"}],"wp:featuredmedia":[{"embeddable":true,"href":"https:\/\/nbg.eu\/lt\/wp-json\/wp\/v2\/media\/696365"}],"wp:attachment":[{"href":"https:\/\/nbg.eu\/lt\/wp-json\/wp\/v2\/media?parent=696291"}],"wp:term":[{"taxonomy":"product_brand","embeddable":true,"href":"https:\/\/nbg.eu\/lt\/wp-json\/wp\/v2\/product_brand?post=696291"},{"taxonomy":"product_cat","embeddable":true,"href":"https:\/\/nbg.eu\/lt\/wp-json\/wp\/v2\/product_cat?post=696291"},{"taxonomy":"product_tag","embeddable":true,"href":"https:\/\/nbg.eu\/lt\/wp-json\/wp\/v2\/product_tag?post=696291"}],"curies":[{"name":"wp","href":"https:\/\/api.w.org\/{rel}","templated":true}]}}