{"id":696690,"date":"2025-12-22T15:43:37","date_gmt":"2025-12-22T12:43:37","guid":{"rendered":"https:\/\/nbg.eu\/product\/misijos-puolimo-kuprine-multicam\/"},"modified":"2026-04-15T14:30:55","modified_gmt":"2026-04-15T11:30:55","slug":"misijos-puolimo-kuprine-multicam","status":"publish","type":"product","link":"https:\/\/nbg.eu\/lt\/produktas\/misijos-puolimo-kuprine-multicam\/","title":{"rendered":"Eberlestock \u0160turmo Kuprin\u0117 Mission &#8211; Multicam"},"content":{"rendered":"<h2>Misijos puolimo kuprin\u0117 &#8211; Multicam<\/h2>\n<p>Sukurta nuo pat pagrind\u0173 tam, kad b\u016bt\u0173 tinkama karui, Puolimo kuprin\u0117 derinasi su Misijos r\u0117mu, kad sudaryt\u0173 suderint\u0105, apkrov\u0105 laikan\u010di\u0105 sistem\u0105. Daugybe organizacini\u0173 funkcij\u0173, saugus ir reguliuojamas pritaikymas, bei spartus prieiga prie vidaus, Puolimo kuprin\u0117 palaiko jus taikinyje. Galimyb\u0117 toliau prid\u0117ti priedus ir funkcijas per Misijos EMOD sistem\u0105 dar labiau didina \u0161ios kuprin\u0117s galimybes.<\/p>\n<p>Sverianti 1 svar\u0105 12 uncij\u0173, Puolimo kuprin\u0117 pagaminta i\u0161 patvari\u0173 500D Ripstop med\u017eiag\u0173 ir turi didel\u012f 2,000 kubini\u0173 coli\u0173 t\u016br\u012f, kad sutalpint\u0173 j\u016bs\u0173 esminius daiktus.<\/p>\n","protected":false},"excerpt":{"rendered":"<p>Daugiafunkcin\u0117, modulin\u0117 \u0161turmo kuprin\u0117 su organizacin\u0117mis savyb\u0117mis ir EMOD suderinamumu.<\/p>\n","protected":false},"featured_media":696708,"template":"","meta":{"_acf_changed":false},"product_brand":[15146],"product_cat":[13685],"product_tag":[],"class_list":{"0":"post-696690","1":"product","2":"type-product","3":"status-publish","4":"has-post-thumbnail","6":"product_brand-eberlestock","7":"product_cat-kuprines","9":"first","10":"outofstock","11":"taxable","12":"shipping-taxable","13":"purchasable","14":"product-type-variable","15":"wvs-archive-product-wrapper"},"acf":[],"_links":{"self":[{"href":"https:\/\/nbg.eu\/lt\/wp-json\/wp\/v2\/product\/696690","targetHints":{"allow":["GET"]}}],"collection":[{"href":"https:\/\/nbg.eu\/lt\/wp-json\/wp\/v2\/product"}],"about":[{"href":"https:\/\/nbg.eu\/lt\/wp-json\/wp\/v2\/types\/product"}],"wp:featuredmedia":[{"embeddable":true,"href":"https:\/\/nbg.eu\/lt\/wp-json\/wp\/v2\/media\/696708"}],"wp:attachment":[{"href":"https:\/\/nbg.eu\/lt\/wp-json\/wp\/v2\/media?parent=696690"}],"wp:term":[{"taxonomy":"product_brand","embeddable":true,"href":"https:\/\/nbg.eu\/lt\/wp-json\/wp\/v2\/product_brand?post=696690"},{"taxonomy":"product_cat","embeddable":true,"href":"https:\/\/nbg.eu\/lt\/wp-json\/wp\/v2\/product_cat?post=696690"},{"taxonomy":"product_tag","embeddable":true,"href":"https:\/\/nbg.eu\/lt\/wp-json\/wp\/v2\/product_tag?post=696690"}],"curies":[{"name":"wp","href":"https:\/\/api.w.org\/{rel}","templated":true}]}}