{"id":696838,"date":"2025-12-22T15:47:55","date_gmt":"2025-12-22T12:47:55","guid":{"rendered":"https:\/\/nbg.eu\/product\/misija-arc-multicam\/"},"modified":"2026-04-15T14:30:51","modified_gmt":"2026-04-15T11:30:51","slug":"misija-arc-multicam","status":"publish","type":"product","link":"https:\/\/nbg.eu\/lt\/produktas\/misija-arc-multicam\/","title":{"rendered":"Eberlestock Mission ARC &#8211; Multicam"},"content":{"rendered":"<h2>Misija ARC-Multicam: Optimizuotas \u012frangos ne\u0161iklis operatyviniam efektyvumui<\/h2>\n<p>Misijos reguliuojamas \u0161autuv\u0173 ne\u0161iklis (ARC) yra funkcionalus i\u0161teklius specialistams, kuriems reikia ne\u0161ti papildom\u0105 turt\u0105 lauke. ARC didina operatyvin\u012f paj\u0117gum\u0105 ir yra sukurtas derinti su Misijos EMOD r\u0117mu ir Misijos u\u017etrauktuvo pl\u0117tiniu. Pritvirtinant prie Misijos r\u0117mo nugaros per MOLLE audin\u012f, ARC funkcionuoja kaip ne\u0161iklis tiksliniams \u0161autuvams, AR stiliaus platformoms ir gali perve\u017eti kit\u0105 b\u016btin\u0105 \u012frang\u0105.\n<\/p>\n<p>Misijos s\u0117km\u0117 priklauso nuo tikslaus laiko, tikslumo ir turim\u0173 i\u0161tekli\u0173 veiksmingo dislokavimo. ARC buvo sukurtas, kad patenkint\u0173 \u012frangos poreikius bet kurioje aplinkoje. Pasi\u017eymintis 500D med\u017eiaga, reguliuojamu pagrindu, MOLLE audiniu, laikymo dir\u017eais ir sustiprintu Hypalon pagrindu, Misijos ARC-Multicam yra suprojektuotas optimizuoti \u012frangos organizavim\u0105 ir prieinamum\u0105 lauke.\n<\/p>\n<p>Matmenys: 15 col. Auk\u0161tis x 3 col. Plotis<\/p>\n","protected":false},"excerpt":{"rendered":"<p>Misijos ARC-Multicam yra funkcionalus, reguliuojamas \u0161aunamojo ginklo ne\u0161ykl\u0117, kuri tvirtinama prie Misijos EMOD r\u0117mo, leid\u017eianti transportuoti tiksliuosius \u0161autuvus, AR tipo platformas ir b\u016btinas misijos \u012frang\u0105.<\/p>\n","protected":false},"featured_media":696860,"template":"","meta":{"_acf_changed":false},"product_brand":[15146],"product_cat":[13685],"product_tag":[],"class_list":{"0":"post-696838","1":"product","2":"type-product","3":"status-publish","4":"has-post-thumbnail","6":"product_brand-eberlestock","7":"product_cat-kuprines","9":"first","10":"instock","11":"taxable","12":"shipping-taxable","13":"purchasable","14":"product-type-variable","15":"wvs-archive-product-wrapper"},"acf":[],"_links":{"self":[{"href":"https:\/\/nbg.eu\/lt\/wp-json\/wp\/v2\/product\/696838","targetHints":{"allow":["GET"]}}],"collection":[{"href":"https:\/\/nbg.eu\/lt\/wp-json\/wp\/v2\/product"}],"about":[{"href":"https:\/\/nbg.eu\/lt\/wp-json\/wp\/v2\/types\/product"}],"wp:featuredmedia":[{"embeddable":true,"href":"https:\/\/nbg.eu\/lt\/wp-json\/wp\/v2\/media\/696860"}],"wp:attachment":[{"href":"https:\/\/nbg.eu\/lt\/wp-json\/wp\/v2\/media?parent=696838"}],"wp:term":[{"taxonomy":"product_brand","embeddable":true,"href":"https:\/\/nbg.eu\/lt\/wp-json\/wp\/v2\/product_brand?post=696838"},{"taxonomy":"product_cat","embeddable":true,"href":"https:\/\/nbg.eu\/lt\/wp-json\/wp\/v2\/product_cat?post=696838"},{"taxonomy":"product_tag","embeddable":true,"href":"https:\/\/nbg.eu\/lt\/wp-json\/wp\/v2\/product_tag?post=696838"}],"curies":[{"name":"wp","href":"https:\/\/api.w.org\/{rel}","templated":true}]}}