{"id":697064,"date":"2025-12-22T16:18:10","date_gmt":"2025-12-22T13:18:10","guid":{"rendered":"https:\/\/nbg.eu\/product\/misija-uztrauktuvo-prailginimas-multicam\/"},"modified":"2026-04-15T14:30:48","modified_gmt":"2026-04-15T11:30:48","slug":"misija-uztrauktuvo-prailginimas-multicam","status":"publish","type":"product","link":"https:\/\/nbg.eu\/lt\/produktas\/misija-uztrauktuvo-prailginimas-multicam\/","title":{"rendered":"Eberlestock U\u017etrauktuko Ilgintuvas Mission EMOD &#8211; Multicam"},"content":{"rendered":"<h2>Misijos u\u017etrauktuvo prailginimas &#8211; Multicam<\/h2>\n<p>Misijos u\u017etrauktuvo prailginimas derina paskirt\u012f ir naudingum\u0105 operatoriui. U\u017etrauktuvo prailginimas pritvirtinamas prie Misijos EMOD r\u0117mo priekin\u0117s dalies ir yra skirtas naudoti su Misijos ARC ir Misijos pakuote, kad padidintum\u0117te savo \u012frangos talp\u0105 ir universalum\u0105. MOLLE audinio ir dvigubos 500D laminato konstrukcija suteikia jums reikiamas savybes, kad efektyviai tvarkytum\u0117te kabelius, nukreiptum\u0117te antenas ir pritvirtintum\u0117te tourniquetus. Misijos u\u017etrauktuvo prailginimas yra svarbus priedas, sustiprinantis j\u016bs\u0173 veikl\u0105 lauke.<\/p>\n<h2>Matmenys<\/h2>\n<p>Matmenys: 15&#8243; x 3&#8243;<\/p>\n<h2>Savyb\u0117s<\/h2>\n<ul>\n<li>500D audinys<\/li>\n<li>YKK u\u017etrauktukai<\/li>\n<li>Dviguba laminato konstrukcija<\/li>\n<\/ul>\n","protected":false},"excerpt":{"rendered":"<p>Misija U\u017etrauktukas Prapl\u0117timas &#8211; Multicam padidina \u012frangos talpum\u0105 su MOLLE audiniais ir 500D laminatine konstrukcija kabeli\u0173 valdymui ir antenos nukreipimui.<\/p>\n","protected":false},"featured_media":697089,"template":"","meta":{"_acf_changed":false},"product_brand":[15146],"product_cat":[13685],"product_tag":[],"class_list":{"0":"post-697064","1":"product","2":"type-product","3":"status-publish","4":"has-post-thumbnail","6":"product_brand-eberlestock","7":"product_cat-kuprines","9":"first","10":"instock","11":"taxable","12":"shipping-taxable","13":"purchasable","14":"product-type-variable","15":"wvs-archive-product-wrapper"},"acf":[],"_links":{"self":[{"href":"https:\/\/nbg.eu\/lt\/wp-json\/wp\/v2\/product\/697064","targetHints":{"allow":["GET"]}}],"collection":[{"href":"https:\/\/nbg.eu\/lt\/wp-json\/wp\/v2\/product"}],"about":[{"href":"https:\/\/nbg.eu\/lt\/wp-json\/wp\/v2\/types\/product"}],"wp:featuredmedia":[{"embeddable":true,"href":"https:\/\/nbg.eu\/lt\/wp-json\/wp\/v2\/media\/697089"}],"wp:attachment":[{"href":"https:\/\/nbg.eu\/lt\/wp-json\/wp\/v2\/media?parent=697064"}],"wp:term":[{"taxonomy":"product_brand","embeddable":true,"href":"https:\/\/nbg.eu\/lt\/wp-json\/wp\/v2\/product_brand?post=697064"},{"taxonomy":"product_cat","embeddable":true,"href":"https:\/\/nbg.eu\/lt\/wp-json\/wp\/v2\/product_cat?post=697064"},{"taxonomy":"product_tag","embeddable":true,"href":"https:\/\/nbg.eu\/lt\/wp-json\/wp\/v2\/product_tag?post=697064"}],"curies":[{"name":"wp","href":"https:\/\/api.w.org\/{rel}","templated":true}]}}