{"id":697211,"date":"2025-12-22T16:34:07","date_gmt":"2025-12-22T13:34:07","guid":{"rendered":"https:\/\/nbg.eu\/product\/misijos-remas-emod-multicam\/"},"modified":"2026-04-15T14:30:44","modified_gmt":"2026-04-15T11:30:44","slug":"misijos-remas-emod-multicam","status":"publish","type":"product","link":"https:\/\/nbg.eu\/lt\/produktas\/misijos-remas-emod-multicam\/","title":{"rendered":"Eberlestock R\u0117mas Mission EMOD &#8211; Multicam"},"content":{"rendered":"<h2>Misija R\u0117mas &#8211; EMOD &#8211; Multicam<\/h2>\n<p>Misijos EMOD pagrindas, Misijos R\u0117mas, suteikia tvirta, modulin\u0117 ir kompakti\u0161ka i\u0161eities ta\u0161kas j\u016bs\u0173 naujam apkrovimui. Su begal\u0117mis valandomis, sugai\u0161tomis bandymams ir pl\u0117trai kartu su SOF operatoriais i\u0161 kiekvienos paj\u0117g\u0173 r\u016b\u0161ies, \u0161is r\u0117mas buvo sukurtas, kad tikt\u0173 ir veikt\u0173 skland\u017eiai kartu su j\u016bs\u0173 \u012franga, esant tiek ant, tiek ir ne ant j\u016bs\u0173.<\/p>\n<p>Matmenys: 2 LB 15 OZ<\/p>\n","protected":false},"excerpt":{"rendered":"<p>Misijos r\u0117mas EMOD &#8211; Multicam: atsparus, modulinis ir kompakti\u0161kas i\u0161eities ta\u0161kas j\u016bs\u0173 apkrovai, skirtas speciali\u0173j\u0173 operacij\u0173 paj\u0117g\u0173 operatoriams.<\/p>\n","protected":false},"featured_media":697353,"template":"","meta":{"_acf_changed":false},"product_brand":[15146],"product_cat":[13685],"product_tag":[],"class_list":{"0":"post-697211","1":"product","2":"type-product","3":"status-publish","4":"has-post-thumbnail","6":"product_brand-eberlestock","7":"product_cat-kuprines","9":"first","10":"instock","11":"taxable","12":"shipping-taxable","13":"purchasable","14":"product-type-variable","15":"wvs-archive-product-wrapper"},"acf":[],"_links":{"self":[{"href":"https:\/\/nbg.eu\/lt\/wp-json\/wp\/v2\/product\/697211","targetHints":{"allow":["GET"]}}],"collection":[{"href":"https:\/\/nbg.eu\/lt\/wp-json\/wp\/v2\/product"}],"about":[{"href":"https:\/\/nbg.eu\/lt\/wp-json\/wp\/v2\/types\/product"}],"wp:featuredmedia":[{"embeddable":true,"href":"https:\/\/nbg.eu\/lt\/wp-json\/wp\/v2\/media\/697353"}],"wp:attachment":[{"href":"https:\/\/nbg.eu\/lt\/wp-json\/wp\/v2\/media?parent=697211"}],"wp:term":[{"taxonomy":"product_brand","embeddable":true,"href":"https:\/\/nbg.eu\/lt\/wp-json\/wp\/v2\/product_brand?post=697211"},{"taxonomy":"product_cat","embeddable":true,"href":"https:\/\/nbg.eu\/lt\/wp-json\/wp\/v2\/product_cat?post=697211"},{"taxonomy":"product_tag","embeddable":true,"href":"https:\/\/nbg.eu\/lt\/wp-json\/wp\/v2\/product_tag?post=697211"}],"curies":[{"name":"wp","href":"https:\/\/api.w.org\/{rel}","templated":true}]}}