{"id":697534,"date":"2025-12-22T17:34:47","date_gmt":"2025-12-22T14:34:47","guid":{"rendered":"https:\/\/nbg.eu\/product\/smugio-smugio-diapazono-krepsys\/"},"modified":"2026-04-15T14:30:36","modified_gmt":"2026-04-15T11:30:36","slug":"smugio-smugio-diapazono-krepsys","status":"publish","type":"product","link":"https:\/\/nbg.eu\/lt\/produktas\/smugio-smugio-diapazono-krepsys\/","title":{"rendered":"Eberlestock \u0160audyklos Krep\u0161ys Bang-Bang"},"content":{"rendered":"<h2>Spragos-Spragos \u0160audymo Krep\u0161ys<\/h2>\n<p>Spragos-Spragos\u2122 buvo sukurtas kaip kompakti\u0161kas \u0161audymo krep\u0161ys, skirtas sulaikyti vis\u0105 j\u016bs\u0173 b\u016btin\u0105 \u012frang\u0105 ir apsaugoti j\u0105 nuo aplinkos. Polikarbonato dugnas padaro krep\u0161\u012f nepralaid\u0173 \u0161lapiai \u017eemei, akmenims, \u0161iuk\u0161l\u0117ms ir \u0161audyklos dulk\u0117ms.<\/p>\n<p>Pagrindin\u0117je skyriuje yra reguliuojami, pagal dyd\u012f pritaikomi skyriai, kad medicinos daiktai, \u012frankiai, fotoaparato \u012franga ir \u0161audykl\u0173 \u012franga b\u016bt\u0173 saug\u016bs ir suorganizuoti. Apatinis skyrius yra puikus vartoklams, \u012frankiams ar net kompakti\u0161kai karabinui.<\/p>\n<h2>Matmenys<\/h2>\n<p>Talpa: 2062,5 c.i. \/ 33,80L<br \/>\nSvoris: 4 svarai<br \/>\nMatmenys: 10,25 auk\u0161\u010dio x 21 plo\u010dio x 10 gylio<br \/>\nApatinio skyriaus specifikacijos 21,5&#8243; ilgio x 9,5&#8243; plo\u010dio x 2&#8243; gylio<\/p>\n<h2>Savyb\u0117s<\/h2>\n<ul>\n<li>Polikarbonato dugno danga<\/li>\n<li>Pagal dyd\u012f pritaikomas pagrindin\u0117s kameros skyrius<\/li>\n<li>Reguliuojama peties apkaba<\/li>\n<li>Pritaikomos organizacin\u0117s skyrikl\u0117s<\/li>\n<li>Apatinis skyrius saugiam saugojimui<\/li>\n<\/ul>\n","protected":false},"excerpt":{"rendered":"<p>Sprogimo-sprogimo diapazono krep\u0161ys yra kompakti\u0161kas, atsparus krep\u0161ys su polikarbonato pagrindu ir konfig\u016bruojamu vidumi, skirtas apsaugoti j\u016bs\u0173 esminius \u012frankius.<\/p>\n","protected":false},"featured_media":697560,"template":"","meta":{"_acf_changed":false},"product_brand":[15146],"product_cat":[13681],"product_tag":[],"class_list":{"0":"post-697534","1":"product","2":"type-product","3":"status-publish","4":"has-post-thumbnail","6":"product_brand-eberlestock","7":"product_cat-saudyklos-krepsiai","9":"first","10":"instock","11":"taxable","12":"shipping-taxable","13":"purchasable","14":"product-type-variable","15":"wvs-archive-product-wrapper"},"acf":[],"_links":{"self":[{"href":"https:\/\/nbg.eu\/lt\/wp-json\/wp\/v2\/product\/697534","targetHints":{"allow":["GET"]}}],"collection":[{"href":"https:\/\/nbg.eu\/lt\/wp-json\/wp\/v2\/product"}],"about":[{"href":"https:\/\/nbg.eu\/lt\/wp-json\/wp\/v2\/types\/product"}],"wp:featuredmedia":[{"embeddable":true,"href":"https:\/\/nbg.eu\/lt\/wp-json\/wp\/v2\/media\/697560"}],"wp:attachment":[{"href":"https:\/\/nbg.eu\/lt\/wp-json\/wp\/v2\/media?parent=697534"}],"wp:term":[{"taxonomy":"product_brand","embeddable":true,"href":"https:\/\/nbg.eu\/lt\/wp-json\/wp\/v2\/product_brand?post=697534"},{"taxonomy":"product_cat","embeddable":true,"href":"https:\/\/nbg.eu\/lt\/wp-json\/wp\/v2\/product_cat?post=697534"},{"taxonomy":"product_tag","embeddable":true,"href":"https:\/\/nbg.eu\/lt\/wp-json\/wp\/v2\/product_tag?post=697534"}],"curies":[{"name":"wp","href":"https:\/\/api.w.org\/{rel}","templated":true}]}}