{"id":697984,"date":"2025-12-22T17:41:31","date_gmt":"2025-12-22T14:41:31","guid":{"rendered":"https:\/\/nbg.eu\/product\/pazangus-paketas\/"},"modified":"2026-01-07T13:14:45","modified_gmt":"2026-01-07T10:14:45","slug":"pazangus-paketas","status":"publish","type":"product","link":"https:\/\/nbg.eu\/lt\/produktas\/pazangus-paketas\/","title":{"rendered":"Pa\u017eangus paketas"},"content":{"rendered":"<h2>UpRanger kuprin\u0117: Revoliucionizuokite savo 3-Gun ir lauko \u012frangos ne\u0161im\u0105<\/h2>\n<p>\u012ekv\u0117pta \u010dempiono 3-Gunner poreiki\u0173, UpRanger\u2122 kuprin\u0117 kei\u010dia \u017eaidim\u0105. Suprojektuota taip, kad b\u016bt\u0173 numesta ant savo atsparios polikarbonato i\u0161orin\u0117s pus\u0117s, kuprin\u0119 galima atidaryti nuo aprai\u0161\u0173 pus\u0117s, kad greitai pasiektum\u0117te savo \u012frang\u0105, nesukeldama nereikalingo d\u0117v\u0117jimosi ar purvo. Nesvarbu, ar j\u0105 naudojate \u0161audykloje, kaip atspari\u0105 fotoaparato krep\u0161\u012f ar bet kokiam kitam lauko nuotykiui, UpRanger turi talp\u0105 ir ypatybi\u0173, kad su viskuo susidorot\u0173.<\/p>\n<p>Su erdvia 3260 kubini\u0173 coli\u0173 (53,4 l) talpa ir sverianti tik 6,45 svar\u0173, UpRanger yra labai paj\u0117gi, ta\u010diau lengva kuprin\u0117. Jos pagalv\u0117ta, reguliuojama pe\u010di\u0173 aprai\u0161\u0173 sistema u\u017etikrina patog\u0173 ne\u0161im\u0105, o konfig\u016bruojami skyriai leid\u017eia pritaikyti vidin\u0119 i\u0161d\u0117stymo tvark\u0105 pagal konkre\u010dius j\u016bs\u0173 poreikius. Papildomai apsaugai kuprin\u0117 suderinama su m\u016bs\u0173 Dideliu Reversibiliu lietaus gaubtu, kad saugot\u0173 j\u016bs\u0173 \u012frang\u0105 esant blogam orui.<\/p>\n<p>Norint tur\u0117ti geriausi\u0105 3-Gun \u012frang\u0105, suderinkite UpRanger su m\u016bs\u0173 Sidewinder \u0161autuv\u0173 d\u0117klais vienam sprendimui, kuris laiko j\u016bs\u0173 \u0161aunamuosius ginklus saugiai ir lengvai pasiekiamus. Nuimami \u0161oniniai sparno skydeliai suteikia papildomos universalumo, leid\u017eian\u010dios konfig\u016bruoti kuprin\u0119 pagal j\u016bs\u0173 unikalius reikalavimus.<\/p>\n<p>Pakelkite savo lauko \u012frangos valdym\u0105 su inovatyvia UpRanger kuprine, sukurta palengvinti j\u016bs\u0173 veikl\u0105 ir i\u0161laikyti esmin\u0119 \u012frang\u0105 organizuot\u0105 ir apsaugot\u0105.<\/p>\n","protected":false},"excerpt":{"rendered":"<p>Universalus 3 ginkl\u0173 krep\u0161ys su polikarbonato pagrindu, u\u017etikrinantis greit\u0105 ir neu\u017eter\u0161t\u0105 pri\u0117jim\u0105.<\/p>\n","protected":false},"featured_media":696437,"template":"","meta":{"_acf_changed":false},"product_brand":[15146],"product_cat":[13685],"product_tag":[],"class_list":{"0":"post-697984","1":"product","2":"type-product","3":"status-publish","4":"has-post-thumbnail","6":"product_brand-eberlestock","7":"product_cat-kuprines","9":"first","10":"instock","11":"taxable","12":"shipping-taxable","13":"purchasable","14":"product-type-variable","15":"wvs-archive-product-wrapper"},"acf":[],"_links":{"self":[{"href":"https:\/\/nbg.eu\/lt\/wp-json\/wp\/v2\/product\/697984","targetHints":{"allow":["GET"]}}],"collection":[{"href":"https:\/\/nbg.eu\/lt\/wp-json\/wp\/v2\/product"}],"about":[{"href":"https:\/\/nbg.eu\/lt\/wp-json\/wp\/v2\/types\/product"}],"wp:featuredmedia":[{"embeddable":true,"href":"https:\/\/nbg.eu\/lt\/wp-json\/wp\/v2\/media\/696437"}],"wp:attachment":[{"href":"https:\/\/nbg.eu\/lt\/wp-json\/wp\/v2\/media?parent=697984"}],"wp:term":[{"taxonomy":"product_brand","embeddable":true,"href":"https:\/\/nbg.eu\/lt\/wp-json\/wp\/v2\/product_brand?post=697984"},{"taxonomy":"product_cat","embeddable":true,"href":"https:\/\/nbg.eu\/lt\/wp-json\/wp\/v2\/product_cat?post=697984"},{"taxonomy":"product_tag","embeddable":true,"href":"https:\/\/nbg.eu\/lt\/wp-json\/wp\/v2\/product_tag?post=697984"}],"curies":[{"name":"wp","href":"https:\/\/api.w.org\/{rel}","templated":true}]}}