{"id":698306,"date":"2025-12-22T17:45:44","date_gmt":"2025-12-22T14:45:44","guid":{"rendered":"https:\/\/nbg.eu\/product\/zemes-snaudos-saudymo-kilimelis\/"},"modified":"2026-04-15T14:30:33","modified_gmt":"2026-04-15T11:30:33","slug":"zemes-snaudos-saudymo-kilimelis","status":"publish","type":"product","link":"https:\/\/nbg.eu\/lt\/produktas\/zemes-snaudos-saudymo-kilimelis\/","title":{"rendered":"Eberlestock \u0160audymo Kilim\u0117lis Dirt Nap"},"content":{"rendered":"<h2>\u201eDirt Nap&#8221; \u0161audymo kilim\u0117lis: optimizuotas patogumui \u0161audant gulomis ir patogumui<\/h2>\n<p>\u201eDirt Nap&#8221; \u0161audymo kilim\u0117lis yra ypa\u010d suprojektuotas ir prioritetinis \u0161audymui gulomis. Jis pagerina j\u016bs\u0173 i\u0161vykas su auk\u0161tesniu komfortu ir praktikumu, padarydamas j\u012f b\u016btinu papildymu j\u016bs\u0173 dienos poligono rinkiniui.<\/p>\n<p>\u201eDirt Nap&#8221; turi individualiai pagalv\u0117tas l\u0105steles, kurios sukuria nat\u016bralias rauk\u0161les, leid\u017eian\u010dias lengvai sulenkti ir kompakti\u0161kai laikyti. Su visu pirimu vir\u0161utin\u0117je dalyje ir i\u0161ple\u010diamu \u017eemyn per vidurin\u0119 nugaros dal\u012f, jis suteikia maksimal\u0173 komfort\u0105 b\u016btent ten, kur jums to labiausiai reikia.<\/p>\n<p>Matavimas 94 colius ilgio ir 34 colius plo\u010dio, sulankstomas iki kompakti\u0161k\u0173 12 coli\u0173 x 17 coli\u0173, \u201eDirt Nap&#8221; \u0161audymo kilim\u0117lis sveria tik 4 svarus ir 13 uncij\u0173. Jo tvirta 600D PVC padengta nailono konstrukcija, PVC padengtas apa\u010dia ir patogus ne\u0161imo rankena j\u012f daro atsparia ir prakti\u0161ka pasirinkim\u0105 bet kuriam \u0161audytojui.<\/p>\n<p>Saugojimo lie\u017euvis su 20 mm dir\u017eais ir sagtimis u\u017etikrina, kad j\u016bs\u0173 \u201eDirt Nap&#8221; i\u0161liks saugiai vietoje, o apgalvotos projektavimo funkcijos j\u012f padaro b\u016btinu \u012frangos kiekiu j\u016bs\u0173 kitai poligono dienai.<\/p>\n","protected":false},"excerpt":{"rendered":"<p>\u0160audymo kilim\u0117lis &#8222;Dirt Nap&#8221; &#8211; eksperti\u0161kai suprojektuotas \u0161audymui gulint, u\u017etikrinantis auk\u0161t\u0105 komfort\u0105 ir prakti\u0161kum\u0105.<\/p>\n","protected":false},"featured_media":698496,"template":"","meta":{"_acf_changed":false},"product_brand":[15146],"product_cat":[13749],"product_tag":[],"class_list":{"0":"post-698306","1":"product","2":"type-product","3":"status-publish","4":"has-post-thumbnail","6":"product_brand-eberlestock","7":"product_cat-iranga","9":"first","10":"instock","11":"taxable","12":"shipping-taxable","13":"purchasable","14":"product-type-variable","15":"wvs-archive-product-wrapper"},"acf":[],"_links":{"self":[{"href":"https:\/\/nbg.eu\/lt\/wp-json\/wp\/v2\/product\/698306","targetHints":{"allow":["GET"]}}],"collection":[{"href":"https:\/\/nbg.eu\/lt\/wp-json\/wp\/v2\/product"}],"about":[{"href":"https:\/\/nbg.eu\/lt\/wp-json\/wp\/v2\/types\/product"}],"wp:featuredmedia":[{"embeddable":true,"href":"https:\/\/nbg.eu\/lt\/wp-json\/wp\/v2\/media\/698496"}],"wp:attachment":[{"href":"https:\/\/nbg.eu\/lt\/wp-json\/wp\/v2\/media?parent=698306"}],"wp:term":[{"taxonomy":"product_brand","embeddable":true,"href":"https:\/\/nbg.eu\/lt\/wp-json\/wp\/v2\/product_brand?post=698306"},{"taxonomy":"product_cat","embeddable":true,"href":"https:\/\/nbg.eu\/lt\/wp-json\/wp\/v2\/product_cat?post=698306"},{"taxonomy":"product_tag","embeddable":true,"href":"https:\/\/nbg.eu\/lt\/wp-json\/wp\/v2\/product_tag?post=698306"}],"curies":[{"name":"wp","href":"https:\/\/api.w.org\/{rel}","templated":true}]}}