{"id":698724,"date":"2025-12-22T17:51:28","date_gmt":"2025-12-22T14:51:28","guid":{"rendered":"https:\/\/nbg.eu\/product\/lodrag-ii-pack\/"},"modified":"2026-04-15T14:30:29","modified_gmt":"2026-04-15T11:30:29","slug":"lodrag-ii-pack","status":"publish","type":"product","link":"https:\/\/nbg.eu\/lt\/produktas\/lodrag-ii-pack\/","title":{"rendered":"Eberlestock Kuprin\u0117 LoDrag II"},"content":{"rendered":"<h2>X31 LoDrag II\u2122 Taktinis kuprin\u0117<\/h2>\n<p>Suprojektuota b\u016bti labai funkcionaliai, lengvai taktinei kuprinei, taip pat \u012ftraukianti taktin\u0117s ginklo dyd\u017eio pochv\u0105, X31 LoDrag II\u2122 tapo standartine precizini\u0173 \u0161autuv\u0173 pasaulyje. Pagrindin\u0117je skyriuje LoDrag II turi sulankstom\u0105 lentyn\u0117l\u0119, kad atskirti vir\u0161uje ir apa\u010dioje esan\u010di\u0105 apkrov\u0105, taip pat hidracijos d\u0117kl\u0105 m\u016bs\u0173 2L ir 3L hidracijos sistemoms. \u0160oniniai suglaudinimo dir\u017eai turi HD 25mm sags\u010di\u0173, skirt\u0173 greitam daikt\u0173, suspausti prie kuprin\u0117s \u0161ono, atlaisvinimui.<\/p>\n<h2>Matmenys<\/h2>\n<p>T\u016bris: 2290 c.i. \/ 37.5L<br \/>\nSvoris: 6.85 svarai<br \/>\nMatmenys: 22.5A x 11P x 11.75G<br \/>\nPochvos matmenys: 34&#8243; A x 10&#8243; P x 3G<\/p>\n<h2>Savyb\u0117s<\/h2>\n<ul>\n<li>Taktin\u0117 ginklo pochva<\/li>\n<li>Sulankstoma lentyn\u0117l\u0117, kad atskirti vir\u0161uje ir apa\u010dioje esan\u010di\u0105 apkrov\u0105<\/li>\n<li>Pridedama lietus apsauga<\/li>\n<li>Hidracijos d\u0117klas<\/li>\n<\/ul>\n","protected":false},"excerpt":{"rendered":"<p>Lengvasis takti\u0161kasis kuprin\u0117 su ginklo dyd\u017eio mak\u0161ties, sulankstoma lentyna ir hidratacijos rankove.<\/p>\n","protected":false},"featured_media":698779,"template":"","meta":{"_acf_changed":false},"product_brand":[15146],"product_cat":[13685],"product_tag":[],"class_list":{"0":"post-698724","1":"product","2":"type-product","3":"status-publish","4":"has-post-thumbnail","6":"product_brand-eberlestock","7":"product_cat-kuprines","9":"first","10":"instock","11":"taxable","12":"shipping-taxable","13":"purchasable","14":"product-type-variable","15":"wvs-archive-product-wrapper"},"acf":[],"_links":{"self":[{"href":"https:\/\/nbg.eu\/lt\/wp-json\/wp\/v2\/product\/698724","targetHints":{"allow":["GET"]}}],"collection":[{"href":"https:\/\/nbg.eu\/lt\/wp-json\/wp\/v2\/product"}],"about":[{"href":"https:\/\/nbg.eu\/lt\/wp-json\/wp\/v2\/types\/product"}],"wp:featuredmedia":[{"embeddable":true,"href":"https:\/\/nbg.eu\/lt\/wp-json\/wp\/v2\/media\/698779"}],"wp:attachment":[{"href":"https:\/\/nbg.eu\/lt\/wp-json\/wp\/v2\/media?parent=698724"}],"wp:term":[{"taxonomy":"product_brand","embeddable":true,"href":"https:\/\/nbg.eu\/lt\/wp-json\/wp\/v2\/product_brand?post=698724"},{"taxonomy":"product_cat","embeddable":true,"href":"https:\/\/nbg.eu\/lt\/wp-json\/wp\/v2\/product_cat?post=698724"},{"taxonomy":"product_tag","embeddable":true,"href":"https:\/\/nbg.eu\/lt\/wp-json\/wp\/v2\/product_tag?post=698724"}],"curies":[{"name":"wp","href":"https:\/\/api.w.org\/{rel}","templated":true}]}}