{"id":699105,"date":"2025-12-22T17:57:48","date_gmt":"2025-12-22T14:57:48","guid":{"rendered":"https:\/\/nbg.eu\/product\/saulio-ii-paketas\/"},"modified":"2026-04-15T14:30:25","modified_gmt":"2026-04-15T11:30:25","slug":"saulio-ii-paketas","status":"publish","type":"product","link":"https:\/\/nbg.eu\/lt\/produktas\/saulio-ii-paketas\/","title":{"rendered":"Eberlestock Kuprin\u0117 G2 Gunslinger II"},"content":{"rendered":"<h2>\u201eGunslinger II\u2122&#8221; taktin\u0117 kuprin\u0117<\/h2>\n<p>\u201eGunslinger II\u2122&#8221; yra vidutinio dyd\u017eio taktin\u0117 kuprin\u0117 su visa plo\u010dio mak\u0161ties d\u0117klu, kad geriau tikt\u0173 ginklams su didesniais skerspj\u016bviais ar stambiais optikiniais prietaisais. Platus mak\u0161ties d\u0117klas taip pat leid\u017eia jam tarnauti kaip puikus ne\u0161iojamojo kompiuterio ar karin\u0117s radijo stoties skyrius. Net ir sulankstyta mak\u0161tis, ji tiks daugumai trumpavamzd\u017ei\u0173 \u0161autuv\u0173. \u201eGunslinger II&#8221; turi 2100 kubini\u0173 coli\u0173 talp\u0105 ir standarti\u0161kai komplektuojamas su m\u016bs\u0173 vamzdiniu \u201eIntex-II\u2122&#8221; laikikliu be lentyn\u0173, visi\u0161kai reguliuojama dir\u017e\u0173 sistema ir pamink\u0161tinta juosmens juosta.<\/p>\n<h2>Matmenys<\/h2>\n<p>Kuprin\u0117s t\u016bris: 2 100 kub. c. \/ 34,41 l<br \/>\nMak\u0161ties t\u016bris: 600 kub. c.<br \/>\n-Bendras t\u016bris: 44 litrai \/ 2 700 kub. c.<br \/>\n-Svoris: 6 sv. ir 8 oz.<br \/>\n-Pagrindinio mai\u0161o matmenys: 22 col. auk\u0161tis x 10 col. plotis x 8 col. gylis<br \/>\n-Mak\u0161ties matmenys: 34 col. ilgis x 10 col. plotis x 3 col. gylis, su 26 col. apimties anga. GSTC danga leid\u017eia gabenti ginklus iki 60 col. ilgio.<br \/>\n-Faktinis svoris: 6,5 sv. (su GSTC).<\/p>\n<h2>Savyb\u0117s<\/h2>\n<p>Vir\u0161utinio dang\u010dio ki\u0161en\u0117<br \/>\n-Pakrovimo skyrius<br \/>\n-Ki\u0161en\u0117s vandens buteliui<br \/>\n-Integruota ginklo mak\u0161tis<br \/>\n-Grapple sutraukimo dir\u017eai<br \/>\n-Vir\u0161uje u\u017etraukiama ir priekyje u\u017esegama<br \/>\n-\u201eIntex II&#8221; vamzdinis r\u0117mas<\/p>\n","protected":false},"excerpt":{"rendered":"<p>Gunslinger II\u2122 yra vidutinio dyd\u017eio taktinis kuprin\u0117 su pilno plo\u010dio mak\u0161timi, kad geriau tikt\u0173 ginklams su didesniu skerspj\u016bviu ar stambiais optikiniais prietaisais.<\/p>\n","protected":false},"featured_media":699159,"template":"","meta":{"_acf_changed":false},"product_brand":[15146],"product_cat":[13685],"product_tag":[],"class_list":{"0":"post-699105","1":"product","2":"type-product","3":"status-publish","4":"has-post-thumbnail","6":"product_brand-eberlestock","7":"product_cat-kuprines","9":"first","10":"instock","11":"taxable","12":"shipping-taxable","13":"purchasable","14":"product-type-variable","15":"wvs-archive-product-wrapper"},"acf":[],"_links":{"self":[{"href":"https:\/\/nbg.eu\/lt\/wp-json\/wp\/v2\/product\/699105","targetHints":{"allow":["GET"]}}],"collection":[{"href":"https:\/\/nbg.eu\/lt\/wp-json\/wp\/v2\/product"}],"about":[{"href":"https:\/\/nbg.eu\/lt\/wp-json\/wp\/v2\/types\/product"}],"wp:featuredmedia":[{"embeddable":true,"href":"https:\/\/nbg.eu\/lt\/wp-json\/wp\/v2\/media\/699159"}],"wp:attachment":[{"href":"https:\/\/nbg.eu\/lt\/wp-json\/wp\/v2\/media?parent=699105"}],"wp:term":[{"taxonomy":"product_brand","embeddable":true,"href":"https:\/\/nbg.eu\/lt\/wp-json\/wp\/v2\/product_brand?post=699105"},{"taxonomy":"product_cat","embeddable":true,"href":"https:\/\/nbg.eu\/lt\/wp-json\/wp\/v2\/product_cat?post=699105"},{"taxonomy":"product_tag","embeddable":true,"href":"https:\/\/nbg.eu\/lt\/wp-json\/wp\/v2\/product_tag?post=699105"}],"curies":[{"name":"wp","href":"https:\/\/api.w.org\/{rel}","templated":true}]}}