{"id":699643,"date":"2025-12-22T18:02:07","date_gmt":"2025-12-22T15:02:07","guid":{"rendered":"https:\/\/nbg.eu\/product\/dvigubas-lietaus-uzdangalas\/"},"modified":"2026-04-15T14:30:21","modified_gmt":"2026-04-15T11:30:21","slug":"dvigubas-lietaus-uzdangalas","status":"publish","type":"product","link":"https:\/\/nbg.eu\/lt\/produktas\/dvigubas-lietaus-uzdangalas\/","title":{"rendered":"Eberlestock \u017di\u016brono Lietaus Apsauga Recon"},"content":{"rendered":"<h2>Bino lietaus skydas: kompakti\u0161kas ir lengvas apsaugos sprendimas j\u016bs\u0173 optikai<\/h2>\n<p>Bino lietaus skydas yra universalus ir kompakti\u0161kas sprendimas, skirtas apsaugoti j\u016bs\u0173 \u017ei\u016bronus nuo dr\u0117gm\u0117s ir aplinkos s\u0105lyg\u0173. Sukurtas taip, kad skland\u017eiai integruot\u0173si su Recon Bino apkaba, \u0161is lietaus skydas u\u017etikrina patikim\u0105 apsaug\u0105 ir patogum\u0105.<\/p>\n<p>Pagamintas i\u0161 tvirtos, lengvos med\u017eiagos, Bino lietaus skydas \u012fsideda \u012f pateikiam\u0105 d\u0117kl\u0105, tod\u0117l j\u012f lengva ne\u0161iotis ir prireikus greitai panaudoti. 10 mm Hangar dir\u017eas leid\u017eia saugiai pritvirtinti lietaus skyd\u0105 prie j\u016bs\u0173 \u012frangos, u\u017etikrinant, kad j\u016bs\u0173 \u017ei\u016bronai bus apsaugoti nuo lietaus, sniego ir kit\u0173 oro s\u0105lyg\u0173.<\/p>\n<p>D\u0117l savo pilno u\u017edengimo dizaino, Bino lietaus skydas visi\u0161kai apgaubia Recon Bino apkab\u0105, u\u017etikrinama visapusi\u0161ka apsauga j\u016bs\u0173 optikai. Galite koncentruotis \u012f savo lauko nuotykius, neprisimindami, kad elementai gali pakenkti j\u016bs\u0173 \u017ei\u016br\u0117jimo patir\u010diai.<\/p>\n<p>Nepriklausomai nuo to, ar stebite pauk\u0161\u010dius, med\u017eiojate, ar tiesiog tyrin\u0117jate gamt\u0105, Bino lietaus skydas yra b\u016btinas priedas, pad\u0117siantis i\u0161laikyti j\u016bs\u0173 \u017ei\u016bronus sausus ir geros b\u016bkl\u0117s. Kompakti\u0161kas, lengvas ir lengvai naudojamas, jis yra tobulas palydovas kiekvienam lauko entuziastui.<\/p>\n","protected":false},"excerpt":{"rendered":"<p>Kompakti\u0161ka, lengva lietaus pl\u0117vel\u0117, apsauganti j\u016bs\u0173 Recon Bino dir\u017ein\u0119 sistem\u0105.<\/p>\n","protected":false},"featured_media":700037,"template":"","meta":{"_acf_changed":false},"product_brand":[15146],"product_cat":[15211],"product_tag":[],"class_list":{"0":"post-699643","1":"product","2":"type-product","3":"status-publish","4":"has-post-thumbnail","6":"product_brand-eberlestock","7":"product_cat-binocular-harnesses-lt","9":"first","10":"instock","11":"taxable","12":"shipping-taxable","13":"purchasable","14":"product-type-variable","15":"wvs-archive-product-wrapper"},"acf":[],"_links":{"self":[{"href":"https:\/\/nbg.eu\/lt\/wp-json\/wp\/v2\/product\/699643","targetHints":{"allow":["GET"]}}],"collection":[{"href":"https:\/\/nbg.eu\/lt\/wp-json\/wp\/v2\/product"}],"about":[{"href":"https:\/\/nbg.eu\/lt\/wp-json\/wp\/v2\/types\/product"}],"wp:featuredmedia":[{"embeddable":true,"href":"https:\/\/nbg.eu\/lt\/wp-json\/wp\/v2\/media\/700037"}],"wp:attachment":[{"href":"https:\/\/nbg.eu\/lt\/wp-json\/wp\/v2\/media?parent=699643"}],"wp:term":[{"taxonomy":"product_brand","embeddable":true,"href":"https:\/\/nbg.eu\/lt\/wp-json\/wp\/v2\/product_brand?post=699643"},{"taxonomy":"product_cat","embeddable":true,"href":"https:\/\/nbg.eu\/lt\/wp-json\/wp\/v2\/product_cat?post=699643"},{"taxonomy":"product_tag","embeddable":true,"href":"https:\/\/nbg.eu\/lt\/wp-json\/wp\/v2\/product_tag?post=699643"}],"curies":[{"name":"wp","href":"https:\/\/api.w.org\/{rel}","templated":true}]}}