{"id":700397,"date":"2025-12-22T18:10:47","date_gmt":"2025-12-22T15:10:47","guid":{"rendered":"https:\/\/nbg.eu\/product\/molle-plokste\/"},"modified":"2026-04-15T14:30:18","modified_gmt":"2026-04-15T11:30:18","slug":"molle-plokste","status":"publish","type":"product","link":"https:\/\/nbg.eu\/lt\/produktas\/molle-plokste\/","title":{"rendered":"Eberlestock MOLLE Panel\u0117 Recon"},"content":{"rendered":"<h2>Recon MOLLE panel\u0117 &#8211; universalus priedas j\u016bs\u0173 binokli\u0173 dir\u017eo sistemai<\/h2>\n<p>Recon MOLLE panel\u0117 yra paprasta, bet universali papildoma dalis j\u016bs\u0173 binokli\u0173 dir\u017eo sistemai. Ji suteikia patog\u0173 b\u016bd\u0105 pritvirtinti \u012fvairias ki\u0161enes, tokias kaip Recon Bearspray Pouch ar Recon Rangefinder Pouch, horizontaliai po j\u016bs\u0173 binokli\u0173 ki\u0161ene. \u0160i panel\u0117 taip pat tarnauja kaip saugi platforma MOLLE suderinamoms d\u0117klams, leid\u017eianti jums saugiai ir patogiai ne\u0161iotis pistolet\u0105 ant binokli\u0173 dir\u017eo.<\/p>\n<p>Matuojant 6&#8243; plo\u010dio ir 3,25&#8243; auk\u0161\u010dio, Recon MOLLE panel\u0117 pasi\u017eymi kompakti\u0161ku ir sutelktu dizainu, kuris neprid\u0117s nereikalingos mas\u0117s j\u016bs\u0173 \u012frangai. Jos MOLLE suderinama konstrukcija u\u017etikrina suderinamum\u0105 su pla\u010diu pried\u0173 asortimentu, suteikdama jums lankstum\u0105 pritaikyti savo konfig\u016bracij\u0105 pagal konkre\u010dius poreikius.<\/p>\n","protected":false},"excerpt":{"rendered":"<p>Daugiafunkcinis MOLLE skydas ki\u0161en\u0117ms tvirtinti ir pistoletui ne\u0161ioti ant \u017ei\u016bron\u0173 dir\u017e\u0173.<\/p>\n","protected":false},"featured_media":700462,"template":"","meta":{"_acf_changed":false},"product_brand":[15146],"product_cat":[13739],"product_tag":[],"class_list":{"0":"post-700397","1":"product","2":"type-product","3":"status-publish","4":"has-post-thumbnail","6":"product_brand-eberlestock","7":"product_cat-krepseliai","9":"first","10":"instock","11":"taxable","12":"shipping-taxable","13":"purchasable","14":"product-type-variable","15":"wvs-archive-product-wrapper"},"acf":[],"_links":{"self":[{"href":"https:\/\/nbg.eu\/lt\/wp-json\/wp\/v2\/product\/700397","targetHints":{"allow":["GET"]}}],"collection":[{"href":"https:\/\/nbg.eu\/lt\/wp-json\/wp\/v2\/product"}],"about":[{"href":"https:\/\/nbg.eu\/lt\/wp-json\/wp\/v2\/types\/product"}],"wp:featuredmedia":[{"embeddable":true,"href":"https:\/\/nbg.eu\/lt\/wp-json\/wp\/v2\/media\/700462"}],"wp:attachment":[{"href":"https:\/\/nbg.eu\/lt\/wp-json\/wp\/v2\/media?parent=700397"}],"wp:term":[{"taxonomy":"product_brand","embeddable":true,"href":"https:\/\/nbg.eu\/lt\/wp-json\/wp\/v2\/product_brand?post=700397"},{"taxonomy":"product_cat","embeddable":true,"href":"https:\/\/nbg.eu\/lt\/wp-json\/wp\/v2\/product_cat?post=700397"},{"taxonomy":"product_tag","embeddable":true,"href":"https:\/\/nbg.eu\/lt\/wp-json\/wp\/v2\/product_tag?post=700397"}],"curies":[{"name":"wp","href":"https:\/\/api.w.org\/{rel}","templated":true}]}}