{"id":700819,"date":"2025-12-22T18:16:35","date_gmt":"2025-12-22T15:16:35","guid":{"rendered":"https:\/\/nbg.eu\/product\/tolimo-matavimo-prietaiso-krepsys\/"},"modified":"2026-04-15T14:30:14","modified_gmt":"2026-04-15T11:30:14","slug":"tolimo-matavimo-prietaiso-krepsys","status":"publish","type":"product","link":"https:\/\/nbg.eu\/lt\/produktas\/tolimo-matavimo-prietaiso-krepsys\/","title":{"rendered":"Eberlestock Atstumo Matuokl\u0117s D\u0117klas Recon"},"content":{"rendered":"<h2>\u017dvalgybos nuotolinio matuoklio d\u0117klas: apsaugokite savo \u012frang\u0105, padidinkite tikslum\u0105<\/h2>\n<p>Pakelkite savo laukines keliones su \u017dvalgybos nuotolinio matuoklio d\u0117klu, sukurtu apsaugoti j\u016bs\u0173 esminius nuotolin\u0117s matavimo \u012frangos elementus. Kruop\u0161\u010diai sur\u0119stas \u0161is d\u0117klas si\u016blo nepalyginam\u0105 apsaug\u0105 ir patogum\u0105, u\u017etikrinant\u012f, kad j\u016bs\u0173 \u012franga likt\u0173 saugi ir lengvai pasiekiama.<\/p>\n<p>Su magnetine priekin\u0117s dalies atidarymo danga, \u017dvalgybos nuotolinio matuoklio d\u0117klas laiko dulkes ir ne\u0161varumus atokiau, i\u0161laikydamas nuotolinio matuoklio stiklo be\u0161varum\u0105. Guminis laikiklis leid\u017eia lengvai numesti j\u016bs\u0173 \u012frengin\u012f, nesibaiminant sulau\u017eymo ar praradimo, laisvindamas rankas kitiems svarbesn\u0117s u\u017eduotims.<\/p>\n<p>Su savo kompakti\u0161kais 1,75&#8243; gylio x 3,25&#8243; plo\u010dio x 5&#8243; auk\u0161\u010dio matmenimis, \u017dvalgybos nuotolinio matuoklio d\u0117klas lengvai integruojasi su j\u016bs\u0173 lauko \u012franga, suteikdamas diskre\u010di\u0105 ir ergonomi\u0161k\u0105 laikymo sprendim\u0105. Nesvarbu, ar esate atkaklus med\u017eiotojas, atsidav\u0119s keliautojas ar aistringas \u0161aulys, \u0161is universalus d\u0117klas yra tobulas palydovas apsaugoti j\u016bs\u0173 verting\u0105 nuotolini\u0173 matavim\u0173 \u012frang\u0105.<\/p>\n<p>Pakelkite savo laukines keliones su \u017dvalgybos nuotolinio matuoklio d\u0117klu, geriausiu aksesuaru reikliam nuotyki\u0173 ie\u0161kotojui, kuris reikalauja geriausi\u0173 \u012frangos apsaugos ir patogum\u0173.<\/p>\n","protected":false},"excerpt":{"rendered":"<p>Recon Rangefinder Pouch apsaugo j\u016bs\u0173 prietais\u0105 su magnetiniu dangteliu ir spyruokline virvele saugiam ir patogiam ne\u0161iojimui.<\/p>\n","protected":false},"featured_media":700849,"template":"","meta":{"_acf_changed":false},"product_brand":[15146],"product_cat":[13739],"product_tag":[],"class_list":{"0":"post-700819","1":"product","2":"type-product","3":"status-publish","4":"has-post-thumbnail","6":"product_brand-eberlestock","7":"product_cat-krepseliai","9":"first","10":"instock","11":"taxable","12":"shipping-taxable","13":"purchasable","14":"product-type-variable","15":"wvs-archive-product-wrapper"},"acf":[],"_links":{"self":[{"href":"https:\/\/nbg.eu\/lt\/wp-json\/wp\/v2\/product\/700819","targetHints":{"allow":["GET"]}}],"collection":[{"href":"https:\/\/nbg.eu\/lt\/wp-json\/wp\/v2\/product"}],"about":[{"href":"https:\/\/nbg.eu\/lt\/wp-json\/wp\/v2\/types\/product"}],"wp:featuredmedia":[{"embeddable":true,"href":"https:\/\/nbg.eu\/lt\/wp-json\/wp\/v2\/media\/700849"}],"wp:attachment":[{"href":"https:\/\/nbg.eu\/lt\/wp-json\/wp\/v2\/media?parent=700819"}],"wp:term":[{"taxonomy":"product_brand","embeddable":true,"href":"https:\/\/nbg.eu\/lt\/wp-json\/wp\/v2\/product_brand?post=700819"},{"taxonomy":"product_cat","embeddable":true,"href":"https:\/\/nbg.eu\/lt\/wp-json\/wp\/v2\/product_cat?post=700819"},{"taxonomy":"product_tag","embeddable":true,"href":"https:\/\/nbg.eu\/lt\/wp-json\/wp\/v2\/product_tag?post=700819"}],"curies":[{"name":"wp","href":"https:\/\/api.w.org\/{rel}","templated":true}]}}