{"id":701123,"date":"2025-12-22T18:40:25","date_gmt":"2025-12-22T15:40:25","guid":{"rendered":"https:\/\/nbg.eu\/product\/greitas-atvejis\/"},"modified":"2026-04-15T14:30:10","modified_gmt":"2026-04-15T11:30:10","slug":"greitas-atvejis","status":"publish","type":"product","link":"https:\/\/nbg.eu\/lt\/produktas\/greitas-atvejis\/","title":{"rendered":"Eberlestock D\u0117klas Recon Quickcase"},"content":{"rendered":"<h2>Quickcase: J\u016bs\u0173 kompakti\u0161kas i\u0161gyvenimo palydovas<\/h2>\n<p>Quickcase yra daugiafunkcis u\u017etraukiamasis krep\u0161elis, suprojektuotas taip, kad j\u012f b\u016bt\u0173 galima patogiai pritvirtinti prie Recon Modular Bino kr\u016btin\u0117s dir\u017eo. \u0160is kompakti\u0161kas priedas yra puikus sprendimas, skirtas saugoti ir laikyti svarbiausi\u0105 i\u0161gyvenimo \u012frang\u0105, u\u017etikrinant, kad visada b\u016btum\u0117te pasiruo\u0161\u0119 netik\u0117tumams.<\/p>\n<p>Quickcase turi tinkam\u0105 dyd\u012f ir pakankamai vietos ma\u017eam i\u0161gyvenimo komplektui laikyti, tod\u0117l jis tampa neatsiejama palydove, jei kada nors atsidurtum\u0117te atskirti nuo savo pagrindin\u0117s kuprin\u0117s. Tvirta konstrukcija ir saugus u\u017etrauktukas u\u017etikrina, kad j\u016bs\u0173 kriti\u0161kai svarbios priemon\u0117s b\u016bt\u0173 saugios ir lengvai pasiekiamos, kai j\u0173 reik\u0117s labiausiai.<\/p>\n<p>Ta\u010diau Quickcase panaudojimo sritys n\u0117ra ribotos tik i\u0161gyvenimo parengimu. Galite j\u012f naudoti kaip patog\u0173 laikymo krep\u0161el\u012f ma\u017eoms daiktams, pad\u0117siant\u012f palaikyti tvark\u0105 ir u\u017etikrinti lengv\u0105 prieig\u0105, kai j\u016bs\u0173 laukia kelion\u0117. Nesvarbu, ar \u017eygiuojate, stovyklaujate ar u\u017esiimate bet kuria kita lauko veikla, \u0161is daugiafunkcis priedas taps ne\u012fkainojama j\u016bs\u0173 \u012frangos dalimi.<\/p>\n<p>Quickcase yra suprojektuotas taip, kad b\u016bt\u0173 galima lengvai integruoti j\u012f su Recon Modular Bino kr\u016btin\u0117s dir\u017eu. J\u012f galima saugiai pritvirtinti prie dir\u017eo nugarin\u0117s pus\u0117s, naudojant lipnia juosta. \u0160i integracija leid\u017eia laikyti svarbiausius daiktus po ranka, suteikiant daugiau vietos pagrindin\u0117je krep\u0161yje ir u\u017etikrinant, kad visada tur\u0117site visk\u0105, ko jums reikia, netoliese.<\/p>\n","protected":false},"excerpt":{"rendered":"<p>Ma\u017eas u\u017etrauktuku u\u017edaromas krep\u0161elis, kuris tvirtinamas prie Recon Modular Bino Dir\u017eelio, skirtas i\u0161likimo rinkiniui ar smulkiems daiktams laikyti.<\/p>\n","protected":false},"featured_media":701188,"template":"","meta":{"_acf_changed":false},"product_brand":[15146],"product_cat":[13739],"product_tag":[],"class_list":{"0":"post-701123","1":"product","2":"type-product","3":"status-publish","4":"has-post-thumbnail","6":"product_brand-eberlestock","7":"product_cat-krepseliai","9":"first","10":"instock","11":"taxable","12":"shipping-taxable","13":"purchasable","14":"product-type-variable","15":"wvs-archive-product-wrapper"},"acf":[],"_links":{"self":[{"href":"https:\/\/nbg.eu\/lt\/wp-json\/wp\/v2\/product\/701123","targetHints":{"allow":["GET"]}}],"collection":[{"href":"https:\/\/nbg.eu\/lt\/wp-json\/wp\/v2\/product"}],"about":[{"href":"https:\/\/nbg.eu\/lt\/wp-json\/wp\/v2\/types\/product"}],"wp:featuredmedia":[{"embeddable":true,"href":"https:\/\/nbg.eu\/lt\/wp-json\/wp\/v2\/media\/701188"}],"wp:attachment":[{"href":"https:\/\/nbg.eu\/lt\/wp-json\/wp\/v2\/media?parent=701123"}],"wp:term":[{"taxonomy":"product_brand","embeddable":true,"href":"https:\/\/nbg.eu\/lt\/wp-json\/wp\/v2\/product_brand?post=701123"},{"taxonomy":"product_cat","embeddable":true,"href":"https:\/\/nbg.eu\/lt\/wp-json\/wp\/v2\/product_cat?post=701123"},{"taxonomy":"product_tag","embeddable":true,"href":"https:\/\/nbg.eu\/lt\/wp-json\/wp\/v2\/product_tag?post=701123"}],"curies":[{"name":"wp","href":"https:\/\/api.w.org\/{rel}","templated":true}]}}