{"id":701821,"date":"2025-12-23T11:39:12","date_gmt":"2025-12-23T08:39:12","guid":{"rendered":"https:\/\/nbg.eu\/product\/ranksildis\/"},"modified":"2026-04-15T14:30:06","modified_gmt":"2026-04-15T11:30:06","slug":"ranksildis","status":"publish","type":"product","link":"https:\/\/nbg.eu\/lt\/produktas\/ranksildis\/","title":{"rendered":"Eberlestock Rank\u0173 \u0160ildytuvas Recon"},"content":{"rendered":"<h2>\u201eRecon&#8221; rank\u0173 \u0161ildytuvas: lengvas \u0161iluma lauko nuotykiams<\/h2>\n<p>J\u016bs\u0173 rank\u0173 \u0161ildymas be vikrumo kompromiso niekada nebuvo lengvesnis su \u201eRecon&#8221; rank\u0173 \u0161ildytuvu. \u0160is novatori\u0161kas priedas tvirtinasi prie \u201eRecon&#8221; modulin\u0117s binokuliaris dir\u017eo, leid\u017eiant jums i\u0161laikyti optimali\u0105 rank\u0173 pad\u0117t\u012f patogiai, ar s\u0117dite, ar stovite. \u201eRecon&#8221; rank\u0173 \u0161ildytuvas pa\u0161alina poreik\u012f ne\u0161ioti storas pir\u0161tines, u\u017etikrinama, kad gal\u0117site atlikti smulkius rank\u0173 darbus lengvai.<\/p>\n<p>D\u0117l papildomo patogumo, \u201eRecon&#8221; rank\u0173 \u0161ildytuvas turi priekin\u0119 u\u017etraukiam\u0105 ki\u0161en\u0119, kurioje galite laikyti papildomus oro aktyvuotas rank\u0173 \u0161ildykles. Tai leid\u017eia jums naudoti rank\u0173 \u0161ildytuv\u0105 nepriklausomai nuo \u201eRecon&#8221; modulin\u0117s binokuliaris dir\u017eo, suteikiant jums patikim\u0105 \u0161ilumos \u0161altin\u012f, nepriklausomai nuo veiklos ar aplinkos. Pateikiamas juosmens dir\u017eas u\u017etikrina saug\u0173 ir patog\u0173 pritaikym\u0105, laikydamas j\u016bs\u0173 rankas idealioje pad\u0117tyje maksimaliam efektyvumui ir patogumui.<\/p>\n<p>Nepriklausomai nuo to, ar stebite pauk\u0161\u010dius, med\u017eiojate, ar tiesiog m\u0117gaujat\u0117s gamta, \u201eRecon&#8221; rank\u0173 \u0161ildytuvas yra tobulas palydovas, norint su\u0161ildyti rankas ir i\u0161laikyti lankstum\u0105 pir\u0161tams. Patirkite lauko poilsio komfort\u0105 ir patogum\u0105 su \u0161iuo daugiafunkciu ir novatori\u0161ku priedu.<\/p>\n","protected":false},"excerpt":{"rendered":"<p>Recon rank\u0173 \u0161ildytuvas laiko rankas \u0161iltas be pir\u0161tini\u0173, pritvirtinamas prie Recon apsiausto.<\/p>\n","protected":false},"featured_media":701870,"template":"","meta":{"_acf_changed":false},"product_brand":[15146],"product_cat":[13749],"product_tag":[],"class_list":{"0":"post-701821","1":"product","2":"type-product","3":"status-publish","4":"has-post-thumbnail","6":"product_brand-eberlestock","7":"product_cat-iranga","9":"first","10":"instock","11":"taxable","12":"shipping-taxable","13":"purchasable","14":"product-type-variable","15":"wvs-archive-product-wrapper"},"acf":[],"_links":{"self":[{"href":"https:\/\/nbg.eu\/lt\/wp-json\/wp\/v2\/product\/701821","targetHints":{"allow":["GET"]}}],"collection":[{"href":"https:\/\/nbg.eu\/lt\/wp-json\/wp\/v2\/product"}],"about":[{"href":"https:\/\/nbg.eu\/lt\/wp-json\/wp\/v2\/types\/product"}],"wp:featuredmedia":[{"embeddable":true,"href":"https:\/\/nbg.eu\/lt\/wp-json\/wp\/v2\/media\/701870"}],"wp:attachment":[{"href":"https:\/\/nbg.eu\/lt\/wp-json\/wp\/v2\/media?parent=701821"}],"wp:term":[{"taxonomy":"product_brand","embeddable":true,"href":"https:\/\/nbg.eu\/lt\/wp-json\/wp\/v2\/product_brand?post=701821"},{"taxonomy":"product_cat","embeddable":true,"href":"https:\/\/nbg.eu\/lt\/wp-json\/wp\/v2\/product_cat?post=701821"},{"taxonomy":"product_tag","embeddable":true,"href":"https:\/\/nbg.eu\/lt\/wp-json\/wp\/v2\/product_tag?post=701821"}],"curies":[{"name":"wp","href":"https:\/\/api.w.org\/{rel}","templated":true}]}}