{"id":702139,"date":"2025-12-23T11:44:19","date_gmt":"2025-12-23T08:44:19","guid":{"rendered":"https:\/\/nbg.eu\/product\/bravo-modulinis-dvimates-paketas-didelis\/"},"modified":"2026-04-15T14:30:02","modified_gmt":"2026-04-15T11:30:02","slug":"bravo-modulinis-dvimates-paketas-didelis","status":"publish","type":"product","link":"https:\/\/nbg.eu\/lt\/produktas\/bravo-modulinis-dvimates-paketas-didelis\/","title":{"rendered":"Eberlestock \u017di\u016brono Kuprin\u0117 Bravo Modular, Large"},"content":{"rendered":"<h2>Bravo modulin\u0117 binokli\u0173 pakuot\u0117 &#8211; didel\u0117: prisitaikan\u010dios optikos ne\u0161imas j\u016bs\u0173 lauko nuotykiams<\/h2>\n<p>Suprojektuota su moduli\u0161kumu priekyje, BRAVO MODULIN\u0116 BINOKLI\u0172 PAKUOT\u0116 sukurta ant kr\u016btin\u0117s dir\u017eo platformos, kuri prisitaiko prie j\u016bs\u0173 poreiki\u0173 su papildom\u0173 pried\u0173 rinkiniu. Ji turi magnetin\u0119 laisv\u0105 pirmyn traukiam\u0105 prieig\u0105 prie binokli\u0173 d\u0117klo, erdvi\u0105 priekin\u0119 u\u017etrauktuko ki\u0161en\u0119 ir lanks\u010dias \u0161onines ki\u0161enes. Vidiniai binokli\u0173 lyniukai u\u017etikrina j\u016bs\u0173 binokli\u0173 saugum\u0105, o \u017eemaprofilis MOLLE suderinamos sparneliai ir galin\u0117 plok\u0161t\u0117 leid\u017eia jums skland\u017eiai prisegti ki\u0161enes ir priedus.<\/p>\n<p>Pagaminta i\u0161 tvirto 500D ripstomp nailono ir N140D med\u017eiag\u0173, Bravo modulin\u0117 binokli\u0173 pakuot\u0117 &#8211; didel\u0117 u\u017etikrina patikim\u0105 veikim\u0105 lauke. Sverianti tik 14 uncij\u0173, \u0161i universali pakuot\u0117 si\u016blo patog\u0173 ir pritaikom\u0105 ne\u0161imo sprendim\u0105 j\u016bs\u0173 optikai ir b\u016btiniajai \u012frangai.<\/p>\n<p>Su vidiniais matmenimis 9&#8243; x 5,5&#8243; x 2,5&#8243; ir i\u0161oriniais matmenimis 9,5&#8243; x 6,25&#8243; x 3,5&#8243;, Bravo modulin\u0117 binokli\u0173 pakuot\u0117 &#8211; didel\u0117 suteikia pakankamai vietos j\u016bs\u0173 binokuliar\u0173 ir kit\u0173 b\u016btiniausi\u0173 daikt\u0173 \u012fsid\u0117jimui. Reguliuojamas priekin\u0117s traukos pe\u010di\u0173 dir\u017eas ir \u017eemaprofilis MOLLE suderinami sparneliai u\u017etikrina saug\u0173 ir individualizuot\u0105 tinkamum\u0105, leid\u017eiant\u012f jums pritaikyti pakuot\u0119 pagal savo poreikius.<\/p>\n<p>Pakelkite savo lauko patirt\u012f su Bravo moduline binokli\u0173 pakuote &#8211; didele, universaliu ir prisitaikan\u010diu sprendimu j\u016bs\u0173 binokuliar\u0173 ir pagrindin\u0117s \u012frangos ne\u0161imui. I\u0161bandykite prieinus priedus, kad pritaikytum\u0117te savo pakuot\u0119 ir maksimizuotum\u0117te jos funkcionalum\u0105, padarydami j\u0105 tobula savo kitos nuotykio palydove.<\/p>\n","protected":false},"excerpt":{"rendered":"<p>Modulinis kr\u016btin\u0117s krep\u0161ys su mag-laisva binokuli\u0173 ki\u0161ene, priekine ki\u0161ene, i\u0161tinamomis \u0161onin\u0117mis pus\u0117mis.<\/p>\n","protected":false},"featured_media":702234,"template":"","meta":{"_acf_changed":false},"product_brand":[15146],"product_cat":[15211],"product_tag":[],"class_list":{"0":"post-702139","1":"product","2":"type-product","3":"status-publish","4":"has-post-thumbnail","6":"product_brand-eberlestock","7":"product_cat-binocular-harnesses-lt","9":"first","10":"instock","11":"taxable","12":"shipping-taxable","13":"purchasable","14":"product-type-variable","15":"wvs-archive-product-wrapper"},"acf":[],"_links":{"self":[{"href":"https:\/\/nbg.eu\/lt\/wp-json\/wp\/v2\/product\/702139","targetHints":{"allow":["GET"]}}],"collection":[{"href":"https:\/\/nbg.eu\/lt\/wp-json\/wp\/v2\/product"}],"about":[{"href":"https:\/\/nbg.eu\/lt\/wp-json\/wp\/v2\/types\/product"}],"wp:featuredmedia":[{"embeddable":true,"href":"https:\/\/nbg.eu\/lt\/wp-json\/wp\/v2\/media\/702234"}],"wp:attachment":[{"href":"https:\/\/nbg.eu\/lt\/wp-json\/wp\/v2\/media?parent=702139"}],"wp:term":[{"taxonomy":"product_brand","embeddable":true,"href":"https:\/\/nbg.eu\/lt\/wp-json\/wp\/v2\/product_brand?post=702139"},{"taxonomy":"product_cat","embeddable":true,"href":"https:\/\/nbg.eu\/lt\/wp-json\/wp\/v2\/product_cat?post=702139"},{"taxonomy":"product_tag","embeddable":true,"href":"https:\/\/nbg.eu\/lt\/wp-json\/wp\/v2\/product_tag?post=702139"}],"curies":[{"name":"wp","href":"https:\/\/api.w.org\/{rel}","templated":true}]}}