{"id":702959,"date":"2025-12-23T11:50:14","date_gmt":"2025-12-23T08:50:14","guid":{"rendered":"https:\/\/nbg.eu\/product\/bravo-modulinis-binoklio-pakuote-maza\/"},"modified":"2026-04-15T14:29:59","modified_gmt":"2026-04-15T11:29:59","slug":"bravo-modulinis-binoklio-pakuote-maza","status":"publish","type":"product","link":"https:\/\/nbg.eu\/lt\/produktas\/bravo-modulinis-binoklio-pakuote-maza\/","title":{"rendered":"Eberlestock \u017di\u016brono Kuprin\u0117 Bravo Modular, Small"},"content":{"rendered":"<h2>\u201eBravo&#8221; modulin\u0117 \u201eBino Pack-Small&#8221;: daugiafunkcin\u0117 ir saugi \u017ei\u016bron\u0173 laikymo priemon\u0117<\/h2>\n<p>Sukurta su moduli\u0161kumu priekyje, \u201eBRAVO MODULAR BINO PACK&#8221; yra pastatyta ant kr\u016btin\u0117s dir\u017e\u0173 platformos, kuri prisitaiko prie j\u016bs\u0173 poreiki\u0173 su pried\u0173 komplektu. Jis pasi\u017eymi magnetine laisva priekin\u0117s dalies atidarom\u0105ja prieiga prie \u017ei\u016bron\u0173 d\u0117klo, erdvia priekine u\u017etraukiama ki\u0161ene ir tempiamosiomis \u0161onin\u0117mis ki\u0161en\u0117mis. Vidiniai \u017ei\u016bron\u0173 dir\u017eai u\u017etikrina j\u016bs\u0173 \u017ei\u016bron\u0173 saugum\u0105, o \u017eemos profilio MOLLE-suderinamos sparneliai ir galin\u0117 plok\u0161t\u0117 leid\u017eia jums skland\u017eiai pritvirtinti ki\u0161enes ir priedus.<\/p>\n<p>Pagaminta i\u0161 tvirto 500D \u201eRipstop Nylon&#8221; ir N140D audini\u0173, \u201eBravo Modular Bino Pack-Small&#8221; si\u016blo lengv\u0105 ir patvari\u0105 sprendim\u0105 lauko entuziastams, med\u017eiotojams ir taktiniams operatoriams.<\/p>\n<p>Pagrindin\u0117s savyb\u0117s apima mag-laisv\u0105 u\u017edarym\u0105 greitam pri\u0117jimui, suderinamas su a\u0161tuoniais galimais priedais, didel\u0119 priekin\u0119 u\u017etraukiam\u0105 ki\u0161en\u0119, dvigubas tempiamas \u0161onines ki\u0161enes, reguliuojam\u0105 pirmyn patraukiam\u0105 peties \u012ftvar\u0105 ir \u017eemos profilio MOLLE-suderinamus sparnelius, skirtus j\u016bs\u0173 \u012frangos komplektui pritaikyti. Nepriklausomai nuo to, ar j\u016bs stebite pauk\u0161\u010dius, \u017eygiuojate, ar dalyvaujate taktiniuose veiksmuose, \u201eBravo Modular Bino Pack-Small&#8221; si\u016blo daugiafunkcin\u012f ir saug\u0173 sprendim\u0105 j\u016bs\u0173 \u017ei\u016bron\u0173 laikymui.<\/p>\n","protected":false},"excerpt":{"rendered":"<p>Modulinis binoklio paketas su magneto u\u017edarytomis u\u017edarymo juostomis, MOLLE suderinami sparnai ir reguliuojama apkaba.<\/p>\n","protected":false},"featured_media":703032,"template":"","meta":{"_acf_changed":false},"product_brand":[15146],"product_cat":[15211],"product_tag":[],"class_list":{"0":"post-702959","1":"product","2":"type-product","3":"status-publish","4":"has-post-thumbnail","6":"product_brand-eberlestock","7":"product_cat-binocular-harnesses-lt","9":"first","10":"instock","11":"taxable","12":"shipping-taxable","13":"purchasable","14":"product-type-variable","15":"wvs-archive-product-wrapper"},"acf":[],"_links":{"self":[{"href":"https:\/\/nbg.eu\/lt\/wp-json\/wp\/v2\/product\/702959","targetHints":{"allow":["GET"]}}],"collection":[{"href":"https:\/\/nbg.eu\/lt\/wp-json\/wp\/v2\/product"}],"about":[{"href":"https:\/\/nbg.eu\/lt\/wp-json\/wp\/v2\/types\/product"}],"wp:featuredmedia":[{"embeddable":true,"href":"https:\/\/nbg.eu\/lt\/wp-json\/wp\/v2\/media\/703032"}],"wp:attachment":[{"href":"https:\/\/nbg.eu\/lt\/wp-json\/wp\/v2\/media?parent=702959"}],"wp:term":[{"taxonomy":"product_brand","embeddable":true,"href":"https:\/\/nbg.eu\/lt\/wp-json\/wp\/v2\/product_brand?post=702959"},{"taxonomy":"product_cat","embeddable":true,"href":"https:\/\/nbg.eu\/lt\/wp-json\/wp\/v2\/product_cat?post=702959"},{"taxonomy":"product_tag","embeddable":true,"href":"https:\/\/nbg.eu\/lt\/wp-json\/wp\/v2\/product_tag?post=702959"}],"curies":[{"name":"wp","href":"https:\/\/api.w.org\/{rel}","templated":true}]}}