{"id":703296,"date":"2025-12-23T12:02:01","date_gmt":"2025-12-23T09:02:01","guid":{"rendered":"https:\/\/nbg.eu\/product\/bando-krepsys-xl\/"},"modified":"2026-04-15T14:29:55","modified_gmt":"2026-04-15T11:29:55","slug":"bando-krepsys-xl","status":"publish","type":"product","link":"https:\/\/nbg.eu\/lt\/produktas\/bando-krepsys-xl\/","title":{"rendered":"Eberlestock Krep\u0161ys Bando XL"},"content":{"rendered":"<h2>\u201eBando Bag-XL&#8221;: universalus ir patogus kasdienis ne\u0161ukas<\/h2>\n<p>\u201eBando Bag-XL&#8221; yra lengvas ir patogus b\u016bdas transportuoti j\u016bs\u0173 kasdienes daikt\u0173 rinklytes (EDC). Pilnai u\u017esisagstoma u\u017epakalin\u0117 ki\u0161en\u0117 \u201eBando Bag-XL&#8221; yra 6 coli\u0173 auk\u0161\u010dio, 11 coli\u0173 plo\u010dio ir 3 coli\u0173 gylio, pakankamai didel\u0117, kad \u012f j\u0105 tilpt\u0173 dauguma visaver\u010di\u0173 \u0161autuv\u0173 ir ma\u017eesni\u0173 ginkl\u0173. Pagrindin\u0117 skyriaus dalis turi vidin\u0119 tinklin\u0119 u\u017etraukiam\u0105 ki\u0161en\u0119 ir dvi atviruosius ki\u0161enius papildomam suskirstymui, o ma\u017eyt\u0117 u\u017etraukiama priekin\u0117 ki\u0161en\u0117 yra puiki vietai raktams, laidams ar kitiems smulkiems daiktams.<\/p>\n<p>Reguliuojamas juosmens dir\u017eas \u201eBando Bag-XL&#8221; leid\u017eia prisitaikyti pagal poreikius, nuo 31,5 iki 44 coli\u0173 ilgio. \u201eBando Bag-XL&#8221; taip pat tur\u0117s integruot\u0105 u\u017evalkal\u0105, kad patogia b\u016bt\u0173 galima ne\u0161ioti torniket\u0105 po pagrindinio skyriaus vir\u0161utiniu u\u017edangalu, u\u017etikrinant lengv\u0105 prieig\u0105 prie \u0161ios esminio pirmosios pagalbos \u012frangos.<\/p>\n<h2>Pagrindin\u0117s savyb\u0117s:<\/h2>\n<ul>\n<li>-Pilnai u\u017esisagstoma u\u017epakalin\u0117 ki\u0161en\u0117 (6 coli\u0173 auk\u0161\u010dio, 11 coli\u0173 plo\u010dio, 3 coli\u0173 gylio) \u0161aunamajam ginklui laikyti<\/li>\n<li>-Vidin\u0117 tinklin\u0117 u\u017etraukiama ki\u0161en\u0117 ir dvi atvirosios ki\u0161en\u0117s organizavimui<\/li>\n<li>-Ma\u017eyt\u0117 u\u017etraukiama priekin\u0117 ki\u0161en\u0117 raktams, laidams ir kitiems smulkiems daiktams<\/li>\n<li>-Reguliuojamas juosmens dir\u017eas (31,5-44 coli\u0173)<\/li>\n<li>-Integruotas u\u017evalkalas torniketui ne\u0161ti<\/li>\n<\/ul>\n","protected":false},"excerpt":{"rendered":"<p>Lengvas, pilnai u\u017esisagstantis EDC krep\u0161ys su 6&#8243;h x 11&#8243;w x 3&#8243;d ki\u0161ene, tinkan\u010dia pilno dyd\u017eio \u0161oniniams \u0161aunamiesiems ginklams.<\/p>\n","protected":false},"featured_media":703420,"template":"","meta":{"_acf_changed":false},"product_brand":[15146],"product_cat":[13681],"product_tag":[],"class_list":{"0":"post-703296","1":"product","2":"type-product","3":"status-publish","4":"has-post-thumbnail","6":"product_brand-eberlestock","7":"product_cat-saudyklos-krepsiai","9":"first","10":"instock","11":"taxable","12":"shipping-taxable","13":"purchasable","14":"product-type-variable","15":"wvs-archive-product-wrapper"},"acf":[],"_links":{"self":[{"href":"https:\/\/nbg.eu\/lt\/wp-json\/wp\/v2\/product\/703296","targetHints":{"allow":["GET"]}}],"collection":[{"href":"https:\/\/nbg.eu\/lt\/wp-json\/wp\/v2\/product"}],"about":[{"href":"https:\/\/nbg.eu\/lt\/wp-json\/wp\/v2\/types\/product"}],"wp:featuredmedia":[{"embeddable":true,"href":"https:\/\/nbg.eu\/lt\/wp-json\/wp\/v2\/media\/703420"}],"wp:attachment":[{"href":"https:\/\/nbg.eu\/lt\/wp-json\/wp\/v2\/media?parent=703296"}],"wp:term":[{"taxonomy":"product_brand","embeddable":true,"href":"https:\/\/nbg.eu\/lt\/wp-json\/wp\/v2\/product_brand?post=703296"},{"taxonomy":"product_cat","embeddable":true,"href":"https:\/\/nbg.eu\/lt\/wp-json\/wp\/v2\/product_cat?post=703296"},{"taxonomy":"product_tag","embeddable":true,"href":"https:\/\/nbg.eu\/lt\/wp-json\/wp\/v2\/product_tag?post=703296"}],"curies":[{"name":"wp","href":"https:\/\/api.w.org\/{rel}","templated":true}]}}