{"id":704058,"date":"2025-12-23T12:03:47","date_gmt":"2025-12-23T09:03:47","guid":{"rendered":"https:\/\/nbg.eu\/product\/rankine\/"},"modified":"2026-04-15T14:29:51","modified_gmt":"2026-04-15T11:29:51","slug":"rankine","status":"publish","type":"product","link":"https:\/\/nbg.eu\/lt\/produktas\/rankine\/","title":{"rendered":"Eberlestock Krep\u0161ys Bando"},"content":{"rendered":"<h2>Bando krep\u0161ys: patogus ir lengvas kasdieninio ne\u0161imo sprendimas<\/h2>\n<p>Bando krep\u0161ys yra lengvas ir patogus b\u016bdas transportuoti j\u016bs\u0173 EDC (kasdienio ne\u0161iojimo) daiktus. Visi\u0161kai u\u017esitraukianti galin\u0117 ki\u0161en\u0117 Bando mato 5.5&#8243; auk\u0161\u010dio x 9.5&#8243; plo\u010dio x 1&#8243; gylio, pakankamai didel\u0117, kad b\u016bt\u0173 galima pritvirtinti daugel\u012f subkompakti\u0161k\u0173 ir kompakti\u0161k\u0173 \u0161aunam\u0173j\u0173 ginkl\u0173, toki\u0173 kaip Glock-19 ir pana\u0161aus dyd\u017eio. Pagrindin\u0117 skyriaus dalis turi vidin\u0119 tinklin\u0119 u\u017etrauktuko ki\u0161en\u0119 ir dvi \u012fslystan\u010dias ki\u0161enes papildomam tvarkymui. Ma\u017eyt\u0117 priekin\u0117 u\u017etraukiama ki\u0161en\u0117 yra puiki rakams, laidams ar kitiems smulkiems daiktams. Juosmens dir\u017eo ilgis reguliuojamas nuo 31,5&#8243; iki 44&#8243;.<\/p>\n<h2>Pagrindin\u0117s savyb\u0117s<\/h2>\n<ul>\n<li>Visi\u0161kai u\u017esitraukianti galin\u0117 ki\u0161en\u0117<\/li>\n<li>Vidin\u0117 tinklin\u0117 u\u017etraukiama ki\u0161en\u0117<\/li>\n<li>Dvi vidin\u0117s \u012fslystan\u010dios ki\u0161en\u0117s<\/li>\n<li>Ma\u017eyt\u0117 priekin\u0117 u\u017etraukiama ki\u0161en\u0117<\/li>\n<li>Reguliuojamas juosmens dir\u017eas (31,5&#8243; &#8211; 44&#8243;)<\/li>\n<li>Integruotas apsauginis \u012fvor\u0117s laikiklis<\/li>\n<\/ul>\n","protected":false},"excerpt":{"rendered":"<p>Bando krep\u0161ys yra lengvas ir patogus b\u016bdas gabenti j\u016bs\u0173 EDC daiktus. Tinka daugumai kompakti\u0161k\u0173 ir pilno dyd\u017eio \u0161onini\u0173 ginkl\u0173.<\/p>\n","protected":false},"featured_media":704103,"template":"","meta":{"_acf_changed":false},"product_brand":[15146],"product_cat":[13681],"product_tag":[],"class_list":{"0":"post-704058","1":"product","2":"type-product","3":"status-publish","4":"has-post-thumbnail","6":"product_brand-eberlestock","7":"product_cat-saudyklos-krepsiai","9":"first","10":"instock","11":"taxable","12":"shipping-taxable","13":"purchasable","14":"product-type-variable","15":"wvs-archive-product-wrapper"},"acf":[],"_links":{"self":[{"href":"https:\/\/nbg.eu\/lt\/wp-json\/wp\/v2\/product\/704058","targetHints":{"allow":["GET"]}}],"collection":[{"href":"https:\/\/nbg.eu\/lt\/wp-json\/wp\/v2\/product"}],"about":[{"href":"https:\/\/nbg.eu\/lt\/wp-json\/wp\/v2\/types\/product"}],"wp:featuredmedia":[{"embeddable":true,"href":"https:\/\/nbg.eu\/lt\/wp-json\/wp\/v2\/media\/704103"}],"wp:attachment":[{"href":"https:\/\/nbg.eu\/lt\/wp-json\/wp\/v2\/media?parent=704058"}],"wp:term":[{"taxonomy":"product_brand","embeddable":true,"href":"https:\/\/nbg.eu\/lt\/wp-json\/wp\/v2\/product_brand?post=704058"},{"taxonomy":"product_cat","embeddable":true,"href":"https:\/\/nbg.eu\/lt\/wp-json\/wp\/v2\/product_cat?post=704058"},{"taxonomy":"product_tag","embeddable":true,"href":"https:\/\/nbg.eu\/lt\/wp-json\/wp\/v2\/product_tag?post=704058"}],"curies":[{"name":"wp","href":"https:\/\/api.w.org\/{rel}","templated":true}]}}