{"id":704241,"date":"2025-12-23T12:08:03","date_gmt":"2025-12-23T09:08:03","guid":{"rendered":"https:\/\/nbg.eu\/product\/plesiku-gauja\/"},"modified":"2026-04-24T15:10:14","modified_gmt":"2026-04-24T12:10:14","slug":"plesiku-gauja","status":"publish","type":"product","link":"https:\/\/nbg.eu\/lt\/produktas\/plesiku-gauja\/","title":{"rendered":"Eberlestock Bandit Kuprin\u0117"},"content":{"rendered":"<h2>Bandit paketas &#8211; universalus palydovas visadieniams nuotykiams<\/h2>\n<p>Pats universaliausias paketas i\u0161 m\u016bs\u0173 kasdienos ne\u0161iojimo asortimento, &#8222;Bandit\u2122&#8221; yra sukurtas specialiai visos dienos med\u017eiokl\u0117ms ir \u017eygiams. I\u0161orinis funkcinis skydelis turi lazeriu pjautas MOLLE \u017eiedines juostas, kurias galima naudoti pritvirtinti suderinamus priedus ir krep\u0161elius, taip pat ir aprang\u0105 ar \u012frang\u0105 greitam pri\u0117jimui. \u0160oniniai elastingi ki\u0161eniai gali laikyti vandens butelius ir ilgesnius daiktus, kaip trikojis, steb\u0117jimo \u017ei\u016bronai ar \u017eyginio lazdos.<\/p>\n<p>Funkciniame skydelyje esan\u010dios dir\u017eeliai leis u\u017etvirtinti \u012frang\u0105 \u0161one, arba pad\u0117s suglausti dalinai u\u017epildyt\u0105 pakuot\u0119. Viduje, vir\u0161utiniame dangtelyje, rasite smulki\u0173 daikt\u0173 organizatorius, kaip u\u017etraukiam\u0105 tinklin\u012f ki\u0161en\u012f ir \u017eurnalo ki\u0161en\u0119.<\/p>\n<p>Suderinamas su m\u016bs\u0173 standartiniais klub\u0173 dir\u017eais, pad\u0117sian\u010diais paskirstyti svor\u012f esant sunkesn\u0117ms apkrovoms.<\/p>\n<h2>Matmenys<\/h2>\n<p>T\u016bris: 835 c.i. \/ 13,68 l<br \/>\nSvoris: 2,50 svar.<br \/>\nMatmenys: 18,25 auk\u0161\u010dio x 7 plo\u010dio x 6,5 gylio<\/p>\n<h2>Savyb\u0117s<\/h2>\n<p>Lazeriu pjautas MOLLE skydelis priekyje, norint pritvirtinti i\u0161orin\u0119 \u012frang\u0105<br \/>\nVir\u0161utinis organizacinis dangtelis su tinkline ki\u0161ene priedams<br \/>\nReguliuojamas peties dir\u017eas<br \/>\nLizdas reguliuojamam klub\u0173 dir\u017eui ne\u0161ti sunkesn\u0117ms apkrovoms<br \/>\nPagrindinis skyrius atsidaro nuo vir\u0161aus iki apa\u010dios, leid\u017eiant piln\u0105 prieig\u0105<br \/>\nVidinis segtukas &#8222;Source\u00ae&#8221; 2 l ar 3 l vandens p\u016bslei pritvirtinti<\/p>\n","protected":false},"excerpt":{"rendered":"<p>Daugiafunkcinis kuprin\u0117 i\u0161 m\u016bs\u0173 kasdienin\u0117s asmenin\u0117s aprangos asortimento, Bandit\u2122 yra specialiai sukurta visadieniams med\u017eiokl\u0117s ir \u017eygi\u0173 reikalams. I\u0161orinis naudingumas plok\u0161t\u0117 turi lazerio i\u0161pjaut\u0105 MOLLE tinklin\u0119 dang\u0105, kad b\u016bt\u0173 galima pritvirtinti suderinamus priedus ir krep\u0161elius, bei ne\u0161ti striuk\u0119 arba \u012frang\u0105 greitam pri\u0117jimui. \u0160onin\u0117s tempimo ki\u0161en\u0117s gali laikyti butelius su vandeniu ir ilgesnius daiktus, tokius kaip trikojis, steb\u0117jimo teleskopas arba \u017eygi\u0173 lazdos.<\/p>\n","protected":false},"featured_media":704275,"template":"","meta":{"_acf_changed":false},"product_brand":[15146],"product_cat":[13685],"product_tag":[],"class_list":{"0":"post-704241","1":"product","2":"type-product","3":"status-publish","4":"has-post-thumbnail","6":"product_brand-eberlestock","7":"product_cat-kuprines","9":"first","10":"instock","11":"taxable","12":"shipping-taxable","13":"purchasable","14":"product-type-variable","15":"wvs-archive-product-wrapper"},"acf":[],"_links":{"self":[{"href":"https:\/\/nbg.eu\/lt\/wp-json\/wp\/v2\/product\/704241","targetHints":{"allow":["GET"]}}],"collection":[{"href":"https:\/\/nbg.eu\/lt\/wp-json\/wp\/v2\/product"}],"about":[{"href":"https:\/\/nbg.eu\/lt\/wp-json\/wp\/v2\/types\/product"}],"wp:featuredmedia":[{"embeddable":true,"href":"https:\/\/nbg.eu\/lt\/wp-json\/wp\/v2\/media\/704275"}],"wp:attachment":[{"href":"https:\/\/nbg.eu\/lt\/wp-json\/wp\/v2\/media?parent=704241"}],"wp:term":[{"taxonomy":"product_brand","embeddable":true,"href":"https:\/\/nbg.eu\/lt\/wp-json\/wp\/v2\/product_brand?post=704241"},{"taxonomy":"product_cat","embeddable":true,"href":"https:\/\/nbg.eu\/lt\/wp-json\/wp\/v2\/product_cat?post=704241"},{"taxonomy":"product_tag","embeddable":true,"href":"https:\/\/nbg.eu\/lt\/wp-json\/wp\/v2\/product_tag?post=704241"}],"curies":[{"name":"wp","href":"https:\/\/api.w.org\/{rel}","templated":true}]}}