{"id":704609,"date":"2025-12-23T12:15:29","date_gmt":"2025-12-23T09:15:29","guid":{"rendered":"https:\/\/nbg.eu\/product\/peiliuko-kuprine\/"},"modified":"2026-04-15T14:29:47","modified_gmt":"2026-04-15T11:29:47","slug":"peiliuko-kuprine","status":"publish","type":"product","link":"https:\/\/nbg.eu\/lt\/produktas\/peiliuko-kuprine\/","title":{"rendered":"Eberlestock Kuprin\u0117 Switchblade"},"content":{"rendered":"<h2>\u201eSwitchblade&#8221; kuprin\u0117: maksimalus erdvumas ir diskre\u010dios ne\u0161iojimo galimyb\u0117s<\/h2>\n<p>\u201eSwitchblade\u2122&#8221; kuprin\u0117 suprojektuota taip, kad i\u0161laikyt\u0173 \u017eem\u0105 profil\u012f, ta\u010diau si\u016blo maksimal\u0173 erdvum\u0105 ir organizacin\u0119 strukt\u016br\u0105. Atidarykite vir\u0161utin\u012f ki\u0161en\u0117s dangtel\u012f, kad pasiektum\u0117te dvi d\u0117tuvi\u0173 ki\u0161enes ir kitas smulkias organizavimo funkcijas. Viduje rasite dokument\u0173 skyri\u0173, puikiai tinkant\u012f iPadui, ne\u0161iojamiems kompiuteriams ar net trumpavamzdei \u0161autuvui.<\/p>\n<p>Kuprin\u0117s priekyje yra didel\u0117 ki\u0161en\u0117, skirta greitai pasiekti svarbius daiktus. Kiekvienoje \u0161onin\u0117je pus\u0117je yra po dvi rai\u0161telin\u0117s taureli\u0173 laikiklio ki\u0161enes, taip pat plok\u0161\u010dia \u0161onin\u0117 u\u017esegama ki\u0161en\u0117. Kuprin\u0117je taip pat yra pasl\u0117pta magnetin\u0117, greitai atidaroma CCW (sl\u0117ptinos ne\u0161iojimosi asmens ginkl\u0173) ki\u0161en\u0117 diskreti\u0161kam slaptos ne\u0161iojimosi ginklo d\u0117jimui.<\/p>\n<p>Turint 1 785 kubini\u0173 coli\u0173 (29,3 l) bendr\u0105 t\u016br\u012f ir svorio 3,60 svar\u0173, \u201eSwitchblade\u2122&#8221; si\u016blo didel\u012f erdvum\u0105 ir mobilum\u0105. Pagrindin\u0117s krep\u0161io matmenys yra 20,5 coli\u0173 auk\u0161\u010dio, 12 coli\u0173 plo\u010dio ir 8 coli\u0173 gylio, tod\u0117l jis yra universalus kasdieniam naudojimui ar taktin\u0117ms operacijoms.<\/p>\n<p>Pagrindin\u0117s funkcijos apima ret\u0173j\u0173 \u017eem\u0117s magnetinius atidarym\u0105, kad b\u016bt\u0173 greitas prieigos prie sl\u0117ptinai ne\u0161iojamo ginklo ki\u0161eni\u0173, kilp\u0173-velcro PALS audin\u012f, prie kurio galima tvirtinti MOLLE- ar velcro-pagrindu darytas papildomas detales, bei vidines ki\u0161enes skirt\u0105sias hidracijai, \u0161oviniams ir smulki\u0173 daikt\u0173 laikymui. Nuimama kuprin\u0117s sistema ir juosmens dir\u017e\u0173 suderinimas prideda prie kuprin\u0117s suderinimo galimybi\u0173.<\/p>\n<p>\u201eSwitchblade\u2122&#8221; taip pat turi naujosios kartos MOLLE-10 audin\u012f, kuris leid\u017eia iki 60% suma\u017einti svor\u012f, palyginus su standartini\u0173 25 mm MOLLE matric\u0173, ir ambiu\u0161\u016br\u0173 sl\u0117ptinai ne\u0161iojimosi d\u0117kl\u0105, tinkant\u012f daugumai pistolet\u0173, \u012fskaitant did\u017eiagabaritus automatinius \u0161aunamuosius ginklus. Norint apsaugoti nuo oro s\u0105lyg\u0173, galima naudoti m\u016bs\u0173 ma\u017e\u0105 apverst\u0105 lietaus apsaug\u0105.<\/p>\n","protected":false},"excerpt":{"rendered":"<p>Switchblade\u2122 i\u0161laiko \u017eem\u0105 profil\u012f, su maksimaliai erdvia ir organizuota sand\u0117liavimo erdve. Atidarykite vir\u0161utin\u012f dangtel\u012f ir rasite du d\u0117klus \u017eurnalams bei kitas smulkias organizavimo funkcijas. Viduje rasite dokument\u0173 skyrikl\u012f skirta iPad, ne\u0161iojamiems kompiuteriams arba net trumpapipiliam \u0161aunamiesiems ginklams. Pakuot\u0117s priekin\u0117 dalis turi didel\u012f ki\u0161en\u0119, skirta greitam svarbi\u0173 daikt\u0173 prieinamumui. Kiekvienoje \u0161one yra po poras dir\u017eini\u0173 puodelio ki\u0161eni\u0173, taip pat plok\u0161\u010dia \u0161ono u\u017etraukiamo u\u017esegimo ki\u0161en\u0117. Jame taip pat yra pasl\u0117pta, magnetin\u0117, atvira, spar\u010dios prieigos CCW ki\u0161en\u0117.<\/p>\n","protected":false},"featured_media":704701,"template":"","meta":{"_acf_changed":false},"product_brand":[15146],"product_cat":[13685],"product_tag":[],"class_list":{"0":"post-704609","1":"product","2":"type-product","3":"status-publish","4":"has-post-thumbnail","6":"product_brand-eberlestock","7":"product_cat-kuprines","9":"first","10":"instock","11":"taxable","12":"shipping-taxable","13":"purchasable","14":"product-type-variable","15":"wvs-archive-product-wrapper"},"acf":[],"_links":{"self":[{"href":"https:\/\/nbg.eu\/lt\/wp-json\/wp\/v2\/product\/704609","targetHints":{"allow":["GET"]}}],"collection":[{"href":"https:\/\/nbg.eu\/lt\/wp-json\/wp\/v2\/product"}],"about":[{"href":"https:\/\/nbg.eu\/lt\/wp-json\/wp\/v2\/types\/product"}],"wp:featuredmedia":[{"embeddable":true,"href":"https:\/\/nbg.eu\/lt\/wp-json\/wp\/v2\/media\/704701"}],"wp:attachment":[{"href":"https:\/\/nbg.eu\/lt\/wp-json\/wp\/v2\/media?parent=704609"}],"wp:term":[{"taxonomy":"product_brand","embeddable":true,"href":"https:\/\/nbg.eu\/lt\/wp-json\/wp\/v2\/product_brand?post=704609"},{"taxonomy":"product_cat","embeddable":true,"href":"https:\/\/nbg.eu\/lt\/wp-json\/wp\/v2\/product_cat?post=704609"},{"taxonomy":"product_tag","embeddable":true,"href":"https:\/\/nbg.eu\/lt\/wp-json\/wp\/v2\/product_tag?post=704609"}],"curies":[{"name":"wp","href":"https:\/\/api.w.org\/{rel}","templated":true}]}}