{"id":719766,"date":"2026-01-26T13:11:03","date_gmt":"2026-01-26T10:11:03","guid":{"rendered":"https:\/\/nbg.eu\/product\/vyriska-peak-orange-14c28n\/"},"modified":"2026-05-13T16:03:01","modified_gmt":"2026-05-13T13:03:01","slug":"vyriska-peak-orange-14c28n","status":"publish","type":"product","link":"https:\/\/nbg.eu\/lt\/produktas\/vyriska-peak-orange-14c28n\/","title":{"rendered":"Vyri\u0161ka PEAK ORANGE 14C28N"},"content":{"rendered":"<h2>Vyri\u0161ka PEAK ORANGE 14C28N sulankstoma peilis<\/h2>\n<p>Vyri\u0161kasis PEAK ORANGE 14C28N sulankstomas peilis turi reversinio s\u0105var\u017eos spaustuk\u0105, kuris prieinamas tiek kairiarankiams, tiek de\u0161iniarankiams. Patvari\u0105 u\u017erakinimo mechanizm\u0105 &#8222;Backlock&#8221; u\u017etikrina saug\u0173 ir patikim\u0105 veikim\u0105.<\/p>\n<p>Pagamintas kruop\u0161\u010diai, PEAK ORANGE 14C28N turi 9,4 cm 14C28N plieno a\u0161men\u012f ir patvari\u0105 G10 ranken\u0105, u\u017etikrinan\u010di\u0105 patog\u0173 ir patikim\u0105 sugriebim\u0105. Bendras 22 cm ilgis padaro j\u012f \u012fvairi\u0173 u\u017eduo\u010di\u0173 pasirinkimu. Sverianti 115 g, \u0161i \u012frankis yra gerai subalansuota ir lengvai valdoma.<\/p>\n<p>Nag\u0173 \u012fsagis leid\u017eia lengvai valdyti viena ranka, o u\u017erakinimo sistema &#8222;Backlock&#8221; u\u017etikrina, kad a\u0161menys b\u016bt\u0173 saugiai pritvirtinti naudojant. Su \u0161velnia oran\u017eine spalva PEAK ORANGE 14C28N suteikia stilingumo j\u016bs\u0173 kasdieniniams ne\u0161iojamiesiems daiktams.<\/p>\n","protected":false},"excerpt":{"rendered":"<p>Reversus kabliukas, tinkantis kairiarankiams ir de\u0161iniarankiams. U\u017eraktas. PEAK ORANGE 14C28N.<\/p>\n","protected":false},"featured_media":719822,"template":"","meta":{"_acf_changed":false},"product_brand":[15095],"product_cat":[15372,15351],"product_tag":[],"class_list":{"0":"post-719766","1":"product","2":"type-product","3":"status-publish","4":"has-post-thumbnail","6":"product_brand-manly-knives","7":"product_cat-folding-knives-lt","8":"product_cat-knives-lt","10":"first","11":"outofstock","12":"taxable","13":"shipping-taxable","14":"purchasable","15":"product-type-simple"},"acf":[],"_links":{"self":[{"href":"https:\/\/nbg.eu\/lt\/wp-json\/wp\/v2\/product\/719766","targetHints":{"allow":["GET"]}}],"collection":[{"href":"https:\/\/nbg.eu\/lt\/wp-json\/wp\/v2\/product"}],"about":[{"href":"https:\/\/nbg.eu\/lt\/wp-json\/wp\/v2\/types\/product"}],"wp:featuredmedia":[{"embeddable":true,"href":"https:\/\/nbg.eu\/lt\/wp-json\/wp\/v2\/media\/719822"}],"wp:attachment":[{"href":"https:\/\/nbg.eu\/lt\/wp-json\/wp\/v2\/media?parent=719766"}],"wp:term":[{"taxonomy":"product_brand","embeddable":true,"href":"https:\/\/nbg.eu\/lt\/wp-json\/wp\/v2\/product_brand?post=719766"},{"taxonomy":"product_cat","embeddable":true,"href":"https:\/\/nbg.eu\/lt\/wp-json\/wp\/v2\/product_cat?post=719766"},{"taxonomy":"product_tag","embeddable":true,"href":"https:\/\/nbg.eu\/lt\/wp-json\/wp\/v2\/product_tag?post=719766"}],"curies":[{"name":"wp","href":"https:\/\/api.w.org\/{rel}","templated":true}]}}