{"id":720006,"date":"2024-08-17T16:59:32","date_gmt":"2024-08-17T13:59:32","guid":{"rendered":"https:\/\/nbg.eu\/product\/grips-kmr-l-modulines-slifavimo-juosteles-trumpos-orca-emiq-titan\/"},"modified":"2026-04-16T18:00:59","modified_gmt":"2026-04-16T15:00:59","slug":"grips-kmr-l-modulines-slifavimo-juosteles-trumpos-orca-emiq-titan","status":"publish","type":"product","link":"https:\/\/nbg.eu\/lt\/produktas\/grips-kmr-l-modulines-slifavimo-juosteles-trumpos-orca-emiq-titan\/","title":{"rendered":"KMR Rankenos L Modular Sandpaper Trumpi Orca, EMIQ Titanas"},"content":{"rendered":"<h2>\u201eGrips KMR L Moduliniai \u0161lifuojamieji trumpieji rankenos Orca, Emiq Titan<\/h2>\n<p>Pakelkite savo \u0161audymo patirt\u012f su \u201eGrips KMR L&#8221; moduliniais \u0161lifuojamaisiais trumposiomis rankenomis Orca ir Emiq Titan. Pagamintos i\u0161 auk\u0161\u010diausios kokyb\u0117s anoduoto duralumo, \u0161ios rankenos pasi\u017eymi ne\u012ftik\u0117tinu patvarumu ir eleganti\u0161ka, moderni\u0173 estetika. Sukurta naudoti su \u0161ovini\u0173 d\u0117tuvu, trumpas ilgis suteikia pagerinta kontrole ir judum\u0105, tod\u0117l tai puikus pasirinkimas \u012fvairioms \u0161audymo paskirtims.<\/p>\n<p>Modulin\u0117 konstrukcija leid\u017eia lengvai pritaikyti, kad atitikt\u0173 j\u016bs\u0173 konkre\u010dius poreikius. Pasi\u017eyminti \u0161lifuot\u0105 tekst\u016bra, \u0161i rankena u\u017etikrina tvirt\u0105 ir patikim\u0105 laikym\u0105, taigi optimali\u0105 stabiluma ir kontrol\u0119 j\u016bs\u0173 \u0161audymo sesij\u0173 metu. Prid\u0117ti \u201eTorx&#8221; sraigtai supaprastina montavim\u0105, leid\u017eia skland\u017eiai integruoti ranken\u0105 su Orca ar Emiq Titan platforma.<\/p>\n<p>Pakelkite savo \u0161audymo patirt\u012f su \u201eGrips KMR L&#8221; moduliniais \u0161lifuojamaisiais trumposiomis rankenomis. Pagamintos kruop\u0161\u010diai ir atkreipiant d\u0117mes\u012f \u012f smulkmenas, \u0161ios rankenos yra privalomas priedas kiekvienam rimtam \u0161auliui. Patobulink savo \u012frang\u0105 \u0161iandien ir patirk, kok\u012f skirtum\u0105 gali padaryti auk\u0161\u010diausios kokyb\u0117s ir dizainas.<\/p>\n","protected":false},"excerpt":{"rendered":"<p>Gripo KMR L modulinis \u0161lifavimo popierius trumpam &#8222;Orca&#8221;, &#8222;Emiq Titan&#8221;. Anoduotas duralumo, su \u017eurnalo vadovu, Torx var\u017etais, KMR logotipas.<\/p>\n","protected":false},"featured_media":720025,"template":"","meta":{"_acf_changed":false},"product_brand":[11496],"product_cat":[13691,14877],"product_tag":[],"class_list":{"0":"post-720006","1":"product","2":"type-product","3":"status-publish","4":"has-post-thumbnail","6":"product_brand-kmr-precision","7":"product_cat-kmr-dalys","8":"product_cat-pistol-grips-lt","10":"first","11":"instock","12":"taxable","13":"shipping-taxable","14":"product-type-simple"},"acf":[],"_links":{"self":[{"href":"https:\/\/nbg.eu\/lt\/wp-json\/wp\/v2\/product\/720006","targetHints":{"allow":["GET"]}}],"collection":[{"href":"https:\/\/nbg.eu\/lt\/wp-json\/wp\/v2\/product"}],"about":[{"href":"https:\/\/nbg.eu\/lt\/wp-json\/wp\/v2\/types\/product"}],"wp:featuredmedia":[{"embeddable":true,"href":"https:\/\/nbg.eu\/lt\/wp-json\/wp\/v2\/media\/720025"}],"wp:attachment":[{"href":"https:\/\/nbg.eu\/lt\/wp-json\/wp\/v2\/media?parent=720006"}],"wp:term":[{"taxonomy":"product_brand","embeddable":true,"href":"https:\/\/nbg.eu\/lt\/wp-json\/wp\/v2\/product_brand?post=720006"},{"taxonomy":"product_cat","embeddable":true,"href":"https:\/\/nbg.eu\/lt\/wp-json\/wp\/v2\/product_cat?post=720006"},{"taxonomy":"product_tag","embeddable":true,"href":"https:\/\/nbg.eu\/lt\/wp-json\/wp\/v2\/product_tag?post=720006"}],"curies":[{"name":"wp","href":"https:\/\/api.w.org\/{rel}","templated":true}]}}