{"id":720230,"date":"2025-05-21T16:04:06","date_gmt":"2025-05-21T13:04:06","guid":{"rendered":"https:\/\/nbg.eu\/product\/magazine-kmr-l-02-orca-cal-40-sw-18-rnds\/"},"modified":"2026-04-16T17:56:02","modified_gmt":"2026-04-16T14:56:02","slug":"magazine-kmr-l-02-orca-cal-40-sw-18-rnds","status":"publish","type":"product","link":"https:\/\/nbg.eu\/lt\/produktas\/magazine-kmr-l-02-orca-cal-40-sw-18-rnds\/","title":{"rendered":"KMR D\u0117tuv\u0117 L-02 ORCA .40 S&amp;W 18 \u0160ov."},"content":{"rendered":"<h2>MAGAZINE KMR L-02 ORCA &#8211; Padidinkite savo ugnies gali\u0105<\/h2>\n<p>Pristatome MAGAZINE KMR L-02 ORCA, didel\u0117s talpos \u017eurnal\u0105, sukurt\u0105 pakelti j\u016bs\u0173 \u0161audymo patirt\u012f. Skirtas galingam .40 S&amp;W \u0161ovini\u0173 kalibru, \u0161is \u017eurnalas gali tilpinti 18 \u0161ovini\u0173, suteikdamas jums padidint\u0105 ugnies gali\u0105 ir suma\u017eindamas pakrovimo intervalus.<\/p>\n<p>Pagamintas su tikslumu ir kruop\u0161tumu, \u017eurnalas yra b\u016btinas priedas \u0161audytojams, kurie reikalauja geriausio. Jo tvirta konstrukcija u\u017etikrina patikim\u0105 veikim\u0105 net ir sud\u0117tingiausiomis s\u0105lygomis.<\/p>\n<p>Su liekna ir ergonomi\u0161ka konstrukcija MAGAZINE KMR L-02 ORCA organi\u0161kai integruojasi \u012f j\u016bs\u0173 ginkl\u0105, suteikdamas patogi\u0105 ir saugi\u0105 ranken\u0105. Padidinta talpa leid\u017eia jums likti veiksm\u0173 centre ilgiau, suma\u017eindama da\u017enus \u017eurnalo keitimus ir maksimaliai padidindama j\u016bs\u0173 taktin\u012f prana\u0161um\u0105.<\/p>\n<p>Patirkite MAGAZINE KMR L-02 ORCA gali\u0105 ir daugiafunkci\u0161kum\u0105, pa\u017eangiausi\u0105 didel\u0117s talpos \u017eurnal\u0105 j\u016bs\u0173 .40 S&amp;W ginklui.<\/p>\n<p>Ref: 1152-02403-0001.<\/p>\n","protected":false},"excerpt":{"rendered":"<p>\u017dURNALO \u201eKMR L-02 ORCA&#8221;, kal. 40 S&amp;W, 18 \u0161audmen\u0173, didel\u0117s talpos \u017eurnalas, skirtas padidinti ugnies gali\u0105.<\/p>\n","protected":false},"featured_media":365273,"template":"","meta":{"_acf_changed":false},"product_brand":[11496],"product_cat":[13691,13687],"product_tag":[],"class_list":{"0":"post-720230","1":"product","2":"type-product","3":"status-publish","4":"has-post-thumbnail","6":"product_brand-kmr-precision","7":"product_cat-kmr-dalys","8":"product_cat-pistoletu-dalys","10":"first","11":"instock","12":"taxable","13":"shipping-taxable","14":"product-type-simple"},"acf":[],"_links":{"self":[{"href":"https:\/\/nbg.eu\/lt\/wp-json\/wp\/v2\/product\/720230","targetHints":{"allow":["GET"]}}],"collection":[{"href":"https:\/\/nbg.eu\/lt\/wp-json\/wp\/v2\/product"}],"about":[{"href":"https:\/\/nbg.eu\/lt\/wp-json\/wp\/v2\/types\/product"}],"wp:featuredmedia":[{"embeddable":true,"href":"https:\/\/nbg.eu\/lt\/wp-json\/wp\/v2\/media\/365273"}],"wp:attachment":[{"href":"https:\/\/nbg.eu\/lt\/wp-json\/wp\/v2\/media?parent=720230"}],"wp:term":[{"taxonomy":"product_brand","embeddable":true,"href":"https:\/\/nbg.eu\/lt\/wp-json\/wp\/v2\/product_brand?post=720230"},{"taxonomy":"product_cat","embeddable":true,"href":"https:\/\/nbg.eu\/lt\/wp-json\/wp\/v2\/product_cat?post=720230"},{"taxonomy":"product_tag","embeddable":true,"href":"https:\/\/nbg.eu\/lt\/wp-json\/wp\/v2\/product_tag?post=720230"}],"curies":[{"name":"wp","href":"https:\/\/api.w.org\/{rel}","templated":true}]}}