{"id":720275,"date":"2025-03-04T21:36:59","date_gmt":"2025-03-04T18:36:59","guid":{"rendered":"https:\/\/nbg.eu\/product\/rankinis-saugiklio-rinkinys-kmr-27-plokscias-kairiarankis\/"},"modified":"2026-04-16T17:56:27","modified_gmt":"2026-04-16T14:56:27","slug":"rankinis-saugiklio-rinkinys-kmr-27-plokscias-kairiarankis","status":"publish","type":"product","link":"https:\/\/nbg.eu\/lt\/produktas\/rankinis-saugiklio-rinkinys-kmr-27-plokscias-kairiarankis\/","title":{"rendered":"KMR Rankinis Saugiklio Rinkinys 27 Plok\u0161\u010dias, Kairiems"},"content":{"rendered":"<h2>RANKIN\u0116 SAUGUMO PRIEMON\u0116 KMR 27 PLOK\u0160\u010cIA, KAIRIARANKIAMS<\/h2>\n<p>RANKIN\u0116 SAUGUMO PRIEMON\u0116 KMR 27 PLOK\u0160\u010cIA, KAIRIARANKIAMS yra auk\u0161tos kokyb\u0117s saugumo \u012ftaisas, skirtas kairiarankiams naudotojams. \u0160is rinkinys pasi\u017eymi plok\u0161\u010diu profiliumi, kuris suteikia eleganti\u0161k\u0105, diskre\u010di\u0105 i\u0161vaizd\u0105 ir lengv\u0105 valdym\u0105. Pagaminta naudojant tikslius in\u017einerinius sprendimus, saugumo priemon\u0117 u\u017etikrina patikim\u0105 apsaug\u0105 nuo atsitiktinio i\u0161\u0161ovimo, pagerinant bendro j\u016bs\u0173 \u0161aunamojo ginklo saugum\u0105.<\/p>\n<p>Sukurta siekiant skland\u017eiai integruotis su pla\u010diu spektru \u0161aunam\u0173j\u0173 ginkl\u0173, RANKIN\u0116 SAUGUMO PRIEMON\u0116 KMR 27 PLOK\u0160\u010cIA, KAIRIARANKIAMS yra universalus ir patikimas saugumo sprendimas. Jos plok\u0161\u010dias profilis suma\u017eina \u012fstri\u017eimo ar trukd\u017ei\u0173 rizik\u0105, u\u017etikrinant skland\u0173 ir netrukdom\u0105 naudotojo patirt\u012f. Nesvarbu, ar esate patyr\u0119 \u0161auliai, ar pradedantieji, \u0161i saugumo priemon\u0117 yra b\u016btina j\u016bs\u0173 \u0161aunam\u0173j\u0173 ginkl\u0173 pried\u0173 dalis.<\/p>\n","protected":false},"excerpt":{"rendered":"<p>Rankinis saugos rinkinys KMR 27, plok\u0161\u010dios, kairiarankio dizaino saugiam naudojimui.<\/p>\n","protected":false},"featured_media":236772,"template":"","meta":{"_acf_changed":false},"product_brand":[11496],"product_cat":[13691],"product_tag":[],"class_list":{"0":"post-720275","1":"product","2":"type-product","3":"status-publish","4":"has-post-thumbnail","6":"product_brand-kmr-precision","7":"product_cat-kmr-dalys","9":"first","10":"instock","11":"taxable","12":"shipping-taxable","13":"purchasable","14":"product-type-simple"},"acf":[],"_links":{"self":[{"href":"https:\/\/nbg.eu\/lt\/wp-json\/wp\/v2\/product\/720275","targetHints":{"allow":["GET"]}}],"collection":[{"href":"https:\/\/nbg.eu\/lt\/wp-json\/wp\/v2\/product"}],"about":[{"href":"https:\/\/nbg.eu\/lt\/wp-json\/wp\/v2\/types\/product"}],"wp:featuredmedia":[{"embeddable":true,"href":"https:\/\/nbg.eu\/lt\/wp-json\/wp\/v2\/media\/236772"}],"wp:attachment":[{"href":"https:\/\/nbg.eu\/lt\/wp-json\/wp\/v2\/media?parent=720275"}],"wp:term":[{"taxonomy":"product_brand","embeddable":true,"href":"https:\/\/nbg.eu\/lt\/wp-json\/wp\/v2\/product_brand?post=720275"},{"taxonomy":"product_cat","embeddable":true,"href":"https:\/\/nbg.eu\/lt\/wp-json\/wp\/v2\/product_cat?post=720275"},{"taxonomy":"product_tag","embeddable":true,"href":"https:\/\/nbg.eu\/lt\/wp-json\/wp\/v2\/product_tag?post=720275"}],"curies":[{"name":"wp","href":"https:\/\/api.w.org\/{rel}","templated":true}]}}