{"id":720877,"date":"2024-08-18T12:16:47","date_gmt":"2024-08-18T09:16:47","guid":{"rendered":"https:\/\/nbg.eu\/product\/ugnies-tasko-kmr-l\/"},"modified":"2026-05-13T16:02:00","modified_gmt":"2026-05-13T13:02:00","slug":"ugnies-tasko-kmr-l","status":"publish","type":"product","link":"https:\/\/nbg.eu\/lt\/produktas\/ugnies-tasko-kmr-l\/","title":{"rendered":"KMR Sm\u016bginis L"},"content":{"rendered":"<h2>Degimo kai\u0161tis KMR L: patikimas pasirinkimas tikslioms \u0161audyn\u0117ms<\/h2>\n<p>Pristatome degimo kai\u0161t\u012f KMR L, auk\u0161\u010diausios klas\u0117s komponent\u0105, skirt\u0105 rimtiems \u0161auli\u0173. Pagamintas su tikslumu ir kruop\u0161tumu, \u0161is degimo kai\u0161tis prieinamas \u012fvairiuose modeliuose, kad atitikt\u0173 j\u016bs\u0173 konkre\u010dius poreikius.<\/p>\n<p>Suprojektuotas ilgaam\u017ei\u0161kumui, degimo kai\u0161tis KMR L pasi\u017eymi tvirta konstrukcija, kuri gali atlaikyti da\u017eno naudojimo reikalavimus. Jo be si\u016bli\u0173 integracija u\u017etikrina skland\u0173 ir patikim\u0105 gaiduko traukim\u0105, leid\u017eiant\u012f jums atlikti tiksli\u0173 \u0161\u016bvi\u0173 su pasitik\u0117jimu. Sukurtas derinti su j\u016bs\u0173 ginklu, \u0161is degimo kai\u0161tis yra tobulas patobulinimas tiems, kurie siekia pagerinti savo \u0161audymo patirt\u012f.<\/p>\n<p>Atnaujinkite savo ginkl\u0105 jau \u0161iandien ir pakilkite \u012f nauj\u0105 \u0161audymo auk\u0161t\u012f.<\/p>\n","protected":false},"excerpt":{"rendered":"<p>Universalus u\u017etaisymo kai\u0161tis KMR L serijos \u0161aunamiesiems ginklams.<\/p>\n","protected":false},"featured_media":30323,"template":"","meta":{"_acf_changed":false},"product_brand":[11496],"product_cat":[13691,14772],"product_tag":[],"class_list":{"0":"post-720877","1":"product","2":"type-product","3":"status-publish","4":"has-post-thumbnail","6":"product_brand-kmr-precision","7":"product_cat-kmr-dalys","8":"product_cat-saudymo-kaisciai","10":"first","11":"outofstock","12":"taxable","13":"shipping-taxable","14":"product-type-simple"},"acf":[],"_links":{"self":[{"href":"https:\/\/nbg.eu\/lt\/wp-json\/wp\/v2\/product\/720877","targetHints":{"allow":["GET"]}}],"collection":[{"href":"https:\/\/nbg.eu\/lt\/wp-json\/wp\/v2\/product"}],"about":[{"href":"https:\/\/nbg.eu\/lt\/wp-json\/wp\/v2\/types\/product"}],"wp:featuredmedia":[{"embeddable":true,"href":"https:\/\/nbg.eu\/lt\/wp-json\/wp\/v2\/media\/30323"}],"wp:attachment":[{"href":"https:\/\/nbg.eu\/lt\/wp-json\/wp\/v2\/media?parent=720877"}],"wp:term":[{"taxonomy":"product_brand","embeddable":true,"href":"https:\/\/nbg.eu\/lt\/wp-json\/wp\/v2\/product_brand?post=720877"},{"taxonomy":"product_cat","embeddable":true,"href":"https:\/\/nbg.eu\/lt\/wp-json\/wp\/v2\/product_cat?post=720877"},{"taxonomy":"product_tag","embeddable":true,"href":"https:\/\/nbg.eu\/lt\/wp-json\/wp\/v2\/product_tag?post=720877"}],"curies":[{"name":"wp","href":"https:\/\/api.w.org\/{rel}","templated":true}]}}