{"id":721246,"date":"2024-08-18T11:07:42","date_gmt":"2024-08-18T08:07:42","guid":{"rendered":"https:\/\/nbg.eu\/product\/griztamojo-slegio-varztas-m35-torx-kmr\/"},"modified":"2026-04-16T18:00:12","modified_gmt":"2026-04-16T15:00:12","slug":"griztamojo-slegio-varztas-m35-torx-kmr","status":"publish","type":"product","link":"https:\/\/nbg.eu\/lt\/produktas\/griztamojo-slegio-varztas-m35-torx-kmr\/","title":{"rendered":"KMR Rankenos Var\u017etas M3.5 Torx"},"content":{"rendered":"<h2>Griebimo var\u017etas M3,5 Torx KMR<\/h2>\n<p>Pagamintas kruop\u0161\u010diai ir su d\u0117mesiu detal\u0117ms, \u0161is griebimo var\u017etas u\u017etikrina saug\u0173 ir patikim\u0105 sutvirtinim\u0105, pagerinant\u012f bendr\u0105 Weapons KMR veikim\u0105 ir funkcionalum\u0105. Turintis Torx konstrukcij\u0105, jis u\u017etikrina saug\u0173 ir nuosekl\u0173 sujungim\u0105, apsaugodamas nuo nepageidaujamo atlaisvinimo ar perk\u0117limo naudojant.<\/p>\n<p>Nepriklausomai nuo to, ar esate patyr\u0119 \u0161auliai, ar taktiniai entuziastai, \u0161is priedas yra b\u016btinas j\u016bs\u0173 Weapons KMR vientisumo ir patikimumo palaikymui. Pakelkite savo \u0161audymo patirt\u012f naudodamiesi \u0161ia esmine dalimi, sukurta integruotis su j\u016bs\u0173 pasirinktu KMR modeliu.<\/p>\n<p>Skirta Weapons KMR:<\/p>\n<p>KMR L-02 EMIQ<\/p>\n<p>KMR L-02 EMIQ (OR)<\/p>\n<p>KMR L-02 ORCA NUO 2024<\/p>\n<p>KMR L-02 ORCA IKI 2023<\/p>\n<p>KMR L-02 SPECTRA NUO 2024<\/p>\n<p>KMR L-02 SPECTRA IKI 2023<\/p>\n<p>KMR L-02 UMBRA (OR) SR<\/p>\n<p>KMR S-01 LANCE (OR)<\/p>\n<p>KMR S-02 NUO 2024<\/p>\n<p>KMR S-02 IKI 2023<\/p>\n<p>KMR W-02 CUDA (OR)<\/p>\n<p>KMR W-02 UMBRA<\/p>\n<p>KMR W-02 UMBRA (OR)<\/p>\n","protected":false},"excerpt":{"rendered":"<p>Fiksavimo var\u017etas M3,5 Torx KMR skirtas KMR ginkl\u0173 modeliams.<\/p>\n","protected":false},"featured_media":25293,"template":"","meta":{"_acf_changed":false},"product_brand":[11496],"product_cat":[13691,14877],"product_tag":[],"class_list":{"0":"post-721246","1":"product","2":"type-product","3":"status-publish","4":"has-post-thumbnail","6":"product_brand-kmr-precision","7":"product_cat-kmr-dalys","8":"product_cat-pistol-grips-lt","10":"first","11":"instock","12":"taxable","13":"shipping-taxable","14":"product-type-simple"},"acf":[],"_links":{"self":[{"href":"https:\/\/nbg.eu\/lt\/wp-json\/wp\/v2\/product\/721246","targetHints":{"allow":["GET"]}}],"collection":[{"href":"https:\/\/nbg.eu\/lt\/wp-json\/wp\/v2\/product"}],"about":[{"href":"https:\/\/nbg.eu\/lt\/wp-json\/wp\/v2\/types\/product"}],"wp:featuredmedia":[{"embeddable":true,"href":"https:\/\/nbg.eu\/lt\/wp-json\/wp\/v2\/media\/25293"}],"wp:attachment":[{"href":"https:\/\/nbg.eu\/lt\/wp-json\/wp\/v2\/media?parent=721246"}],"wp:term":[{"taxonomy":"product_brand","embeddable":true,"href":"https:\/\/nbg.eu\/lt\/wp-json\/wp\/v2\/product_brand?post=721246"},{"taxonomy":"product_cat","embeddable":true,"href":"https:\/\/nbg.eu\/lt\/wp-json\/wp\/v2\/product_cat?post=721246"},{"taxonomy":"product_tag","embeddable":true,"href":"https:\/\/nbg.eu\/lt\/wp-json\/wp\/v2\/product_tag?post=721246"}],"curies":[{"name":"wp","href":"https:\/\/api.w.org\/{rel}","templated":true}]}}