{"id":721309,"date":"2026-01-19T18:48:08","date_gmt":"2026-01-19T15:48:08","guid":{"rendered":"https:\/\/nbg.eu\/product\/rh-crocy-gizmo-adapteris\/"},"modified":"2026-02-27T16:25:45","modified_gmt":"2026-02-27T13:25:45","slug":"rh-crocy-gizmo-adapteris","status":"publish","type":"product","link":"https:\/\/nbg.eu\/lt\/produktas\/rh-crocy-gizmo-adapteris\/","title":{"rendered":"RH Crocy Gizmo adapteris"},"content":{"rendered":"<h2>RH Crocy Gizmo adapteris<\/h2>\n<p>Crocy Gizmo yra jungimo detal\u0117, sukurta RH Crocy AIWB d\u0117kl\u0173 sistemai. Ji leid\u017eia pritvirtinti d\u0117tuv\u0117s d\u0117kl\u0105 tiesiai prie d\u0117klo pilnai AIWB ne\u0161iojimo konfig\u016bracijai.<\/p>\n<h3>Pagrindin\u0117s savyb\u0117s:<\/h3>\n<ul>\n<li>Sujungia Crocy d\u0117tuv\u0117s d\u0117kl\u0105 su Crocy AIWB d\u0117klu<\/li>\n<li>Kydex konstrukcija patvarumui<\/li>\n<li>Leid\u017eia modulin\u0119 AIWB konfig\u016bracij\u0105<\/li>\n<li>Lengvas ir \u017eemo profilio<\/li>\n<\/ul>\n","protected":false},"excerpt":{"rendered":"<p>RH Crocy Gizmo: Jungimo detal\u0117 d\u0117tuv\u0117s d\u0117klo tvirtinimui prie Crocy AIWB d\u0117klo.<\/p>\n","protected":false},"featured_media":721310,"template":"","meta":{"_acf_changed":false},"product_brand":[11639],"product_cat":[13722],"product_tag":[],"class_list":{"0":"post-721309","1":"product","2":"type-product","3":"status-publish","4":"has-post-thumbnail","6":"product_brand-rh-holsters","7":"product_cat-deklu-priedai","9":"first","10":"instock","11":"taxable","12":"shipping-taxable","13":"purchasable","14":"product-type-simple"},"acf":[],"_links":{"self":[{"href":"https:\/\/nbg.eu\/lt\/wp-json\/wp\/v2\/product\/721309","targetHints":{"allow":["GET"]}}],"collection":[{"href":"https:\/\/nbg.eu\/lt\/wp-json\/wp\/v2\/product"}],"about":[{"href":"https:\/\/nbg.eu\/lt\/wp-json\/wp\/v2\/types\/product"}],"wp:featuredmedia":[{"embeddable":true,"href":"https:\/\/nbg.eu\/lt\/wp-json\/wp\/v2\/media\/721310"}],"wp:attachment":[{"href":"https:\/\/nbg.eu\/lt\/wp-json\/wp\/v2\/media?parent=721309"}],"wp:term":[{"taxonomy":"product_brand","embeddable":true,"href":"https:\/\/nbg.eu\/lt\/wp-json\/wp\/v2\/product_brand?post=721309"},{"taxonomy":"product_cat","embeddable":true,"href":"https:\/\/nbg.eu\/lt\/wp-json\/wp\/v2\/product_cat?post=721309"},{"taxonomy":"product_tag","embeddable":true,"href":"https:\/\/nbg.eu\/lt\/wp-json\/wp\/v2\/product_tag?post=721309"}],"curies":[{"name":"wp","href":"https:\/\/api.w.org\/{rel}","templated":true}]}}