{"id":721355,"date":"2026-01-19T18:48:05","date_gmt":"2026-01-19T15:48:05","guid":{"rendered":"https:\/\/nbg.eu\/product\/rh-crocy-papildomas-kablys\/"},"modified":"2026-02-27T16:26:41","modified_gmt":"2026-02-27T13:26:41","slug":"rh-crocy-papildomas-kablys","status":"publish","type":"product","link":"https:\/\/nbg.eu\/lt\/produktas\/rh-crocy-papildomas-kablys\/","title":{"rendered":"RH Crocy papildomas kablys"},"content":{"rendered":"<h2>RH Crocy papildomas kablys<\/h2>\n<p>RH Crocy papildomas kablys suteikia papildom\u0105 dir\u017eo tvirtinim\u0105 Crocy AIWB d\u0117kl\u0173 sistemai, gerinant stabilum\u0105 ir svorio pasiskirstym\u0105 AIWB ne\u0161iojimo metu.<\/p>\n<h3>Pagrindin\u0117s savyb\u0117s:<\/h3>\n<ul>\n<li>Plienin\u0117 konstrukcija patvarumui<\/li>\n<li>Suderinama su 40 mm dir\u017eu<\/li>\n<li>Prideda antr\u0105 tvirtinimo ta\u0161k\u0105 Crocy sistemai<\/li>\n<li>Gerina d\u0117klo stabilum\u0105 ir ma\u017eina jud\u0117jim\u0105<\/li>\n<li>Lengvas montavimas ant Crocy d\u0117klo<\/li>\n<\/ul>\n","protected":false},"excerpt":{"rendered":"<p>RH Crocy papildomas kablys: Plieninis kablys geresniam Crocy AIWB sistemos stabilumui.<\/p>\n","protected":false},"featured_media":721356,"template":"","meta":{"_acf_changed":false},"product_brand":[11639],"product_cat":[13722],"product_tag":[],"class_list":{"0":"post-721355","1":"product","2":"type-product","3":"status-publish","4":"has-post-thumbnail","6":"product_brand-rh-holsters","7":"product_cat-deklu-priedai","9":"first","10":"instock","11":"taxable","12":"shipping-taxable","13":"purchasable","14":"product-type-simple"},"acf":[],"_links":{"self":[{"href":"https:\/\/nbg.eu\/lt\/wp-json\/wp\/v2\/product\/721355","targetHints":{"allow":["GET"]}}],"collection":[{"href":"https:\/\/nbg.eu\/lt\/wp-json\/wp\/v2\/product"}],"about":[{"href":"https:\/\/nbg.eu\/lt\/wp-json\/wp\/v2\/types\/product"}],"wp:featuredmedia":[{"embeddable":true,"href":"https:\/\/nbg.eu\/lt\/wp-json\/wp\/v2\/media\/721356"}],"wp:attachment":[{"href":"https:\/\/nbg.eu\/lt\/wp-json\/wp\/v2\/media?parent=721355"}],"wp:term":[{"taxonomy":"product_brand","embeddable":true,"href":"https:\/\/nbg.eu\/lt\/wp-json\/wp\/v2\/product_brand?post=721355"},{"taxonomy":"product_cat","embeddable":true,"href":"https:\/\/nbg.eu\/lt\/wp-json\/wp\/v2\/product_cat?post=721355"},{"taxonomy":"product_tag","embeddable":true,"href":"https:\/\/nbg.eu\/lt\/wp-json\/wp\/v2\/product_tag?post=721355"}],"curies":[{"name":"wp","href":"https:\/\/api.w.org\/{rel}","templated":true}]}}