{"id":721405,"date":"2026-01-19T18:48:06","date_gmt":"2026-01-19T15:48:06","guid":{"rendered":"https:\/\/nbg.eu\/product\/rh-crocy-detuves-laikiklis\/"},"modified":"2026-02-27T16:44:37","modified_gmt":"2026-02-27T13:44:37","slug":"rh-crocy-detuves-laikiklis","status":"publish","type":"product","link":"https:\/\/nbg.eu\/lt\/produktas\/rh-crocy-detuves-laikiklis\/","title":{"rendered":"RH Crocy d\u0117tuv\u0117s laikiklis"},"content":{"rendered":"<h2>RH Crocy d\u0117tuv\u0117s laikiklis<\/h2>\n<p>RH Crocy d\u0117tuv\u0117s laikiklis yra specializuotas AIWB d\u0117tuv\u0117s laikiklis, sukurtas naudoti kartu su RH Crocy d\u0117kl\u0173 sistema. Tvirtinamas per Crocy Gizmo jungimo detal\u0119 arba gali b\u016bti ne\u0161iojamas savaranki\u0161kai su plieniniu kabliu.<\/p>\n<h3>Pagrindin\u0117s savyb\u0117s:<\/h3>\n<ul>\n<li>Plieninis kablys saugiam tvirtinimui prie dir\u017eo<\/li>\n<li>Suderinama su 40 mm dir\u017eu<\/li>\n<li>Reguliuojamas laikymas reguliavimo var\u017etais<\/li>\n<li>Kydex konstrukcija tiksliam d\u0117tuv\u0117s telpamumui<\/li>\n<li>Skirtas AIWB ne\u0161iojimui<\/li>\n<li>Suderinama su Crocy Gizmo modulinei d\u0117klo integracijai<\/li>\n<\/ul>\n","protected":false},"excerpt":{"rendered":"<p>RH Crocy d\u0117tuv\u0117s laikiklis: AIWB d\u0117tuv\u0117s laikiklis su plieniniu kabliu ir reguliuojamu laikymu.<\/p>\n","protected":false},"featured_media":721406,"template":"","meta":{"_acf_changed":false},"product_brand":[11639],"product_cat":[13722],"product_tag":[],"class_list":{"0":"post-721405","1":"product","2":"type-product","3":"status-publish","4":"has-post-thumbnail","6":"product_brand-rh-holsters","7":"product_cat-deklu-priedai","9":"first","10":"instock","11":"taxable","12":"shipping-taxable","13":"purchasable","14":"product-type-simple"},"acf":[],"_links":{"self":[{"href":"https:\/\/nbg.eu\/lt\/wp-json\/wp\/v2\/product\/721405","targetHints":{"allow":["GET"]}}],"collection":[{"href":"https:\/\/nbg.eu\/lt\/wp-json\/wp\/v2\/product"}],"about":[{"href":"https:\/\/nbg.eu\/lt\/wp-json\/wp\/v2\/types\/product"}],"wp:featuredmedia":[{"embeddable":true,"href":"https:\/\/nbg.eu\/lt\/wp-json\/wp\/v2\/media\/721406"}],"wp:attachment":[{"href":"https:\/\/nbg.eu\/lt\/wp-json\/wp\/v2\/media?parent=721405"}],"wp:term":[{"taxonomy":"product_brand","embeddable":true,"href":"https:\/\/nbg.eu\/lt\/wp-json\/wp\/v2\/product_brand?post=721405"},{"taxonomy":"product_cat","embeddable":true,"href":"https:\/\/nbg.eu\/lt\/wp-json\/wp\/v2\/product_cat?post=721405"},{"taxonomy":"product_tag","embeddable":true,"href":"https:\/\/nbg.eu\/lt\/wp-json\/wp\/v2\/product_tag?post=721405"}],"curies":[{"name":"wp","href":"https:\/\/api.w.org\/{rel}","templated":true}]}}