{"id":722489,"date":"2026-03-06T17:29:34","date_gmt":"2026-03-06T14:29:34","guid":{"rendered":"https:\/\/nbg.eu\/product\/eberlestock-cirrus-ultralight-sauso-maisas-dry-earth\/"},"modified":"2026-04-15T14:29:38","modified_gmt":"2026-04-15T11:29:38","slug":"eberlestock-cirrus-ultralight-sauso-maisas-dry-earth","status":"publish","type":"product","link":"https:\/\/nbg.eu\/lt\/produktas\/eberlestock-cirrus-ultralight-sauso-maisas-dry-earth\/","title":{"rendered":"Eberlestock Sausa Talpa Cirrus Ultralight, Dry Earth"},"content":{"rendered":"<h2>Eberlestock Cirrus ypa\u010d lengvas neper\u0161lampamas mai\u0161as<\/h2>\n<p>Cirrus ypa\u010d lengv\u0173 neper\u0161lampam\u0173 mai\u0161\u0173 serija u\u017etikrina patikim\u0105 apsaug\u0105 nuo vandens j\u016bs\u0173 \u012frangai lengvame, kompakti\u0161kame formate. Nesvarbu, ar tvarkote kuprin\u0117s turin\u012f keli\u0173 dien\u0173 med\u017eioklei, ar saugote svarbi\u0105 elektronik\u0105 keldamiesi per up\u0119, Cirrus mai\u0161ai u\u017etikrina patikim\u0105 veikim\u0105 be nereikalingo svorio.<\/p>\n<h3>Neper\u0161lampamas u\u017elenkiamas dizainas<\/h3>\n<p>Kiekvienas mai\u0161as turi u\u017elenkiam\u0105 u\u017edarym\u0105 su paprastu D formos kilpa papildomam saugumui, u\u017etikrinant vandeniui nepralaid\u0173 sandarinim\u0105 nuo lietaus, sniego ir panardinimo. Ypa\u010d lengva konstrukcija prideda minimal\u0173 svor\u012f prie j\u016bs\u0173 krovinio, tuo pat metu u\u017etikrindama rimt\u0105 apsaug\u0105.<\/p>\n<h3>Paprastas organizavimas<\/h3>\n<p>Kontrastingi juodi dyd\u017eio etiket\u0117s ant kiekvieno mai\u0161o leid\u017eia greitai identifikuoti naudojant kelis dyd\u017eius kartu. Naudokite juos drabu\u017eiams, maistui, elektronikai, optikai ir kitai \u012frangai atskirti be kapstymosi kuprin\u0117je.<\/p>\n<h3>Galimi dyd\u017eiai<\/h3>\n<ul>\n<li><strong>5-Liter<\/strong> \u2014 Idealus ma\u017eai elektronikai, pirmosios pagalbos reikmenims ar u\u017ekand\u017eiams<\/li>\n<li><strong>10-Liter<\/strong> \u2014 Puikus dienos drabu\u017ei\u0173 rinkiniui ar optikos priedams<\/li>\n<li><strong>20-Liter<\/strong> \u2014 Talpina vis\u0105 drabu\u017ei\u0173 paket\u0105 arba miegmai\u0161io pamu\u0161al\u0105<\/li>\n<li><strong>35-Liter<\/strong> \u2014 Pakankamai didelis miegmai\u0161iui ar pilnam \u012frangos rinkiniui<\/li>\n<\/ul>\n<table>\n<thead>\n<tr>\n<th>Specifikacija<\/th>\n<th>Detal\u0117<\/th>\n<\/tr>\n<\/thead>\n<tbody>\n<tr>\n<td>U\u017esegimas<\/td>\n<td>Roll-top with D-loop<\/td>\n<\/tr>\n<tr>\n<td>Med\u017eiaga<\/td>\n<td>Ultralight waterproof nylon<\/td>\n<\/tr>\n<tr>\n<td>Galimi dyd\u017eiai<\/td>\n<td>5L, 10L, 20L, 35L<\/td>\n<\/tr>\n<tr>\n<td>Spalva<\/td>\n<td>Dry Earth<\/td>\n<\/tr>\n<\/tbody>\n<\/table>\n","protected":false},"excerpt":{"rendered":"<p>Eberlestock Cirrus Ultralight sauskrep\u0161is saugo j\u016bs\u0173 \u012frang\u0105 saus\u0105, \u0161vari\u0105 ir apsaugot\u0105 nuo gamtos stichij\u0173. Su ruloninio tipo u\u017esegimu su D kilpa ir kontrastingomis dyd\u017eio etiket\u0117mis lengvam atpa\u017einimui naudojant kelis krep\u0161ius.<\/p>\n","protected":false},"featured_media":722490,"template":"","meta":{"_acf_changed":false},"product_brand":[15146],"product_cat":[13749],"product_tag":[],"class_list":{"0":"post-722489","1":"product","2":"type-product","3":"status-publish","4":"has-post-thumbnail","6":"product_brand-eberlestock","7":"product_cat-iranga","9":"first","10":"instock","11":"taxable","12":"shipping-taxable","13":"purchasable","14":"product-type-variable","15":"wvs-archive-product-wrapper"},"acf":[],"_links":{"self":[{"href":"https:\/\/nbg.eu\/lt\/wp-json\/wp\/v2\/product\/722489","targetHints":{"allow":["GET"]}}],"collection":[{"href":"https:\/\/nbg.eu\/lt\/wp-json\/wp\/v2\/product"}],"about":[{"href":"https:\/\/nbg.eu\/lt\/wp-json\/wp\/v2\/types\/product"}],"wp:featuredmedia":[{"embeddable":true,"href":"https:\/\/nbg.eu\/lt\/wp-json\/wp\/v2\/media\/722490"}],"wp:attachment":[{"href":"https:\/\/nbg.eu\/lt\/wp-json\/wp\/v2\/media?parent=722489"}],"wp:term":[{"taxonomy":"product_brand","embeddable":true,"href":"https:\/\/nbg.eu\/lt\/wp-json\/wp\/v2\/product_brand?post=722489"},{"taxonomy":"product_cat","embeddable":true,"href":"https:\/\/nbg.eu\/lt\/wp-json\/wp\/v2\/product_cat?post=722489"},{"taxonomy":"product_tag","embeddable":true,"href":"https:\/\/nbg.eu\/lt\/wp-json\/wp\/v2\/product_tag?post=722489"}],"curies":[{"name":"wp","href":"https:\/\/api.w.org\/{rel}","templated":true}]}}