{"id":723297,"date":"2026-03-06T17:34:43","date_gmt":"2026-03-06T14:34:43","guid":{"rendered":"https:\/\/nbg.eu\/product\/eberlestock-w2-spectre\/"},"modified":"2026-04-15T14:29:31","modified_gmt":"2026-04-15T11:29:31","slug":"eberlestock-w2-spectre","status":"publish","type":"product","link":"https:\/\/nbg.eu\/lt\/produktas\/eberlestock-w2-spectre\/","title":{"rendered":"Eberlestock W2-Spectre"},"content":{"rendered":"<h2>Eberlestock W2-Spectre<\/h2>\n<p>Spectre yra inovatyviausias ir universaliausias Eberlestock snaiperio kuprin\u0117, i\u0161 naujo apibr\u0117\u017eianti, kaip profesionalai ne\u0161ioja savo precizines ginkl\u0173 sistemas. Apr\u016bpinta patentuojamu RAID\u2122 mak\u0161tu \u2014 pamink\u0161tintu u\u017edaru mak\u0161tu, optimizuota sulankstom\u0173 \u0161asi\u0173 \u0161autuvams, u\u017esegamiems naktinio matymo ir termovizijos \u012frenginiams bei ant ginklo montuojamiems lazeriniams atstum\u0173 matuokliams.<\/p>\n<h3>Tikslingai sukurta \u0161iuolaikin\u0117ms platformoms<\/h3>\n<p>Spectre turi platesn\u012f profil\u012f, specialiai sukurt\u0105 \u0161iandienin\u0117ms didesn\u0117ms precizini\u0173 ginkl\u0173 platformoms su \u0161iuolaikiniais priedais. Dizainas u\u017etikrina greit\u0105, efektyvi\u0105 prieig\u0105 i\u0161traukiant ar dedant \u0161autuv\u0105, pa\u0161alinant nepatogum\u0105, b\u016bding\u0105 \u012fprastoms mak\u0161\u010di\u0173 sistemoms.<\/p>\n<h3>Profesionali ne\u0161imo sistema<\/h3>\n<p>Vidinis r\u0117mas kartu su nauja Ladder Shoulder Harness sistema ir patobulinta klub\u0173 juosta u\u017etikrina pastebim\u0105 pagerinim\u0105 prisitaikyme, komforte ir apkrovos paskirstyme. Pritaikytas liemeniui, Spectre skland\u017eiai veikia su taktiniais dir\u017eais ir plok\u0161teli\u0173 ne\u0161ikliais, i\u0161laikant prieig\u0105 prie kritin\u0117s \u012frangos ant k\u016bno.<\/p>\n<h3>Lauko patirtimi gr\u012fstas dizainas<\/h3>\n<p>Sukurtas naudojant tiesiogin\u012f gr\u012f\u017etam\u0105j\u012f ry\u0161\u012f i\u0161 lauko profesional\u0173, Spectre turi kelias ne\u0161imo rankenas: dvi vir\u0161uje, po vien\u0105 kiekvienoje pus\u0117je ir patvari\u0105 Hypalon ranken\u0105 priekyje. Nesvarbu, ar lipate kop\u0117\u010diomis, \u0161liau\u017eiate per augmenij\u0105 ar persigrupuojate veikiami spaudimo, galite efektyviai manevruoti kuprine i\u0161 bet kurios pad\u0117ties.<\/p>\n<table>\n<thead>\n<tr>\n<th>Specifikacija<\/th>\n<th>Detal\u0117<\/th>\n<\/tr>\n<\/thead>\n<tbody>\n<tr>\n<td>Mak\u0161tis<\/td>\n<td>RAID\u2122 patentuojama u\u017edara mak\u0161tis<\/td>\n<\/tr>\n<tr>\n<td>R\u0117mas<\/td>\n<td>Vidinis r\u0117mas<\/td>\n<\/tr>\n<tr>\n<td>Dir\u017e\u0173 sistema<\/td>\n<td>Ladder Shoulder Harness<\/td>\n<\/tr>\n<tr>\n<td>Ne\u0161imo ranken\u0117l\u0117s<\/td>\n<td>5 (2 vir\u0161utin\u0117s, 2 \u0161onin\u0117s, 1 priekin\u0117 Hypalon)<\/td>\n<\/tr>\n<tr>\n<td>Suderinamumas<\/td>\n<td>Taktiniai dir\u017eai, plok\u0161teli\u0173 ne\u0161ikliai<\/td>\n<\/tr>\n<tr>\n<td>Optimizuota<\/td>\n<td>Sulankstomi \u0161asiai, NV\/terminiai u\u017esegami priedai, LRF<\/td>\n<\/tr>\n<\/tbody>\n<\/table>\n","protected":false},"excerpt":{"rendered":"<p>Eberlestock W2-Spectre yra specialiai sukurta snaiperio kuprin\u0117 su patentuotu RAID\u2122 mak\u0161tu, optimizuotu sulankstomoms ginkl\u0173 platformoms, u\u017esegamam naktiniam matymui, \u0161iluminiams prietaisams ir ant ginklo montuojamiems lazeriniams atstum\u0173 matuokliams. Vidinis r\u0117mas su Ladder Shoulder Harness.<\/p>\n","protected":false},"featured_media":723298,"template":"","meta":{"_acf_changed":false},"product_brand":[15146],"product_cat":[13749,13685],"product_tag":[],"class_list":{"0":"post-723297","1":"product","2":"type-product","3":"status-publish","4":"has-post-thumbnail","6":"product_brand-eberlestock","7":"product_cat-iranga","8":"product_cat-kuprines","10":"first","11":"instock","12":"taxable","13":"shipping-taxable","14":"purchasable","15":"product-type-variable","16":"wvs-archive-product-wrapper"},"acf":[],"_links":{"self":[{"href":"https:\/\/nbg.eu\/lt\/wp-json\/wp\/v2\/product\/723297","targetHints":{"allow":["GET"]}}],"collection":[{"href":"https:\/\/nbg.eu\/lt\/wp-json\/wp\/v2\/product"}],"about":[{"href":"https:\/\/nbg.eu\/lt\/wp-json\/wp\/v2\/types\/product"}],"wp:featuredmedia":[{"embeddable":true,"href":"https:\/\/nbg.eu\/lt\/wp-json\/wp\/v2\/media\/723298"}],"wp:attachment":[{"href":"https:\/\/nbg.eu\/lt\/wp-json\/wp\/v2\/media?parent=723297"}],"wp:term":[{"taxonomy":"product_brand","embeddable":true,"href":"https:\/\/nbg.eu\/lt\/wp-json\/wp\/v2\/product_brand?post=723297"},{"taxonomy":"product_cat","embeddable":true,"href":"https:\/\/nbg.eu\/lt\/wp-json\/wp\/v2\/product_cat?post=723297"},{"taxonomy":"product_tag","embeddable":true,"href":"https:\/\/nbg.eu\/lt\/wp-json\/wp\/v2\/product_tag?post=723297"}],"curies":[{"name":"wp","href":"https:\/\/api.w.org\/{rel}","templated":true}]}}