{"id":724095,"date":"2026-03-10T16:14:22","date_gmt":"2026-03-10T13:14:22","guid":{"rendered":"https:\/\/nbg.eu\/product\/area-419-hunt-optinio-taikyklio-ziedai-30mm\/"},"modified":"2026-03-11T12:28:12","modified_gmt":"2026-03-11T09:28:12","slug":"area-419-hunt-optinio-taikyklio-ziedai-30mm","status":"publish","type":"product","link":"https:\/\/nbg.eu\/lt\/produktas\/area-419-hunt-optinio-taikyklio-ziedai-30mm\/","title":{"rendered":"Area 419 HUNT Optinio Taikyklio \u017diedai 30mm"},"content":{"rendered":"<h2>Area 419 HUNT Optinio Taikyklio \u017diedai 30mm<\/h2>\n<p>HUNT \u017eiedai remiasi Area 419 MATCH ir TACTICAL tvirtinimo sistem\u0173 s\u0117kme ir yra sukurti \u0161auliams, kuriems reikia lengvo, standaus \u017eied\u0173 rinkinio, galin\u010dio saugiai laikyti optik\u0105 net esant stipriai atatrankos j\u0117gai.<\/p>\n<h3>Precizi\u0161kai suderinta gamyba<\/h3>\n<p>Area 419 s\u0105moningai praleid\u017eia tradicin\u012f individualaus surinkimo ir anodavimo proces\u0105. Vietoj to kiekvienas rinkinys i\u0161 naujo sumontuojamas preciziniuose \u012ftaisuose ir kartu galutinai i\u0161gr\u0119\u017eiamas apdirbimo centruose.<\/p>\n<h3>Optimizuota lauko s\u0105lygoms<\/h3>\n<p>HUNT \u017eiedai turi supaprastint\u0105 profil\u012f be pried\u0173 tvirtinimo ta\u0161k\u0173. Vidiniai pavir\u0161iai palikti kaip neapdorotas aliuminis geresniam sukibimui, o i\u0161oriniai pavir\u0161iai turi Type 3 hardcoat anodize dang\u0105.<\/p>\n<h3>Specifikacijos<\/h3>\n<table>\n<tbody>\n<tr>\n<td><strong>Med\u017eiaga<\/strong><\/td>\n<td>7075 Aerospace-Grade Billet Aluminum<\/td>\n<\/tr>\n<tr>\n<td><strong>Var\u017etai<\/strong><\/td>\n<td>Stainless Steel<\/td>\n<\/tr>\n<tr>\n<td><strong>Pavir\u0161iaus apdaila<\/strong><\/td>\n<td>Type 3 Hardcoat Anodize<\/td>\n<\/tr>\n<tr>\n<td><strong>Vamzd\u017eio skersmuo<\/strong><\/td>\n<td>30mm<\/td>\n<\/tr>\n<tr>\n<td><strong>Svoris<\/strong><\/td>\n<td>~4 oz u\u017e rinkin\u012f<\/td>\n<\/tr>\n<tr>\n<td><strong>Montavimas<\/strong><\/td>\n<td>T20 Torx, 45 in\/lb + 18 in\/lb<\/td>\n<\/tr>\n<tr>\n<td><strong>Pagaminta<\/strong><\/td>\n<td>JAV<\/td>\n<\/tr>\n<\/tbody>\n<\/table>\n","protected":false},"excerpt":{"rendered":"<p>Precizi\u0161kai apdirbti optinio taikyklio \u017eiedai i\u0161 7075 aviacijos klas\u0117s aliuminio. Kiekvienas rinkinys galutinai i\u0161gr\u0119\u017eiamas po anodavimo, kad b\u016bt\u0173 u\u017etikrintas tobulas sutapimas. Sukurti med\u017eiotojams, reikalaujantiems lengvo, standaus laikiklio, i\u0161laikan\u010dio nulin\u0119 pad\u0117t\u012f esant stipriam atatrankos efektui.<\/p>\n","protected":false},"featured_media":724096,"template":"","meta":{"_acf_changed":false},"product_brand":[11048],"product_cat":[14906,15570],"product_tag":[],"class_list":{"0":"post-724095","1":"product","2":"type-product","3":"status-publish","4":"has-post-thumbnail","6":"product_brand-area-419","7":"product_cat-mounts-lt","8":"product_cat-scope-rings-lt","10":"first","11":"instock","12":"taxable","13":"shipping-taxable","14":"purchasable","15":"product-type-variable","16":"wvs-archive-product-wrapper"},"acf":[],"_links":{"self":[{"href":"https:\/\/nbg.eu\/lt\/wp-json\/wp\/v2\/product\/724095","targetHints":{"allow":["GET"]}}],"collection":[{"href":"https:\/\/nbg.eu\/lt\/wp-json\/wp\/v2\/product"}],"about":[{"href":"https:\/\/nbg.eu\/lt\/wp-json\/wp\/v2\/types\/product"}],"wp:featuredmedia":[{"embeddable":true,"href":"https:\/\/nbg.eu\/lt\/wp-json\/wp\/v2\/media\/724096"}],"wp:attachment":[{"href":"https:\/\/nbg.eu\/lt\/wp-json\/wp\/v2\/media?parent=724095"}],"wp:term":[{"taxonomy":"product_brand","embeddable":true,"href":"https:\/\/nbg.eu\/lt\/wp-json\/wp\/v2\/product_brand?post=724095"},{"taxonomy":"product_cat","embeddable":true,"href":"https:\/\/nbg.eu\/lt\/wp-json\/wp\/v2\/product_cat?post=724095"},{"taxonomy":"product_tag","embeddable":true,"href":"https:\/\/nbg.eu\/lt\/wp-json\/wp\/v2\/product_tag?post=724095"}],"curies":[{"name":"wp","href":"https:\/\/api.w.org\/{rel}","templated":true}]}}