{"id":724103,"date":"2026-03-10T16:14:33","date_gmt":"2026-03-10T13:14:33","guid":{"rendered":"https:\/\/nbg.eu\/product\/area-419-can-koozie-prisegamas-naktinio-matymo-gaubtas\/"},"modified":"2026-03-10T17:17:26","modified_gmt":"2026-03-10T14:17:26","slug":"area-419-can-koozie-prisegamas-naktinio-matymo-gaubtas","status":"publish","type":"product","link":"https:\/\/nbg.eu\/lt\/produktas\/area-419-can-koozie-prisegamas-naktinio-matymo-gaubtas\/","title":{"rendered":"Area 419 Can Koozie \/ Prisegamas Naktinio Matymo Gaubtas"},"content":{"rendered":"<h2>Area 419 Can Koozie \/ Clip-on Naktinio Matymo Gaubtas<\/h2>\n<p>Area 419 sukurtas neopreno gaubtas tarnauja taktiniam tikslui: prisekite j\u012f prie optikos objektyvo galo, kad u\u017epildytum\u0117te tarp\u0105 tarp optikos ir clip-on naktinio matymo prietaiso, blokuodami dulkes ir parazitin\u0119 \u0161vies\u0105.<\/p>\n<h3>Clip-on Naktinio Matymo Gaubtas<\/h3>\n<p>Gaubtas i\u0161sitempia per optikos objektyv\u0105 ir u\u017etikrina sandar\u0173, \u0161viesos nepraleid\u017eiant\u012f tilt\u0105 j\u016bs\u0173 clip-on NV prietaisui \u2014 pa\u0161alindamas tarp\u0105, pro kur\u012f patenka aplinkos \u0161viesa ir dulk\u0117s. \u0160auliai j\u012f naudoja ir kaip efektyvi\u0105 apsaug\u0105 nuo saul\u0117s prie\u0161 objektyvo akinim\u0105 be Velcro juost\u0173 ar dideli\u0173 pried\u0173.<\/p>\n<h3>Specifikacijos<\/h3>\n<table>\n<tbody>\n<tr>\n<td><strong>Med\u017eiaga<\/strong><\/td>\n<td>Neoprene<\/td>\n<\/tr>\n<tr>\n<td><strong>Svoris<\/strong><\/td>\n<td>0.1 lbs<\/td>\n<\/tr>\n<tr>\n<td><strong>Matmenys<\/strong><\/td>\n<td>2 x 2 x 0.5 in<\/td>\n<\/tr>\n<tr>\n<td><strong>Pagaminta<\/strong><\/td>\n<td>JAV<\/td>\n<\/tr>\n<\/tbody>\n<\/table>\n","protected":false},"excerpt":{"rendered":"<p>Neopreno clip-on gaubtas, sukurtas u\u017epildyti tarp\u0105 tarp optikos objektyvo ir clip-on naktinio matymo prietaiso. Blokuoja dulkes, parazitin\u0119 \u0161vies\u0105 ir pa\u0161alina objektyvo akinim\u0105. Taip pat veikia kaip efektyvi apsauga nuo saul\u0117s dieniniam \u0161audymui.<\/p>\n","protected":false},"featured_media":724104,"template":"","meta":{"_acf_changed":false},"product_brand":[11048],"product_cat":[13749,13717],"product_tag":[],"class_list":{"0":"post-724103","1":"product","2":"type-product","3":"status-publish","4":"has-post-thumbnail","6":"product_brand-area-419","7":"product_cat-iranga","8":"product_cat-taikymo-aksesuarai","10":"first","11":"instock","12":"taxable","13":"shipping-taxable","14":"purchasable","15":"product-type-simple"},"acf":[],"_links":{"self":[{"href":"https:\/\/nbg.eu\/lt\/wp-json\/wp\/v2\/product\/724103","targetHints":{"allow":["GET"]}}],"collection":[{"href":"https:\/\/nbg.eu\/lt\/wp-json\/wp\/v2\/product"}],"about":[{"href":"https:\/\/nbg.eu\/lt\/wp-json\/wp\/v2\/types\/product"}],"wp:featuredmedia":[{"embeddable":true,"href":"https:\/\/nbg.eu\/lt\/wp-json\/wp\/v2\/media\/724104"}],"wp:attachment":[{"href":"https:\/\/nbg.eu\/lt\/wp-json\/wp\/v2\/media?parent=724103"}],"wp:term":[{"taxonomy":"product_brand","embeddable":true,"href":"https:\/\/nbg.eu\/lt\/wp-json\/wp\/v2\/product_brand?post=724103"},{"taxonomy":"product_cat","embeddable":true,"href":"https:\/\/nbg.eu\/lt\/wp-json\/wp\/v2\/product_cat?post=724103"},{"taxonomy":"product_tag","embeddable":true,"href":"https:\/\/nbg.eu\/lt\/wp-json\/wp\/v2\/product_tag?post=724103"}],"curies":[{"name":"wp","href":"https:\/\/api.w.org\/{rel}","templated":true}]}}