{"id":732376,"date":"2026-02-06T17:03:24","date_gmt":"2026-02-06T14:03:24","guid":{"rendered":"https:\/\/nbg.eu\/product\/microtech-ultratech-ex-zbp-bayonet-signature-series-stonewash-full-serrated-2\/"},"modified":"2026-03-30T15:21:55","modified_gmt":"2026-03-30T12:21:55","slug":"microtech-ultratech-ex-zbp-bayonet-signature-series-stonewash-full-serrated-2","status":"publish","type":"product","link":"https:\/\/nbg.eu\/lt\/produktas\/microtech-ultratech-ex-zbp-bayonet-signature-series-stonewash-full-serrated-2\/","title":{"rendered":"Microtech Ultratech EX-ZBP Bajonet\u0117 Signature Series Stonewash visi\u0161kai dantyta"},"content":{"rendered":"<h2>Ap\u017evalga<\/h2>\n<p>Microtech Ultratech EX-ZBP Bayonet Signature Series yra OTF automatinio peilio in\u017einerijos vir\u0161\u016bn\u0117. \u0160iame \u201eSignature\u201c serijos modelyje suderinta revoliucin\u0117 \u201eZero Blade Play\u201c (ZBP) technologija ir i\u0161skirtin\u0117 akmens plovimo apdaila, visi\u0161kai dantyta bajoneto a\u0161menimis i\u0161 Bohler M390MK plieno. ZBP sistema prakti\u0161kai pa\u0161alina bet kok\u012f a\u0161men\u0173 jud\u0117jim\u0105, kai naudojama, ir suteikia u\u017erakint\u0105 atvir\u0105 poj\u016bt\u012f, kuris konkuruoja su fiksuotu peiliuku. Visos dantel\u0117s u\u017etikrina agresyvi\u0105 pjovimo gali\u0105 per kietas med\u017eiagas, o unikalus bajoneto profilis suteikia i\u0161skirtin\u0119 prad\u016brimo galimyb\u0119.<\/p>\n<h3>Zero Blade Play (ZBP) technologija<\/h3>\n<p>Ultratech EX-ZBP turi pa\u017eangi\u0105 Microtech Zero Blade Play sistem\u0105, kuri prakti\u0161kai pa\u0161alina bet kok\u012f a\u0161men\u0173 jud\u0117jim\u0105, kai jis naudojamas, tod\u0117l a\u0161menys jau\u010diasi tokie pat tvirti kaip fiksuotas peiliukas. \u0160is in\u017einerinis pasiekimas nustato auksin\u012f OTF tikslumo standart\u0105.<\/p>\n<h3>Signature Series Bayonet Blade<\/h3>\n<p>I\u0161skirtinis durtuv\u0173 a\u0161men\u0173 profilis si\u016blo unikal\u0173 pradurimo galimyb\u0117s ir pjaustymo efektyvumo derin\u012f. Visi\u0161kai dantytas kra\u0161tas u\u017etikrina agresyv\u0173 pjovimo gali\u0105 per pluo\u0161tines med\u017eiagas, lyn\u0105, juost\u0105 ir saugos dir\u017eus.<\/p>\n<h3>M390MK Super Steel<\/h3>\n<p>Bohler M390MK yra patentuotas legendinio M390 plieno variantas, gaminamas i\u0161skirtinai Microtech. Jis u\u017etikrina i\u0161skirtin\u012f kietumo (60\u201362 HRC), kra\u0161t\u0173 i\u0161laikymo, tvirtumo ir atsparumo korozijai balans\u0105.<\/p>\n<h3>Premium komponentai<\/h3>\n<ul>\n<li>Bohler M390MK durtuv\u0173 a\u0161menys su akmens plovimo apdaila<\/li>\n<li>6061-T6 l\u0117ktuvo klas\u0117s aliuminio rankena<\/li>\n<li>Zero Blade Play (ZBP) diegimo sistema<\/li>\n<li>Para\u0161o serijos pavadinimas ir \u017eym\u0117jimai<\/li>\n<li>Frezuotas titano ki\u0161eninis segtukas su keraminiais rutuliais<\/li>\n<li>Ner\u016bdijan\u010dio plieno stiklo dau\u017eiklis<\/li>\n<li>Visa \u201eTorx\u201c technin\u0117 \u012franga<\/li>\n<\/ul>\n<h3>Specifikacijos<\/h3>\n<table class=\"shop_attributes\">\n<tbody>\n<tr>\n<td><strong>Tipas<\/strong><\/td>\n<td>Priekin\u0117 automatin\u0117<\/td>\n<\/tr>\n<tr>\n<td><strong>A\u0161men\u0173 ilgis<\/strong><\/td>\n<td>3,50 colio<\/td>\n<\/tr>\n<tr>\n<td><strong>Bendras ilgis<\/strong><\/td>\n<td>8,50 colio<\/td>\n<\/tr>\n<tr>\n<td><strong>Rankel\u0117s ilgis<\/strong><\/td>\n<td>5,00&#8243;<\/td>\n<\/tr>\n<tr>\n<td><strong>Plieno a\u0161menys<\/strong><\/td>\n<td>Bohler M390MK<\/td>\n<\/tr>\n<tr>\n<td><strong>Med\u017eiaga rankenoms<\/strong><\/td>\n<td>6061-T6 aliuminis<\/td>\n<\/tr>\n<tr>\n<td><strong>Svoris<\/strong><\/td>\n<td>3,50 uncijos<\/td>\n<\/tr>\n<tr>\n<td><strong>Ki\u0161eninis segtukas<\/strong><\/td>\n<td>Fliuotas titanas su keramikiniu fiksatoriumi<\/td>\n<\/tr>\n<tr>\n<td><strong>Aparatin\u0117 \u012franga<\/strong><\/td>\n<td>Torx var\u017etai<\/td>\n<\/tr>\n<tr>\n<td><strong>Stiklo dau\u017eiklis<\/strong><\/td>\n<td>Ner\u016bdijantis plienas<\/td>\n<\/tr>\n<tr>\n<td><strong>Kilm\u0117s \u0161alis<\/strong><\/td>\n<td>JAV<\/td>\n<\/tr>\n<tr>\n<td><strong>Rankel\u0117s spalva<\/strong><\/td>\n<td>Juoda<\/td>\n<\/tr>\n<tr>\n<td><strong>A\u0161men\u0173 apdaila<\/strong><\/td>\n<td>Stonewash<\/td>\n<\/tr>\n<tr>\n<td><strong>Blade stilius<\/strong><\/td>\n<td>Bajonetas<\/td>\n<\/tr>\n<tr>\n<td><strong>Kra\u0161to tipas<\/strong><\/td>\n<td>Visi\u0161kai dantyta<\/td>\n<\/tr>\n<tr>\n<td><strong>Serija<\/strong><\/td>\n<td>Para\u0161o serija<\/td>\n<\/tr>\n<\/tbody>\n<\/table>\n","protected":false},"excerpt":{"rendered":"<p>Ultratech EX-ZBP Bayonet Signature Series yra elitin\u0117 OTF automatin\u0117 sistema su Microtech Zero Blade Play technologija ir visi\u0161kai dantyta bajoneto a\u0161menimis i\u0161 M390MK plieno. Para\u0161o serijos pavadinimas. 3,50 colio a\u0161menys, 8,50 colio bendras.<\/p>\n","protected":false},"featured_media":731886,"template":"","meta":{"_acf_changed":false},"product_brand":[15537],"product_cat":[15351,15999],"product_tag":[],"class_list":{"0":"post-732376","1":"product","2":"type-product","3":"status-publish","4":"has-post-thumbnail","6":"product_brand-microtech","7":"product_cat-knives-lt","8":"product_cat-otf-knives-lt","10":"first","11":"outofstock","12":"taxable","13":"shipping-taxable","14":"purchasable","15":"product-type-simple"},"acf":[],"_links":{"self":[{"href":"https:\/\/nbg.eu\/lt\/wp-json\/wp\/v2\/product\/732376","targetHints":{"allow":["GET"]}}],"collection":[{"href":"https:\/\/nbg.eu\/lt\/wp-json\/wp\/v2\/product"}],"about":[{"href":"https:\/\/nbg.eu\/lt\/wp-json\/wp\/v2\/types\/product"}],"wp:featuredmedia":[{"embeddable":true,"href":"https:\/\/nbg.eu\/lt\/wp-json\/wp\/v2\/media\/731886"}],"wp:attachment":[{"href":"https:\/\/nbg.eu\/lt\/wp-json\/wp\/v2\/media?parent=732376"}],"wp:term":[{"taxonomy":"product_brand","embeddable":true,"href":"https:\/\/nbg.eu\/lt\/wp-json\/wp\/v2\/product_brand?post=732376"},{"taxonomy":"product_cat","embeddable":true,"href":"https:\/\/nbg.eu\/lt\/wp-json\/wp\/v2\/product_cat?post=732376"},{"taxonomy":"product_tag","embeddable":true,"href":"https:\/\/nbg.eu\/lt\/wp-json\/wp\/v2\/product_tag?post=732376"}],"curies":[{"name":"wp","href":"https:\/\/api.w.org\/{rel}","templated":true}]}}