{"id":732377,"date":"2026-02-06T17:03:43","date_gmt":"2026-02-06T14:03:43","guid":{"rendered":"https:\/\/nbg.eu\/product\/microtech-ultratech-gen-iv-d-e-stonewash-standard-black-2\/"},"modified":"2026-03-30T15:23:21","modified_gmt":"2026-03-30T12:23:21","slug":"microtech-ultratech-gen-iv-d-e-stonewash-standard-black-2","status":"publish","type":"product","link":"https:\/\/nbg.eu\/lt\/produktas\/microtech-ultratech-gen-iv-d-e-stonewash-standard-black-2\/","title":{"rendered":"Microtech Ultratech Gen IV D\/E Stonewash standartinis juodas"},"content":{"rendered":"<h2>Ap\u017evalga<\/h2>\n<p>Microtech Ultratech Gen IV yra galutinis priekyje esantis automatinis peilis, atspindintis Microtech OTF in\u017einerijos vir\u0161\u016bn\u0119. \u0160is juodas variantas turi akmens plovimo dviej\u0173 briaun\u0173 durklo a\u0161menis su standartiniu lygiu kra\u0161tu, pagamintu i\u0161 Bohler M390MK plieno, u\u017etikrinan\u010dio i\u0161skirtin\u012f kra\u0161to i\u0161laikym\u0105 ir atsparum\u0105 korozijai. Gen IV pristato revoliucin\u012f dviej\u0173 degal\u0173 pavaros traukin\u012f, u\u017etikrinant\u012f sklandesn\u012f, patikimesn\u012f i\u0161sid\u0117stym\u0105 ir \u012ftraukim\u0105, kartu su naujovi\u0161ku Crud Kutter savaiminio i\u0161sivalymo mechanizmu, kuris pa\u0161alina \u0161iuk\u0161les nuo vidini\u0173 veiksm\u0173.<\/p>\n<h3>Dviej\u0173 degal\u0173 pavaros traukinys<\/h3>\n<p>Gen IV atnaujintoje pavar\u0173 d\u0117\u017e\u0117je naudojama dviej\u0173 spyruokli\u0173 sistema, u\u017etikrinanti nuosekl\u0173 ir galing\u0105 a\u0161men\u0173 i\u0161d\u0117stym\u0105 ir suma\u017einant vidini\u0173 komponent\u0173 susid\u0117v\u0117jim\u0105. Rezultatas \u2013 peilis, kuris patikimai i\u0161\u0161auna t\u016bkstan\u010dius kart\u0173 su minimalia prie\u017ei\u016bra.<\/p>\n<h3>Crud Kutter savaiminio i\u0161sivalymo sistema<\/h3>\n<p>Inovatyvi kanal\u0173 sistema, \u012fmontuota \u012f jungiklio mechanizm\u0105, aktyviai pa\u0161alina ne\u0161varumus, dulkes ir \u0161iuk\u0161les nuo a\u0161men\u0173 takelio, u\u017etikrindama patikim\u0105 veikim\u0105 net ir at\u0161iauriomis lauko s\u0105lygomis.<\/p>\n<h3>M390MK Super Steel<\/h3>\n<p>Bohler M390MK yra patentuotas legendinio M390 plieno variantas, gaminamas i\u0161skirtinai Microtech. Jis u\u017etikrina i\u0161skirtin\u012f kietumo (60\u201362 HRC), kra\u0161t\u0173 i\u0161laikymo, tvirtumo ir atsparumo korozijai balans\u0105.<\/p>\n<h3>Premium komponentai<\/h3>\n<ul>\n<li>Bohler M390MK dviej\u0173 briaun\u0173 durklo a\u0161menys<\/li>\n<li>6061-T6 l\u0117ktuvo klas\u0117s aliuminio rankena<\/li>\n<li>Dviej\u0173 degal\u0173 pavaros traukinio diegimo sistema<\/li>\n<li>Crud Kutter savaiminio i\u0161sivalymo jungiklio mechanizmas<\/li>\n<li>Frezuotas titano ki\u0161eninis segtukas su keraminiais rutuliais<\/li>\n<li>Ner\u016bdijan\u010dio plieno stiklo dau\u017eiklis<\/li>\n<li>Visa \u201eTorx\u201c technin\u0117 \u012franga<\/li>\n<\/ul>\n<h3>Specifikacijos<\/h3>\n<table class=\"shop_attributes\">\n<tbody>\n<tr>\n<td><strong>Tipas<\/strong><\/td>\n<td>Priekin\u0117 automatin\u0117<\/td>\n<\/tr>\n<tr>\n<td><strong>A\u0161men\u0173 ilgis<\/strong><\/td>\n<td>3,50 colio<\/td>\n<\/tr>\n<tr>\n<td><strong>Bendras ilgis<\/strong><\/td>\n<td>8,50 colio<\/td>\n<\/tr>\n<tr>\n<td><strong>Rankel\u0117s ilgis<\/strong><\/td>\n<td>5,00&#8243;<\/td>\n<\/tr>\n<tr>\n<td><strong>Plieno a\u0161menys<\/strong><\/td>\n<td>Bohler M390MK<\/td>\n<\/tr>\n<tr>\n<td><strong>Med\u017eiaga rankenoms<\/strong><\/td>\n<td>6061-T6 aliuminis<\/td>\n<\/tr>\n<tr>\n<td><strong>Svoris<\/strong><\/td>\n<td>3,50 uncijos<\/td>\n<\/tr>\n<tr>\n<td><strong>Ki\u0161eninis segtukas<\/strong><\/td>\n<td>Fliuotas titanas su keramikiniu fiksatoriumi<\/td>\n<\/tr>\n<tr>\n<td><strong>Aparatin\u0117 \u012franga<\/strong><\/td>\n<td>Torx var\u017etai<\/td>\n<\/tr>\n<tr>\n<td><strong>Stiklo dau\u017eiklis<\/strong><\/td>\n<td>Ner\u016bdijantis plienas<\/td>\n<\/tr>\n<tr>\n<td><strong>Kilm\u0117s \u0161alis<\/strong><\/td>\n<td>JAV<\/td>\n<\/tr>\n<tr>\n<td><strong>Rankel\u0117s spalva<\/strong><\/td>\n<td>Juoda<\/td>\n<\/tr>\n<tr>\n<td><strong>A\u0161men\u0173 apdaila<\/strong><\/td>\n<td>Stonewash<\/td>\n<\/tr>\n<tr>\n<td><strong>Kra\u0161to tipas<\/strong><\/td>\n<td>Paprastas<\/td>\n<\/tr>\n<\/tbody>\n<\/table>\n","protected":false},"excerpt":{"rendered":"<p>Automatinis juodos spalvos \u201eUltratech Gen IV\u201c OTF peilis su standartiniu dviej\u0173 briaun\u0173 M390MK durklo a\u0161menimis. Su dviguba kuro pavara ir Crud Kutter savaiminio i\u0161sivalymo sistema. 3,50 colio a\u0161menys, 8,50 colio bendras.<\/p>\n","protected":false},"featured_media":731890,"template":"","meta":{"_acf_changed":false},"product_brand":[15537],"product_cat":[15351,15999],"product_tag":[],"class_list":{"0":"post-732377","1":"product","2":"type-product","3":"status-publish","4":"has-post-thumbnail","6":"product_brand-microtech","7":"product_cat-knives-lt","8":"product_cat-otf-knives-lt","10":"first","11":"instock","12":"taxable","13":"shipping-taxable","14":"purchasable","15":"product-type-simple"},"acf":[],"_links":{"self":[{"href":"https:\/\/nbg.eu\/lt\/wp-json\/wp\/v2\/product\/732377","targetHints":{"allow":["GET"]}}],"collection":[{"href":"https:\/\/nbg.eu\/lt\/wp-json\/wp\/v2\/product"}],"about":[{"href":"https:\/\/nbg.eu\/lt\/wp-json\/wp\/v2\/types\/product"}],"wp:featuredmedia":[{"embeddable":true,"href":"https:\/\/nbg.eu\/lt\/wp-json\/wp\/v2\/media\/731890"}],"wp:attachment":[{"href":"https:\/\/nbg.eu\/lt\/wp-json\/wp\/v2\/media?parent=732377"}],"wp:term":[{"taxonomy":"product_brand","embeddable":true,"href":"https:\/\/nbg.eu\/lt\/wp-json\/wp\/v2\/product_brand?post=732377"},{"taxonomy":"product_cat","embeddable":true,"href":"https:\/\/nbg.eu\/lt\/wp-json\/wp\/v2\/product_cat?post=732377"},{"taxonomy":"product_tag","embeddable":true,"href":"https:\/\/nbg.eu\/lt\/wp-json\/wp\/v2\/product_tag?post=732377"}],"curies":[{"name":"wp","href":"https:\/\/api.w.org\/{rel}","templated":true}]}}