{"id":732383,"date":"2026-03-13T17:31:36","date_gmt":"2026-03-13T14:31:36","guid":{"rendered":"https:\/\/nbg.eu\/product\/microtech-utx-85-gen-iv-t-e-stonewash-standard-black-2\/"},"modified":"2026-03-30T15:31:59","modified_gmt":"2026-03-30T12:31:59","slug":"microtech-utx-85-gen-iv-t-e-stonewash-standard-black-2","status":"publish","type":"product","link":"https:\/\/nbg.eu\/lt\/produktas\/microtech-utx-85-gen-iv-t-e-stonewash-standard-black-2\/","title":{"rendered":"Microtech UTX-85 Gen IV T\/E Stonewash standartinis juodas"},"content":{"rendered":"<h2>Ap\u017evalga<\/h2>\n<p>Microtech UTX-85 Gen IV yra kompakti\u0161kas galingas \u012frenginys, kurio dydis yra 85 % pavyzdinio Ultratech, tod\u0117l jis idealiai tinka kasdieniam ne\u0161iojimui OTF automatiniu b\u016bdu. \u0160is juodas variantas turi akmens plovimo tanto peiliuk\u0105 su standartiniu lygiu kra\u0161tu i\u0161 Bohler M390MK plieno. Nepaisant ma\u017eesnio ploto, UTX-85 Gen IV paveld\u0117jo visas pa\u017eangias technologijas i\u0161 savo didesnio brolio, \u012fskaitant dvigubo kuro pavaros mechanizm\u0105 ir \u201eCrud Kutter\u201c savaiminio i\u0161sivalymo mechanizm\u0105, u\u017etikrinant\u012f viso dyd\u017eio na\u0161um\u0105 patogioje ki\u0161en\u0117je.<\/p>\n<h3>Kompakti\u0161kas EDC dizainas<\/h3>\n<p>85 % \u201eUltratech\u201c dyd\u017eio ir vos 3,1 uncijos sveriantis \u201eUTX-85 Gen IV\u201c patogiai telpa bet kurioje ki\u0161en\u0117je, i\u0161laikant visas didesnio analogo funkcionalum\u0105 ir konstrukcijos kokyb\u0119. Ergonomi\u0161kas rankenos profilis u\u017etikrina saug\u0173 sukibim\u0105 su bet kokio dyd\u017eio ranka.<\/p>\n<h3>Dviej\u0173 degal\u0173 pavaros traukinys<\/h3>\n<p>Gen IV pavar\u0173 d\u0117\u017e\u0117je naudojama dviej\u0173 spyruokli\u0173 sistema, u\u017etikrinanti nuosekl\u0173 a\u0161men\u0173 i\u0161d\u0117stym\u0105 ir suma\u017eint\u0105 vidin\u012f nusid\u0117v\u0117jim\u0105. Kompakti\u0161kas mechanizmas t\u016bkstan\u010dius kart\u0173 atlieka galingus ir patikimus veiksmus.<\/p>\n<h3>Crud Kutter savaiminio i\u0161sivalymo sistema<\/h3>\n<p>Integruota \u0161iuk\u0161li\u0173 i\u0161st\u016bmimo sistema apsaugo a\u0161men\u0173 v\u0117\u017ees nuo ne\u0161varum\u0173 ir ki\u0161enini\u0173 p\u016bkeli\u0173, tod\u0117l u\u017etikrina patikim\u0105 i\u0161skleidim\u0105, kai to labiausiai reikia.<\/p>\n<h3>Premium komponentai<\/h3>\n<ul>\n<li>Bohler M390MK tanto a\u0161menys<\/li>\n<li>6061-T6 l\u0117ktuvo klas\u0117s aliuminio rankena<\/li>\n<li>Dviej\u0173 degal\u0173 pavaros traukinio diegimo sistema<\/li>\n<li>Crud Kutter savaiminio i\u0161sivalymo jungiklio mechanizmas<\/li>\n<li>Frezuotas titano ki\u0161eninis segtukas su keraminiais rutuliais<\/li>\n<li>Stiklo dau\u017eiklis<\/li>\n<li>Visa \u201eTorx\u201c technin\u0117 \u012franga<\/li>\n<\/ul>\n<h3>Specifikacijos<\/h3>\n<table class=\"shop_attributes\">\n<tbody>\n<tr>\n<td><strong>Tipas<\/strong><\/td>\n<td>Priekin\u0117 automatin\u0117<\/td>\n<\/tr>\n<tr>\n<td><strong>A\u0161men\u0173 ilgis<\/strong><\/td>\n<td>3,10 coli\u0173<\/td>\n<\/tr>\n<tr>\n<td><strong>Bendras ilgis<\/strong><\/td>\n<td>7,65 colio<\/td>\n<\/tr>\n<tr>\n<td><strong>Plieno a\u0161menys<\/strong><\/td>\n<td>Bohler M390MK<\/td>\n<\/tr>\n<tr>\n<td><strong>Med\u017eiaga rankenoms<\/strong><\/td>\n<td>6061-T6 aliuminis<\/td>\n<\/tr>\n<tr>\n<td><strong>Svoris<\/strong><\/td>\n<td>3,10 uncijos<\/td>\n<\/tr>\n<tr>\n<td><strong>Ki\u0161eninis segtukas<\/strong><\/td>\n<td>Fliuotas titanas su keramikiniu fiksatoriumi<\/td>\n<\/tr>\n<tr>\n<td><strong>Aparatin\u0117 \u012franga<\/strong><\/td>\n<td>Torx var\u017etai<\/td>\n<\/tr>\n<tr>\n<td><strong>Stiklo dau\u017eiklis<\/strong><\/td>\n<td>Taip<\/td>\n<\/tr>\n<tr>\n<td><strong>Kilm\u0117s \u0161alis<\/strong><\/td>\n<td>JAV<\/td>\n<\/tr>\n<tr>\n<td><strong>Rankel\u0117s spalva<\/strong><\/td>\n<td>Juoda<\/td>\n<\/tr>\n<tr>\n<td><strong>A\u0161men\u0173 apdaila<\/strong><\/td>\n<td>Stonewash<\/td>\n<\/tr>\n<tr>\n<td><strong>Kra\u0161to tipas<\/strong><\/td>\n<td>Paprastas<\/td>\n<\/tr>\n<\/tbody>\n<\/table>\n","protected":false},"excerpt":{"rendered":"<p>Kompakti\u0161kas juodos spalvos UTX-85 Gen IV OTF automatinis peilis su M390MK tanto a\u0161menimis. 85% \u201eUltratech\u201c dyd\u017eio su dviguba kuro pavara. 3,10 colio peilis, 7,65 colio bendras, 3,1 uncijos.<\/p>\n","protected":false},"featured_media":731914,"template":"","meta":{"_acf_changed":false},"product_brand":[15537],"product_cat":[15351,15999],"product_tag":[],"class_list":{"0":"post-732383","1":"product","2":"type-product","3":"status-publish","4":"has-post-thumbnail","6":"product_brand-microtech","7":"product_cat-knives-lt","8":"product_cat-otf-knives-lt","10":"first","11":"outofstock","12":"taxable","13":"shipping-taxable","14":"purchasable","15":"product-type-simple"},"acf":[],"_links":{"self":[{"href":"https:\/\/nbg.eu\/lt\/wp-json\/wp\/v2\/product\/732383","targetHints":{"allow":["GET"]}}],"collection":[{"href":"https:\/\/nbg.eu\/lt\/wp-json\/wp\/v2\/product"}],"about":[{"href":"https:\/\/nbg.eu\/lt\/wp-json\/wp\/v2\/types\/product"}],"wp:featuredmedia":[{"embeddable":true,"href":"https:\/\/nbg.eu\/lt\/wp-json\/wp\/v2\/media\/731914"}],"wp:attachment":[{"href":"https:\/\/nbg.eu\/lt\/wp-json\/wp\/v2\/media?parent=732383"}],"wp:term":[{"taxonomy":"product_brand","embeddable":true,"href":"https:\/\/nbg.eu\/lt\/wp-json\/wp\/v2\/product_brand?post=732383"},{"taxonomy":"product_cat","embeddable":true,"href":"https:\/\/nbg.eu\/lt\/wp-json\/wp\/v2\/product_cat?post=732383"},{"taxonomy":"product_tag","embeddable":true,"href":"https:\/\/nbg.eu\/lt\/wp-json\/wp\/v2\/product_tag?post=732383"}],"curies":[{"name":"wp","href":"https:\/\/api.w.org\/{rel}","templated":true}]}}