{"id":732386,"date":"2026-03-13T17:31:55","date_gmt":"2026-03-13T14:31:55","guid":{"rendered":"https:\/\/nbg.eu\/product\/microtech-l-u-d-t-t-e-gen-iii-apocalyptic-standard-od-green-2\/"},"modified":"2026-03-16T12:47:42","modified_gmt":"2026-03-16T09:47:42","slug":"microtech-l-u-d-t-t-e-gen-iii-apocalyptic-standard-od-green-2","status":"publish","type":"product","link":"https:\/\/nbg.eu\/lt\/produktas\/microtech-l-u-d-t-t-e-gen-iii-apocalyptic-standard-od-green-2\/","title":{"rendered":"Microtech L.U.D.T. T\/E Gen III Apokaliptinis standartinis OD \u017ealias"},"content":{"rendered":"<h2>Ap\u017evalga<\/h2>\n<p>Microtech L.U.D.T. Gen III yra galingas automatinis aplankas, primenantis klasikin\u012f UDT stili\u0173 su revoliuciniais formos ir funkcij\u0173 atnaujinimais. \u0160iame OD Green variante yra apokaliptin\u0117s apdailos tanto a\u0161menys su standartiniu lygiu kra\u0161tu, kaltu i\u0161 Bohler M390MK plieno. Gen III iteracija gr\u0105\u017eina ranken\u0173 \u012fd\u0117klus su 3M traukos juosta, u\u017etikrinan\u010dia optimal\u0173 sukibim\u0105, 24 silicio karbido guolius u\u017etikrina skland\u017eiausi\u0105 veikim\u0105 savo klas\u0117je ir naudoja \u012fprastus Torx var\u017etus, kad b\u016bt\u0173 lengva pri\u017ei\u016br\u0117ti lauke.<\/p>\n<h3>24 silicio karbido guoliai<\/h3>\n<p>LUDT Gen III veikimo sistema veikia su 24 precizi\u0161kais silicio karbido guoliais ir u\u017etikrina skland\u017eiausi\u0105, tobuliausi\u0105 automatin\u012f lankstymo mechanizm\u0105, kok\u012f \u201eMicrotech\u201c kada nors gamino. Guoli\u0173 sistema prakti\u0161kai pa\u0161alina trint\u012f, kad b\u016bt\u0173 galima \u017eaibi\u0161kai \u012fdiegti.<\/p>\n<h3>3M traukos juostos \u012fd\u0117klai<\/h3>\n<p>Gr\u0105\u017einant III Gen. rankenos \u012fd\u0117klus, naudojama pramonin\u0117s klas\u0117s 3M traukos juosta, u\u017etikrinanti i\u0161skirtin\u012f sukibim\u0105 \u0161lapiomis, riebiomis ar m\u016bvintomis pir\u0161tin\u0117mis, nepadidinant rankenos profilio.<\/p>\n<h3>Vandeniui atspari konstrukcija<\/h3>\n<p>Sukurtas at\u0161iaurioms aplinkoms, LUDT Gen III turi atspari\u0105 oro s\u0105lygoms konstrukcij\u0105, kuri yra atspari dr\u0117gm\u0117s \u012fsiskverbimui, tod\u0117l yra patikima lietaus, sniego ir j\u016bros aplinkoje.<\/p>\n<h3>Premium komponentai<\/h3>\n<ul>\n<li>Bohler M390MK tanto a\u0161menys<\/li>\n<li>6061-T6 aliuminio rankena su 3M Traction Tape \u012fd\u0117klais<\/li>\n<li>24 silicio karbido guoli\u0173 veikimo sistema<\/li>\n<li>Pakeliamas ne\u0161iojimo ki\u0161eninis segtukas<\/li>\n<li>\u012eprasta \u201eTorx\u201c technin\u0117 \u012franga, kad b\u016bt\u0173 lengva pri\u017ei\u016br\u0117ti<\/li>\n<li>Vandeniui atspari konstrukcija<\/li>\n<\/ul>\n<h3>Specifikacijos<\/h3>\n<table class=\"shop_attributes\">\n<tbody>\n<tr>\n<td><strong>Tipas<\/strong><\/td>\n<td>Automatinis aplankas<\/td>\n<\/tr>\n<tr>\n<td><strong>A\u0161men\u0173 ilgis<\/strong><\/td>\n<td>3,50 colio<\/td>\n<\/tr>\n<tr>\n<td><strong>Bendras ilgis<\/strong><\/td>\n<td>8,00&#8243;<\/td>\n<\/tr>\n<tr>\n<td><strong>Rankel\u0117s ilgis<\/strong><\/td>\n<td>4,50 colio<\/td>\n<\/tr>\n<tr>\n<td><strong>Plieno a\u0161menys<\/strong><\/td>\n<td>Bohler M390MK<\/td>\n<\/tr>\n<tr>\n<td><strong>Med\u017eiaga rankenoms<\/strong><\/td>\n<td>6061-T6 aliuminis su 3M traukos juostos \u012fd\u0117klais<\/td>\n<\/tr>\n<tr>\n<td><strong>Svoris<\/strong><\/td>\n<td>3,60 uncijos<\/td>\n<\/tr>\n<tr>\n<td><strong>Ki\u0161eninis segtukas<\/strong><\/td>\n<td>Ne\u0161iojimas ant vir\u0161aus<\/td>\n<\/tr>\n<tr>\n<td><strong>Guoliai<\/strong><\/td>\n<td>24 silicio karbidas<\/td>\n<\/tr>\n<tr>\n<td><strong>Kilm\u0117s \u0161alis<\/strong><\/td>\n<td>JAV<\/td>\n<\/tr>\n<tr>\n<td><strong>Rankel\u0117s spalva<\/strong><\/td>\n<td>OD \u017ealia<\/td>\n<\/tr>\n<tr>\n<td><strong>A\u0161men\u0173 apdaila<\/strong><\/td>\n<td>Apokaliptin\u0117<\/td>\n<\/tr>\n<tr>\n<td><strong>Kra\u0161to tipas<\/strong><\/td>\n<td>Paprastas<\/td>\n<\/tr>\n<\/tbody>\n<\/table>\n","protected":false},"excerpt":{"rendered":"<p>L.U.D.T. Gen III automatinis aplankas OD \u017ealios spalvos su Apocalyptic apdaila standartiniu M390MK tanto peiliu. Yra 24 silicio karbido guoliai ir 3M Traction Tape \u012fd\u0117klai. 3,50 colio a\u0161menys, 8,00 colio bendras.<\/p>\n","protected":false},"featured_media":731926,"template":"","meta":{"_acf_changed":false},"product_brand":[15537],"product_cat":[15372,15351],"product_tag":[],"class_list":{"0":"post-732386","1":"product","2":"type-product","3":"status-publish","4":"has-post-thumbnail","6":"product_brand-microtech","7":"product_cat-folding-knives-lt","8":"product_cat-knives-lt","10":"first","11":"instock","12":"taxable","13":"shipping-taxable","14":"purchasable","15":"product-type-simple"},"acf":[],"_links":{"self":[{"href":"https:\/\/nbg.eu\/lt\/wp-json\/wp\/v2\/product\/732386","targetHints":{"allow":["GET"]}}],"collection":[{"href":"https:\/\/nbg.eu\/lt\/wp-json\/wp\/v2\/product"}],"about":[{"href":"https:\/\/nbg.eu\/lt\/wp-json\/wp\/v2\/types\/product"}],"wp:featuredmedia":[{"embeddable":true,"href":"https:\/\/nbg.eu\/lt\/wp-json\/wp\/v2\/media\/731926"}],"wp:attachment":[{"href":"https:\/\/nbg.eu\/lt\/wp-json\/wp\/v2\/media?parent=732386"}],"wp:term":[{"taxonomy":"product_brand","embeddable":true,"href":"https:\/\/nbg.eu\/lt\/wp-json\/wp\/v2\/product_brand?post=732386"},{"taxonomy":"product_cat","embeddable":true,"href":"https:\/\/nbg.eu\/lt\/wp-json\/wp\/v2\/product_cat?post=732386"},{"taxonomy":"product_tag","embeddable":true,"href":"https:\/\/nbg.eu\/lt\/wp-json\/wp\/v2\/product_tag?post=732386"}],"curies":[{"name":"wp","href":"https:\/\/api.w.org\/{rel}","templated":true}]}}