{"id":732389,"date":"2026-03-13T17:32:11","date_gmt":"2026-03-13T14:32:11","guid":{"rendered":"https:\/\/nbg.eu\/product\/microtech-combat-troodon-lt-s-e-apocalyptic-standard-2\/"},"modified":"2026-03-30T15:30:37","modified_gmt":"2026-03-30T12:30:37","slug":"microtech-combat-troodon-lt-s-e-apocalyptic-standard-2","status":"publish","type":"product","link":"https:\/\/nbg.eu\/lt\/produktas\/microtech-combat-troodon-lt-s-e-apocalyptic-standard-2\/","title":{"rendered":"Microtech Combat Troodon LT S\/E Apokaliptinis standartas"},"content":{"rendered":"<h2>Ap\u017evalga<\/h2>\n<p>Microtech Combat Troodon LT yra lengvesnis legendinio Combat Troodon variantas, sukurtas naudoti teis\u0117saugos, kariuomen\u0117s ir pirmosios pagalbos programose. \u0160iame modelyje yra apokaliptin\u0117s apdailos vieno kra\u0161to nuleidimo ta\u0161ko peilis i\u0161 Bohler M390MK plieno su standartiniu lygiu kra\u0161tu. \u201eGen III\u201c pertvarkyta pristato nauj\u0105 dviej\u0173 degal\u0173 pavaros sistem\u0105, u\u017etikrinan\u010di\u0105 lengv\u0105 naudojim\u0105, patobulint\u0105 mygtuk\u0173 ki\u0161en\u0117s dizain\u0105, kuris suma\u017eina trint\u012f ir palengvina \u0161iuk\u0161li\u0173 poslink\u012f, ir agresyv\u0173 ver\u017eim\u0105si bei k\u0117bulo griovelius, u\u017etikrinan\u010dius i\u0161skirtin\u012f sukibim\u0105 taktin\u0117se situacijose.<\/p>\n<h3>Dviej\u0173 degal\u0173 pavaros sistema<\/h3>\n<p>Atnaujinta \u201eCombat Troodon\u201c pavara leid\u017eia lengvai \u012fdiegti kritin\u0117se situacijose ir patogiai i\u0161ardyti techninei prie\u017ei\u016brai. Dviej\u0173 spyruokli\u0173 konstrukcija stumia a\u0161menis \u012f priek\u012f, o veikimas i\u0161lieka sklandus.<\/p>\n<h3>Patobulintas mygtuk\u0173 ki\u0161en\u0117s dizainas<\/h3>\n<p>Gen III mygtuko ki\u0161en\u0117 suma\u017eina trint\u012f eksploatacijos metu ir palengvina efektyv\u0173 \u0161iuk\u0161li\u0173 i\u0161st\u016bmim\u0105, tod\u0117l labai suma\u017e\u0117ja da\u017enos prie\u017ei\u016bros ir valymo poreikis lauko s\u0105lygomis.<\/p>\n<h3>Taktin\u0117 ergonomika<\/h3>\n<p>Gilus suspaudimas ir tiksliai i\u0161frezuoti grioveliai ant rankenos korpuso suteikia i\u0161skirtin\u012f pirkin\u012f \u0161lapiomis, riebiomis s\u0105lygomis arba su pir\u0161tin\u0117mis. Titano ki\u0161eninis segtukas su keraminiu fiksatoriumi u\u017etikrina saugum\u0105 ir greit\u0105 pasiekiamum\u0105.<\/p>\n<h3>Premium komponentai<\/h3>\n<ul>\n<li>Bohler M390MK kritimo ta\u0161ko a\u0161menys su apokaliptine apdaila<\/li>\n<li>6061-T6 aliuminio rankena su giliu graviravimu<\/li>\n<li>Dviej\u0173 degal\u0173 pavaros i\u0161d\u0117stymo sistema<\/li>\n<li>Titaninis ki\u0161eninis segtukas su keramikiniu fiksatoriumi<\/li>\n<li>Ner\u016bdijan\u010dio plieno stiklo dau\u017eiklis<\/li>\n<li>Apver\u010diamas ki\u0161eninis segtukas<\/li>\n<\/ul>\n<h3>Specifikacijos<\/h3>\n<table class=\"shop_attributes\">\n<tbody>\n<tr>\n<td><strong>Tipas<\/strong><\/td>\n<td>Priekin\u0117 automatin\u0117<\/td>\n<\/tr>\n<tr>\n<td><strong>A\u0161men\u0173 ilgis<\/strong><\/td>\n<td>4,00&#8243;<\/td>\n<\/tr>\n<tr>\n<td><strong>Bendras ilgis<\/strong><\/td>\n<td>9,50 coli\u0173<\/td>\n<\/tr>\n<tr>\n<td><strong>Rankel\u0117s ilgis<\/strong><\/td>\n<td>5,50 colio<\/td>\n<\/tr>\n<tr>\n<td><strong>Plieno a\u0161menys<\/strong><\/td>\n<td>Bohler M390MK<\/td>\n<\/tr>\n<tr>\n<td><strong>Med\u017eiaga rankenoms<\/strong><\/td>\n<td>6061-T6 aliuminis (juodas)<\/td>\n<\/tr>\n<tr>\n<td><strong>Svoris<\/strong><\/td>\n<td>~5,0 uncijos<\/td>\n<\/tr>\n<tr>\n<td><strong>Blade stilius<\/strong><\/td>\n<td>Drop Point (S\/E)<\/td>\n<\/tr>\n<tr>\n<td><strong>A\u0161men\u0173 apdaila<\/strong><\/td>\n<td>Apokaliptin\u0117<\/td>\n<\/tr>\n<tr>\n<td><strong>Kra\u0161to tipas<\/strong><\/td>\n<td>Paprastas<\/td>\n<\/tr>\n<tr>\n<td><strong>Ki\u0161eninis segtukas<\/strong><\/td>\n<td>Titanas su keramikiniu fiksatoriumi<\/td>\n<\/tr>\n<tr>\n<td><strong>Stiklo dau\u017eiklis<\/strong><\/td>\n<td>Ner\u016bdijantis plienas<\/td>\n<\/tr>\n<tr>\n<td><strong>Kilm\u0117s \u0161alis<\/strong><\/td>\n<td>JAV<\/td>\n<\/tr>\n<\/tbody>\n<\/table>\n","protected":false},"excerpt":{"rendered":"<p>Automatinis \u201eCombat Troodon LT\u201c OTF su apokaliptin\u0117s apdailos vieno kra\u0161to M390MK nuleidimo ta\u0161ko peiliuku. Dviej\u0173 degal\u0173 pavara, titano spaustukas, stiklo dau\u017eiklis. 4,00 colio a\u0161menys, 9,50 colio bendras skersmuo, ~5,0 uncijos.<\/p>\n","protected":false},"featured_media":731936,"template":"","meta":{"_acf_changed":false},"product_brand":[15537],"product_cat":[15351,15999],"product_tag":[],"class_list":{"0":"post-732389","1":"product","2":"type-product","3":"status-publish","4":"has-post-thumbnail","6":"product_brand-microtech","7":"product_cat-knives-lt","8":"product_cat-otf-knives-lt","10":"first","11":"outofstock","12":"taxable","13":"shipping-taxable","14":"purchasable","15":"product-type-simple"},"acf":[],"_links":{"self":[{"href":"https:\/\/nbg.eu\/lt\/wp-json\/wp\/v2\/product\/732389","targetHints":{"allow":["GET"]}}],"collection":[{"href":"https:\/\/nbg.eu\/lt\/wp-json\/wp\/v2\/product"}],"about":[{"href":"https:\/\/nbg.eu\/lt\/wp-json\/wp\/v2\/types\/product"}],"wp:featuredmedia":[{"embeddable":true,"href":"https:\/\/nbg.eu\/lt\/wp-json\/wp\/v2\/media\/731936"}],"wp:attachment":[{"href":"https:\/\/nbg.eu\/lt\/wp-json\/wp\/v2\/media?parent=732389"}],"wp:term":[{"taxonomy":"product_brand","embeddable":true,"href":"https:\/\/nbg.eu\/lt\/wp-json\/wp\/v2\/product_brand?post=732389"},{"taxonomy":"product_cat","embeddable":true,"href":"https:\/\/nbg.eu\/lt\/wp-json\/wp\/v2\/product_cat?post=732389"},{"taxonomy":"product_tag","embeddable":true,"href":"https:\/\/nbg.eu\/lt\/wp-json\/wp\/v2\/product_tag?post=732389"}],"curies":[{"name":"wp","href":"https:\/\/api.w.org\/{rel}","templated":true}]}}