{"id":732390,"date":"2026-03-13T17:32:15","date_gmt":"2026-03-13T14:32:15","guid":{"rendered":"https:\/\/nbg.eu\/product\/microtech-scarab-ii-gen-iii-t-e-apocalyptic-standard-blue-2\/"},"modified":"2026-03-30T15:40:10","modified_gmt":"2026-03-30T12:40:10","slug":"microtech-scarab-ii-gen-iii-t-e-apocalyptic-standard-blue-2","status":"publish","type":"product","link":"https:\/\/nbg.eu\/lt\/produktas\/microtech-scarab-ii-gen-iii-t-e-apocalyptic-standard-blue-2\/","title":{"rendered":"Microtech Scarab II Gen III T\/E Apocalyptic Standard Blue"},"content":{"rendered":"<h2>Ap\u017evalga<\/h2>\n<p>Microtech Scarab II Gen III yra did\u017eiausias dvigubo veikimo OTF peilis i\u0161 dabartin\u0117s Microtech asortimento, turintis pla\u010diausi\u0105 turim\u0105 gele\u017et\u0119 ir \u012fsp\u016bding\u0105 9,70 coli\u0173 bendr\u0105 ilg\u012f. \u0160iame m\u0117lyname variante yra apokaliptin\u0117s apdailos tanto peilis i\u0161 Bohler M390MK plieno. Revoliucin\u0117 dvigubo kuro varomoji pavara netgi i\u0161sklaido varom\u0105j\u0105 j\u0117g\u0105. po vandeniu, o kont\u016brin\u0117 rankena su tekst\u016bruotais \u012fd\u0117klais u\u017etikrina saugi\u0105 ir patogi\u0105 ranken\u0105 ilgesniam naudojimui.<\/p>\n<h3>Did\u017eiausias dvigubo veiksmo OTF<\/h3>\n<p>Apytiksliai 5,9 uncijos sveriantis su beveik 4 coli\u0173 a\u0161menimis Scarab II yra valdomas. Platus tanto a\u0161men\u0173 profilis u\u017etikrina i\u0161skirtin\u012f pjovimo na\u0161um\u0105 ir smaigalio stiprum\u0105 atliekant sud\u0117tingas u\u017eduotis.<\/p>\n<h3>Dviej\u0173 degal\u0173 pavara<\/h3>\n<p>Dviej\u0173 spyruokli\u0173 konstrukcija sukuria pakankamai j\u0117gos, kad a\u0161menys patikimai i\u0161skleist\u0173 net ir panardinus \u012f vanden\u012f, tod\u0117l Scarab II yra vienas patikimiausi\u0173 kada nors pagamint\u0173 OTF peili\u0173.<\/p>\n<h3>Galinio prijungimo dizainas<\/h3>\n<p>Apgalvotai suprojektuota galin\u0117 anga leid\u017eia be vargo atidaryti peil\u012f net ir sud\u0117tingomis s\u0105lygomis, o a\u0161men\u0173 ir u\u017epakalio gale yra reljefiniai \u012fpjovimai, u\u017etikrinantys pratek\u0117jim\u0105.<\/p>\n<h3>Premium komponentai<\/h3>\n<ul>\n<li>Bohler M390MK platus tanto gele\u017et\u0117<\/li>\n<li>6061-T6 aliuminio kont\u016bro rankena<\/li>\n<li>Dviej\u0173 degal\u0173 pavara su galimybe naudoti po vandeniu<\/li>\n<li>Tekst\u016briniai sukibimo \u012fd\u0117klai pagerina sukibim\u0105<\/li>\n<li>Galinis prievadas u\u017etikrina patikim\u0105 veikim\u0105<\/li>\n<li>Pratekantis dizainas su reljefiniais pj\u016bviais<\/li>\n<\/ul>\n<h3>Specifikacijos<\/h3>\n<table class=\"shop_attributes\">\n<tbody>\n<tr>\n<td><strong>Tipas<\/strong><\/td>\n<td>Priekin\u0117 automatin\u0117<\/td>\n<\/tr>\n<tr>\n<td><strong>A\u0161men\u0173 ilgis<\/strong><\/td>\n<td>3,95 colio<\/td>\n<\/tr>\n<tr>\n<td><strong>Bendras ilgis<\/strong><\/td>\n<td>9,70 coli\u0173<\/td>\n<\/tr>\n<tr>\n<td><strong>Plieno a\u0161menys<\/strong><\/td>\n<td>Bohler M390MK<\/td>\n<\/tr>\n<tr>\n<td><strong>Med\u017eiaga rankenoms<\/strong><\/td>\n<td>6061-T6 aliuminis (m\u0117lynas)<\/td>\n<\/tr>\n<tr>\n<td><strong>Svoris<\/strong><\/td>\n<td>~5,9 uncijos<\/td>\n<\/tr>\n<tr>\n<td><strong>Blade stilius<\/strong><\/td>\n<td>Tanto (T\/E)<\/td>\n<\/tr>\n<tr>\n<td><strong>A\u0161men\u0173 apdaila<\/strong><\/td>\n<td>Apokaliptin\u0117<\/td>\n<\/tr>\n<tr>\n<td><strong>Kra\u0161to tipas<\/strong><\/td>\n<td>Paprastas<\/td>\n<\/tr>\n<tr>\n<td><strong>Kilm\u0117s \u0161alis<\/strong><\/td>\n<td>JAV<\/td>\n<\/tr>\n<\/tbody>\n<\/table>\n","protected":false},"excerpt":{"rendered":"<p>Scarab II Gen III, did\u017eiausias Microtech dvigubo veikimo OTF, m\u0117lynos spalvos su apokaliptin\u0117s apdailos M390MK tanto a\u0161menimis. Dviej\u0173 degal\u0173 pavara veikia net po vandeniu. 3,95 col. a\u0161menys, bendras 9,70 col., ~ 5,9 uncijos.<\/p>\n","protected":false},"featured_media":731940,"template":"","meta":{"_acf_changed":false},"product_brand":[15537],"product_cat":[15351,15999],"product_tag":[],"class_list":{"0":"post-732390","1":"product","2":"type-product","3":"status-publish","4":"has-post-thumbnail","6":"product_brand-microtech","7":"product_cat-knives-lt","8":"product_cat-otf-knives-lt","10":"first","11":"instock","12":"taxable","13":"shipping-taxable","14":"purchasable","15":"product-type-simple"},"acf":[],"_links":{"self":[{"href":"https:\/\/nbg.eu\/lt\/wp-json\/wp\/v2\/product\/732390","targetHints":{"allow":["GET"]}}],"collection":[{"href":"https:\/\/nbg.eu\/lt\/wp-json\/wp\/v2\/product"}],"about":[{"href":"https:\/\/nbg.eu\/lt\/wp-json\/wp\/v2\/types\/product"}],"wp:featuredmedia":[{"embeddable":true,"href":"https:\/\/nbg.eu\/lt\/wp-json\/wp\/v2\/media\/731940"}],"wp:attachment":[{"href":"https:\/\/nbg.eu\/lt\/wp-json\/wp\/v2\/media?parent=732390"}],"wp:term":[{"taxonomy":"product_brand","embeddable":true,"href":"https:\/\/nbg.eu\/lt\/wp-json\/wp\/v2\/product_brand?post=732390"},{"taxonomy":"product_cat","embeddable":true,"href":"https:\/\/nbg.eu\/lt\/wp-json\/wp\/v2\/product_cat?post=732390"},{"taxonomy":"product_tag","embeddable":true,"href":"https:\/\/nbg.eu\/lt\/wp-json\/wp\/v2\/product_tag?post=732390"}],"curies":[{"name":"wp","href":"https:\/\/api.w.org\/{rel}","templated":true}]}}