{"id":732394,"date":"2026-03-13T17:32:39","date_gmt":"2026-03-13T14:32:39","guid":{"rendered":"https:\/\/nbg.eu\/product\/microtech-socom-elite-t-e-full-serrated-tan-2\/"},"modified":"2026-03-16T12:48:22","modified_gmt":"2026-03-16T09:48:22","slug":"microtech-socom-elite-t-e-full-serrated-tan-2","status":"publish","type":"product","link":"https:\/\/nbg.eu\/lt\/produktas\/microtech-socom-elite-t-e-full-serrated-tan-2\/","title":{"rendered":"Microtech Socom Elite T\/E pilnas dantytas \u012fdegis"},"content":{"rendered":"<h2>Ap\u017evalga<\/h2>\n<p>Microtech Socom Elite i\u0161liko vienu populiariausi\u0173 taktini\u0173 sulankstom\u0173 peili\u0173 nuo pat jo atsiradimo 1996 m., o \u0161is Tanto tanto briaunos variantas t\u0119sia t\u0105 palikim\u0105. Su juodu DLC M390 peiliu su visi\u0161kai dantytu kra\u0161tu, ergonomi\u0161ka Socom Elite rankena nat\u016braliai priglunda prie rankos, o integruotas stiklo dau\u017eiklis ir didelis nyk\u0161\u010dio smeigtukas suteikia prakti\u0161kumo ir lengv\u0105 valdym\u0105 viena ranka, net ir su pir\u0161tin\u0117mis.<\/p>\n<h3>Patikrintas taktinis dizainas<\/h3>\n<p>Nuo 1996 m. \u201eSocom Elite\u201c buvo tobulinamas per de\u0161imtme\u010dius trunkan\u010dius kari\u0161ki\u0173, teis\u0117saugos ir civili\u0173 naudotoj\u0173 atsiliepimus. Rankenos geometrija u\u017etikrina nat\u016bral\u0173 ir patikim\u0105 sukibim\u0105, kuris suma\u017eina nuovarg\u012f ilgai naudojant.<\/p>\n<h3>Integruotas stiklo dau\u017eiklis<\/h3>\n<p>Kietinto stiklo dau\u017eiklis, \u012fmontuotas rankenos pagrinde, suteikia galimyb\u0119 avariniu b\u016bdu pab\u0117gti, tod\u0117l \u201eSocom Elite\u201c yra universalus \u012frankis ne tik pjovimui.<\/p>\n<h3>Netinkamas pir\u0161tini\u0173 veikimas<\/h3>\n<p>Didelis nyk\u0161\u010dio smeigtukas ir tekst\u016bruotos rankenos \u012fd\u0117klai ant aliuminio rankenos svarstykli\u0173 u\u017etikrina teigiam\u0105 valdym\u0105 ir lengv\u0105 u\u017ed\u0117jim\u0105 net m\u016bvint taktines pir\u0161tines arba esant \u0161lapioms s\u0105lygoms.<\/p>\n<h3>Premium komponentai<\/h3>\n<ul>\n<li>Bohler M390 a\u0161menys<\/li>\n<li>6061-T6 aliuminio rankena su rankenos \u012fd\u0117klais<\/li>\n<li>Integruotas stiklo dau\u017eiklis<\/li>\n<li>Didelis nyk\u0161\u010dio smeigtukas darbui su pir\u0161tin\u0117mis<\/li>\n<li>Ki\u0161eninis segtukas<\/li>\n<\/ul>\n<h3>Specifikacijos<\/h3>\n<table class=\"shop_attributes\">\n<tbody>\n<tr>\n<td><strong>Tipas<\/strong><\/td>\n<td>Rankinis aplankas<\/td>\n<\/tr>\n<tr>\n<td><strong>A\u0161men\u0173 ilgis<\/strong><\/td>\n<td>4,05 colio<\/td>\n<\/tr>\n<tr>\n<td><strong>Bendras ilgis<\/strong><\/td>\n<td>9,17 colio<\/td>\n<\/tr>\n<tr>\n<td><strong>Plieno a\u0161menys<\/strong><\/td>\n<td>Bohler M390<\/td>\n<\/tr>\n<tr>\n<td><strong>Med\u017eiaga rankenoms<\/strong><\/td>\n<td>6061-T6 aliuminis (gelsvai rudas)<\/td>\n<\/tr>\n<tr>\n<td><strong>Svoris<\/strong><\/td>\n<td>~5,3 uncijos<\/td>\n<\/tr>\n<tr>\n<td><strong>Blade stilius<\/strong><\/td>\n<td>Tanto (T\/E)<\/td>\n<\/tr>\n<tr>\n<td><strong>A\u0161men\u0173 apdaila<\/strong><\/td>\n<td>Juodas DLC<\/td>\n<\/tr>\n<tr>\n<td><strong>Kra\u0161to tipas<\/strong><\/td>\n<td>Visi\u0161kai dantyta<\/td>\n<\/tr>\n<tr>\n<td><strong>U\u017erakinti<\/strong><\/td>\n<td>Pamu\u0161alo u\u017eraktas<\/td>\n<\/tr>\n<tr>\n<td><strong>Stiklo dau\u017eiklis<\/strong><\/td>\n<td>Integruota<\/td>\n<\/tr>\n<tr>\n<td><strong>Kilm\u0117s \u0161alis<\/strong><\/td>\n<td>JAV<\/td>\n<\/tr>\n<\/tbody>\n<\/table>\n","protected":false},"excerpt":{"rendered":"<p>Randos spalvos \u201eSocom Elite\u201c aplankas su juodu DLC visi\u0161kai dantytu M390 tanto peiliu. Agresyvus pjovimas su ikonine Socom ergonomika ir integruotu stiklo dau\u017eikliu. 4,05 colio a\u0161menys, 9,17 colio bendras.<\/p>\n","protected":false},"featured_media":731954,"template":"","meta":{"_acf_changed":false},"product_brand":[15537],"product_cat":[15372,15351],"product_tag":[],"class_list":{"0":"post-732394","1":"product","2":"type-product","3":"status-publish","4":"has-post-thumbnail","6":"product_brand-microtech","7":"product_cat-folding-knives-lt","8":"product_cat-knives-lt","10":"first","11":"instock","12":"taxable","13":"shipping-taxable","14":"purchasable","15":"product-type-simple"},"acf":[],"_links":{"self":[{"href":"https:\/\/nbg.eu\/lt\/wp-json\/wp\/v2\/product\/732394","targetHints":{"allow":["GET"]}}],"collection":[{"href":"https:\/\/nbg.eu\/lt\/wp-json\/wp\/v2\/product"}],"about":[{"href":"https:\/\/nbg.eu\/lt\/wp-json\/wp\/v2\/types\/product"}],"wp:featuredmedia":[{"embeddable":true,"href":"https:\/\/nbg.eu\/lt\/wp-json\/wp\/v2\/media\/731954"}],"wp:attachment":[{"href":"https:\/\/nbg.eu\/lt\/wp-json\/wp\/v2\/media?parent=732394"}],"wp:term":[{"taxonomy":"product_brand","embeddable":true,"href":"https:\/\/nbg.eu\/lt\/wp-json\/wp\/v2\/product_brand?post=732394"},{"taxonomy":"product_cat","embeddable":true,"href":"https:\/\/nbg.eu\/lt\/wp-json\/wp\/v2\/product_cat?post=732394"},{"taxonomy":"product_tag","embeddable":true,"href":"https:\/\/nbg.eu\/lt\/wp-json\/wp\/v2\/product_tag?post=732394"}],"curies":[{"name":"wp","href":"https:\/\/api.w.org\/{rel}","templated":true}]}}