{"id":732396,"date":"2026-03-13T17:33:03","date_gmt":"2026-03-13T14:33:03","guid":{"rendered":"https:\/\/nbg.eu\/product\/microtech-amphibian-ram-lok-s-e-fluted-partial-serrated-tan-2\/"},"modified":"2026-03-16T12:48:32","modified_gmt":"2026-03-16T09:48:32","slug":"microtech-amphibian-ram-lok-s-e-fluted-partial-serrated-tan-2","status":"publish","type":"product","link":"https:\/\/nbg.eu\/lt\/produktas\/microtech-amphibian-ram-lok-s-e-fluted-partial-serrated-tan-2\/","title":{"rendered":"Microtech Amphibian RAM-LOK S\/E riev\u0117tas dalinis dantytas \u012fdegis"},"content":{"rendered":"<h2>Ap\u017evalga<\/h2>\n<p>Microtech Amphibian RAM-LOK sugr\u0105\u017eina klasikin\u012f Amphibian a\u0161men\u0173 profil\u012f, kuris kadaise buvo pripa\u017eintas geriausiu EDC peiliu, kada nors pagamintu Microtech, su \u0161iuolaiki\u0161ku RAM-LOK strypo u\u017erakto mechanizmu. \u0160is Tan variantas turi juod\u0105 DLC dengt\u0105 i\u0161 dalies dantyt\u0105 vieno kra\u0161to gele\u017et\u0119 i\u0161 Bohler M390MK plieno, \u012ftaisyt\u0105 gra\u017eiai i\u0161lenktoje aliuminio rankenoje. Sistema RAM-LOK u\u017etikrina skersinio tipo u\u017erakt\u0105, naudojant vientis\u0105 plienin\u012f ruo\u0161in\u012f, varom\u0105 vienos spiralin\u0117s spyruokl\u0117s, u\u017etikrinant\u012f tvirt\u0105 u\u017erakt\u0105 ir saug\u0173 u\u017edarym\u0105 dvira\u010diu pir\u0161tu.<\/p>\n<h3>RAM-LOK juostos u\u017erakto sistema<\/h3>\n<p>RAM-LOK naudoja vientis\u0105 plieno ruo\u0161ini\u0173 skersin\u012f stryp\u0105, varom\u0105 viena spyruokle, kuri yra vienas stipriausi\u0173 ir patikimiausi\u0173 galim\u0173 fiksavimo mechanizm\u0173. D\u0117l dizaino galima saugiai u\u017edaryti pir\u0161tais i\u0161 abiej\u0173 rankenos pusi\u0173, kad b\u016bt\u0173 galima valdyti abipusi\u0161kai.<\/p>\n<h3>Klasikinis varliagyvi\u0173 a\u0161men\u0173 profilis<\/h3>\n<p>I\u0161skirtin\u0117 varliagyvi\u0173 a\u0161men\u0173 geometrija buvo mikrotechnologij\u0173 piktograma, sukurta universaliam pjovimo na\u0161umui, kuris puikiai tinka atliekant tikslias ir sud\u0117tingesnes u\u017eduotis.<\/p>\n<h3>Aliuminio riev\u0117ta konstrukcija<\/h3>\n<p>Tiksliai i\u0161lenkta 6061-T6 aliuminio rankena suma\u017eina svor\u012f, sukuria vizualiai \u012fsp\u016bding\u0105 ra\u0161t\u0105 ir suteikia papildomos sukibimo tekst\u016bros. Tan anodavimas suteikia \u0161iltos, takti\u0161kos estetikos.<\/p>\n<h3>Premium komponentai<\/h3>\n<ul>\n<li>Bohler M390MK vieno kra\u0161to a\u0161menys su DLC danga<\/li>\n<li>Aliuminin\u0117 6061-T6 rankena (Tan)<\/li>\n<li>RAM-LOK skersinio u\u017erakto mechanizmas<\/li>\n<li>Apver\u010diamas titano ki\u0161eninis segtukas<\/li>\n<li>Ne\u0161iojimosi konfig\u016bracija<\/li>\n<\/ul>\n<h3>Specifikacijos<\/h3>\n<table class=\"shop_attributes\">\n<tbody>\n<tr>\n<td><strong>Tipas<\/strong><\/td>\n<td>Rankinis aplankas<\/td>\n<\/tr>\n<tr>\n<td><strong>A\u0161men\u0173 ilgis<\/strong><\/td>\n<td>3,90 colio<\/td>\n<\/tr>\n<tr>\n<td><strong>Bendras ilgis<\/strong><\/td>\n<td>9,25 colio<\/td>\n<\/tr>\n<tr>\n<td><strong>U\u017edarytas ilgis<\/strong><\/td>\n<td>5,38 colio<\/td>\n<\/tr>\n<tr>\n<td><strong>Plieno a\u0161menys<\/strong><\/td>\n<td>Bohler M390MK<\/td>\n<\/tr>\n<tr>\n<td><strong>Med\u017eiaga rankenoms<\/strong><\/td>\n<td>6061-T6 aliuminis, briaunotos (gelsvai rudos spalvos)<\/td>\n<\/tr>\n<tr>\n<td><strong>Svoris<\/strong><\/td>\n<td>5,90 uncijos<\/td>\n<\/tr>\n<tr>\n<td><strong>U\u017erakinti<\/strong><\/td>\n<td>RAM-LOK juostos u\u017eraktas<\/td>\n<\/tr>\n<tr>\n<td><strong>Blade stilius<\/strong><\/td>\n<td>Vienas kra\u0161tas (S\/E)<\/td>\n<\/tr>\n<tr>\n<td><strong>A\u0161men\u0173 apdaila<\/strong><\/td>\n<td>Juodas DLC<\/td>\n<\/tr>\n<tr>\n<td><strong>Kra\u0161to tipas<\/strong><\/td>\n<td>I\u0161 dalies dantyta<\/td>\n<\/tr>\n<tr>\n<td><strong>Ki\u0161eninis segtukas<\/strong><\/td>\n<td>Apver\u010diamas titanas, pakeliamas<\/td>\n<\/tr>\n<tr>\n<td><strong>Kilm\u0117s \u0161alis<\/strong><\/td>\n<td>JAV<\/td>\n<\/tr>\n<\/tbody>\n<\/table>\n","protected":false},"excerpt":{"rendered":"<p>Amphibian RAM-LOK rankinis aplankas rudos spalvos su juodu DLC i\u0161 dalies dantytu M390MK vieno kra\u0161to peiliu. I\u0161lenkta aliuminio rankena su RAM-LOK strypo u\u017eraktu. 3,90 colio peilis, 9,25 colio bendras, 5,9 uncijos.<\/p>\n","protected":false},"featured_media":731962,"template":"","meta":{"_acf_changed":false},"product_brand":[15537],"product_cat":[15372,15351],"product_tag":[],"class_list":{"0":"post-732396","1":"product","2":"type-product","3":"status-publish","4":"has-post-thumbnail","6":"product_brand-microtech","7":"product_cat-folding-knives-lt","8":"product_cat-knives-lt","10":"first","11":"instock","12":"taxable","13":"shipping-taxable","14":"purchasable","15":"product-type-simple"},"acf":[],"_links":{"self":[{"href":"https:\/\/nbg.eu\/lt\/wp-json\/wp\/v2\/product\/732396","targetHints":{"allow":["GET"]}}],"collection":[{"href":"https:\/\/nbg.eu\/lt\/wp-json\/wp\/v2\/product"}],"about":[{"href":"https:\/\/nbg.eu\/lt\/wp-json\/wp\/v2\/types\/product"}],"wp:featuredmedia":[{"embeddable":true,"href":"https:\/\/nbg.eu\/lt\/wp-json\/wp\/v2\/media\/731962"}],"wp:attachment":[{"href":"https:\/\/nbg.eu\/lt\/wp-json\/wp\/v2\/media?parent=732396"}],"wp:term":[{"taxonomy":"product_brand","embeddable":true,"href":"https:\/\/nbg.eu\/lt\/wp-json\/wp\/v2\/product_brand?post=732396"},{"taxonomy":"product_cat","embeddable":true,"href":"https:\/\/nbg.eu\/lt\/wp-json\/wp\/v2\/product_cat?post=732396"},{"taxonomy":"product_tag","embeddable":true,"href":"https:\/\/nbg.eu\/lt\/wp-json\/wp\/v2\/product_tag?post=732396"}],"curies":[{"name":"wp","href":"https:\/\/api.w.org\/{rel}","templated":true}]}}