{"id":732398,"date":"2026-03-13T17:33:16","date_gmt":"2026-03-13T14:33:16","guid":{"rendered":"https:\/\/nbg.eu\/product\/microtech-dirac-delta-d-e-dlc-shadow-signature-series-2\/"},"modified":"2026-03-30T15:46:22","modified_gmt":"2026-03-30T12:46:22","slug":"microtech-dirac-delta-d-e-dlc-shadow-signature-series-2","status":"publish","type":"product","link":"https:\/\/nbg.eu\/lt\/produktas\/microtech-dirac-delta-d-e-dlc-shadow-signature-series-2\/","title":{"rendered":"Microtech Dirac Delta D\/E DLC Shadow Signature serija"},"content":{"rendered":"<h2>Ap\u017evalga<\/h2>\n<p>\u201eMicrotech Dirac Delta D\/E DLC Shadow\u201c yra \u201eMicrotech\u201c naujovi\u0161ko auk\u0161\u010diausios ugnies OTF automatinio \u201eSignature\u201c serijos variantas. \u201eDelta\u201c, sukurtas pagal pradininko Dirac model\u012f, turi t\u0105 pa\u010di\u0105 ergonomi\u0161k\u0105 va\u017eiuokl\u0119 ir naujovi\u0161k\u0105 vidin\u012f mechanizm\u0105, tvirtesnio dyd\u017eio, o \u0161is \u201eShadow\u201c leidimas turi vis\u0105 DLC (deimant\u0105 primenan\u010di\u0105 anglies) dang\u0105 ant M390MK durklo a\u0161men\u0173, aliuminio rankenos, technin\u0117s \u012frangos ir ki\u0161eninio segtuko. I\u0161skirtinis vir\u0161uje sumontuotas \u0161audymo mygtukas leid\u017eia intuityviai, abipusi\u0161kai i\u0161skleisti ir atitraukti a\u0161menis nat\u016braliu nyk\u0161\u010dio judesiu.<\/p>\n<h3>Vir\u0161uje montuojamas paleidimo mygtukas<\/h3>\n<p>Skirtingai nuo \u0161oninio \u0161audymo OTF peili\u0173, Dirac Delta ant dangtelio pritvirtintas mygtukas leid\u017eia nat\u016braliai, intuityviai paspausti nyk\u0161\u010diu, kad a\u0161menys b\u016bt\u0173 i\u0161skleisti ir atitraukti. \u0160is dizainas leid\u017eia tikrai abipusi\u0161kai valdyti nekei\u010diant rankos pad\u0117ties.<\/p>\n<h3>Ergonomi\u0161ka HALO \u012fkv\u0117pta va\u017eiuokl\u0117<\/h3>\n<p>Dirac Delta va\u017eiuokl\u0117 pasi\u017eymi lenktomis linijomis, \u012fkv\u0117ptomis legendinio Microtech HALO, sukurian\u010dio i\u0161skirtin\u012f poj\u016bt\u012f rankoje ir i\u0161skiriant j\u012f i\u0161 tradicini\u0173 tiesi\u0173 OTF dizaino.<\/p>\n<h3>DLC \u0161e\u0161\u0117li\u0173 apdaila<\/h3>\n<p>Visa deimant\u0105 primenanti anglies danga ant vis\u0173 pavir\u0161i\u0173 u\u017etikrina i\u0161skirtin\u012f kietum\u0105, atsparum\u0105 dilimui ir aptaki\u0105 pajuodusi\u0105 estetik\u0105. DLC apdaila taip pat prideda apsaugos nuo korozijos sluoksn\u012f, vir\u0161ijant\u012f jau atspar\u0173 M390MK plien\u0105.<\/p>\n<h3>Premium komponentai<\/h3>\n<ul>\n<li>Bohler M390MK dviej\u0173 briaun\u0173 durklo a\u0161menys su DLC danga<\/li>\n<li>6061-T6 aliuminio rankena su DLC \u0161e\u0161\u0117line apdaila<\/li>\n<li>DLC dengta technin\u0117 \u012franga ir ki\u0161eninis segtukas<\/li>\n<li>Vir\u0161uje sumontuotas \u0161audymo mygtukas, skirtas abipusiam veikimui<\/li>\n<li>Integruotas stiklo dau\u017eiklis<\/li>\n<li>Para\u0161o serijos pavadinimas<\/li>\n<\/ul>\n<h3>Specifikacijos<\/h3>\n<table class=\"shop_attributes\">\n<tbody>\n<tr>\n<td><strong>Tipas<\/strong><\/td>\n<td>Priekin\u0117 automatin\u0117<\/td>\n<\/tr>\n<tr>\n<td><strong>A\u0161men\u0173 ilgis<\/strong><\/td>\n<td>3,79 colio<\/td>\n<\/tr>\n<tr>\n<td><strong>Bendras ilgis<\/strong><\/td>\n<td>9,40 colio<\/td>\n<\/tr>\n<tr>\n<td><strong>Rankel\u0117s ilgis<\/strong><\/td>\n<td>5,50 colio<\/td>\n<\/tr>\n<tr>\n<td><strong>Plieno a\u0161menys<\/strong><\/td>\n<td>Bohler M390MK (dengta DLC)<\/td>\n<\/tr>\n<tr>\n<td><strong>Med\u017eiaga rankenoms<\/strong><\/td>\n<td>6061-T6 aliuminis (DLC \u0161e\u0161\u0117lis)<\/td>\n<\/tr>\n<tr>\n<td><strong>Svoris<\/strong><\/td>\n<td>4,60 uncijos<\/td>\n<\/tr>\n<tr>\n<td><strong>Blade stilius<\/strong><\/td>\n<td>Drandukas \/ dvigubas kra\u0161tas (D\/E)<\/td>\n<\/tr>\n<tr>\n<td><strong>A\u0161men\u0173 apdaila<\/strong><\/td>\n<td>DLC \u0161e\u0161\u0117lis<\/td>\n<\/tr>\n<tr>\n<td><strong>Aparatin\u0117 \u012franga<\/strong><\/td>\n<td>Padengtas DLC<\/td>\n<\/tr>\n<tr>\n<td><strong>Kra\u0161to tipas<\/strong><\/td>\n<td>Paprastas<\/td>\n<\/tr>\n<tr>\n<td><strong>Serija<\/strong><\/td>\n<td>Para\u0161o serija<\/td>\n<\/tr>\n<tr>\n<td><strong>Kilm\u0117s \u0161alis<\/strong><\/td>\n<td>JAV<\/td>\n<\/tr>\n<\/tbody>\n<\/table>\n","protected":false},"excerpt":{"rendered":"<p>Dirac Delta Signature Series OTF automatinis su pilna DLC \u0161e\u0161\u0117line apdaila \u2013 DLC dengtas M390MK dviej\u0173 kra\u0161t\u0173 durklo a\u0161menys ir DLC aliuminio rankena. Vir\u0161uje montuojamas \u0161audymo mygtukas. 3,79 colio a\u0161menys, 9,40 colio bendras skersmuo, 4,6 uncijos.<\/p>\n","protected":false},"featured_media":731970,"template":"","meta":{"_acf_changed":false},"product_brand":[15537],"product_cat":[15351,15999],"product_tag":[],"class_list":{"0":"post-732398","1":"product","2":"type-product","3":"status-publish","4":"has-post-thumbnail","6":"product_brand-microtech","7":"product_cat-knives-lt","8":"product_cat-otf-knives-lt","10":"first","11":"outofstock","12":"taxable","13":"shipping-taxable","14":"purchasable","15":"product-type-simple"},"acf":[],"_links":{"self":[{"href":"https:\/\/nbg.eu\/lt\/wp-json\/wp\/v2\/product\/732398","targetHints":{"allow":["GET"]}}],"collection":[{"href":"https:\/\/nbg.eu\/lt\/wp-json\/wp\/v2\/product"}],"about":[{"href":"https:\/\/nbg.eu\/lt\/wp-json\/wp\/v2\/types\/product"}],"wp:featuredmedia":[{"embeddable":true,"href":"https:\/\/nbg.eu\/lt\/wp-json\/wp\/v2\/media\/731970"}],"wp:attachment":[{"href":"https:\/\/nbg.eu\/lt\/wp-json\/wp\/v2\/media?parent=732398"}],"wp:term":[{"taxonomy":"product_brand","embeddable":true,"href":"https:\/\/nbg.eu\/lt\/wp-json\/wp\/v2\/product_brand?post=732398"},{"taxonomy":"product_cat","embeddable":true,"href":"https:\/\/nbg.eu\/lt\/wp-json\/wp\/v2\/product_cat?post=732398"},{"taxonomy":"product_tag","embeddable":true,"href":"https:\/\/nbg.eu\/lt\/wp-json\/wp\/v2\/product_tag?post=732398"}],"curies":[{"name":"wp","href":"https:\/\/api.w.org\/{rel}","templated":true}]}}