{"id":732399,"date":"2026-03-13T17:33:20","date_gmt":"2026-03-13T14:33:20","guid":{"rendered":"https:\/\/nbg.eu\/product\/microtech-6-utility-knife-stonewash-titanium-bolster-black-g-10-2\/"},"modified":"2026-03-16T12:48:48","modified_gmt":"2026-03-16T09:48:48","slug":"microtech-6-utility-knife-stonewash-titanium-bolster-black-g-10-2","status":"publish","type":"product","link":"https:\/\/nbg.eu\/lt\/produktas\/microtech-6-utility-knife-stonewash-titanium-bolster-black-g-10-2\/","title":{"rendered":"Microtech 6&#8243; naudingasis peilis Stonewash Titanium Bolster Black G-10"},"content":{"rendered":"<h2>Ap\u017evalga<\/h2>\n<p>Microtech 6&#8243; naudingasis peilis suteikia kulinariniam pasauliui t\u0105 pa\u010di\u0105 bekompromis\u0119 kokyb\u0119 ir tiksli\u0105 in\u017einerij\u0105, kuri yra Microtech taktiniuose peiliuose. \u0160is naudingasis peilis u\u017epildo atotr\u016bk\u012f tarp pjaustymo peilio ir \u0161efo peilio, nes jis yra plonas, bet tvirtas 6 coli\u0173 dar\u017eovi\u0173 peiliukas, 6 coli\u0173 vaisiams M3 ir 0. kepiniai, kurie yra per dideli ma\u017eesniems peiliams. Akmens plovimo apdaila suteikia maistui saug\u0173, ma\u017eai blizgant\u012f pavir\u0161i\u0173 ir puik\u0173 atsparum\u0105 korozijai, o titano atramos ir juoda G-10 rankena u\u017etikrina profesional\u0173 sukibim\u0105, kuris i\u0161lieka saugus net \u0161lapias.<\/p>\n<h3>M390MK kulinarinis peiliukas<\/h3>\n<p>Tas pats \u201eBohler M390MK\u201c plienas, naudojamas \u201eMicrotech\u201c taktiniuose peiliuose, u\u017etikrina a\u0161tri\u0173 briaun\u0173 i\u0161laikym\u0105, i\u0161skirtin\u012f atsparum\u0105 korozijai ir lengv\u0105 galandim\u0105, kad b\u016bt\u0173 galima naudoti profesionaliai virtuv\u0117je ilgus metus.<\/p>\n<h3>Titano atram\u0173 konstrukcija<\/h3>\n<p>Karoliukais padengti 6AL-4V titano atramos suteikia patog\u0173, subalansuot\u0105 poj\u016bt\u012f ir nat\u016bral\u0173 per\u0117jim\u0105 tarp rankenos ir a\u0161men\u0173. Titanas prakti\u0161kai neprideda svorio ir u\u017etikrina i\u0161skirtin\u012f patvarum\u0105.<\/p>\n<h3>G-10 rankenos svarstykl\u0117s<\/h3>\n<p>Juodos G-10 kompozicin\u0117s rankenos svarstykl\u0117s yra nepralaid\u017eios dr\u0117gmei, \u0161ilumai ir profesionaliose virtuv\u0117se esan\u010dioms chemin\u0117ms med\u017eiagoms, tod\u0117l u\u017etikrina higieni\u0161k\u0105 ir patvar\u0173 rankenos pavir\u0161i\u0173.<\/p>\n<h3>Premium komponentai<\/h3>\n<ul>\n<li>Bohler M390MK gele\u017et\u0117 su plok\u0161\u010diu \u0161lifavimu ir akmens plovimo apdaila<\/li>\n<li>6AL-4V titano atramos, padengtos karoliukais<\/li>\n<li>Juodos G-10 rankenos svarstykl\u0117s<\/li>\n<li>Maistui saugi, korozijai atspari konstrukcija<\/li>\n<li>Garantija visam gyvenimui<\/li>\n<\/ul>\n<h3>Specifikacijos<\/h3>\n<table class=\"shop_attributes\">\n<tbody>\n<tr>\n<td><strong>Tipas<\/strong><\/td>\n<td>Fiksuotas peiliukas (kulinarinis)<\/td>\n<\/tr>\n<tr>\n<td><strong>A\u0161men\u0173 ilgis<\/strong><\/td>\n<td>6,00&#8243;<\/td>\n<\/tr>\n<tr>\n<td><strong>Bendras ilgis<\/strong><\/td>\n<td>10,54 colio<\/td>\n<\/tr>\n<tr>\n<td><strong>Plieno a\u0161menys<\/strong><\/td>\n<td>Bohler M390MK<\/td>\n<\/tr>\n<tr>\n<td><strong>A\u0161men\u0173 apdaila<\/strong><\/td>\n<td>Stonewash<\/td>\n<\/tr>\n<tr>\n<td><strong>A\u0161men\u0173 \u0161lifavimas<\/strong><\/td>\n<td>Plok\u0161\u010dias<\/td>\n<\/tr>\n<tr>\n<td><strong>Med\u017eiaga rankenoms<\/strong><\/td>\n<td>Juodas G-10 su titano atramais<\/td>\n<\/tr>\n<tr>\n<td><strong>Pagrindo med\u017eiaga<\/strong><\/td>\n<td>Kartulinis 6AL-4V titanas<\/td>\n<\/tr>\n<tr>\n<td><strong>Svoris<\/strong><\/td>\n<td>4,54 uncijos<\/td>\n<\/tr>\n<tr>\n<td><strong>Kilm\u0117s \u0161alis<\/strong><\/td>\n<td>JAV<\/td>\n<\/tr>\n<\/tbody>\n<\/table>\n","protected":false},"excerpt":{"rendered":"<p>Microtech 6 coli\u0173 kulinarinis peilis su akmens plovimo M390MK a\u0161menimis, titano atramais ir juoda G-10 rankena. U\u017edengia atotr\u016bk\u012f tarp pjaustymo ir \u0161efo peilio. 6,00 colio a\u0161menys, 10,54 colio bendras skersmuo, 4,54 uncijos.<\/p>\n","protected":false},"featured_media":731974,"template":"","meta":{"_acf_changed":false},"product_brand":[15537],"product_cat":[15864,15351],"product_tag":[],"class_list":{"0":"post-732399","1":"product","2":"type-product","3":"status-publish","4":"has-post-thumbnail","6":"product_brand-microtech","7":"product_cat-fixed-blade-knives-lt","8":"product_cat-knives-lt","10":"first","11":"outofstock","12":"taxable","13":"shipping-taxable","14":"purchasable","15":"product-type-simple"},"acf":[],"_links":{"self":[{"href":"https:\/\/nbg.eu\/lt\/wp-json\/wp\/v2\/product\/732399","targetHints":{"allow":["GET"]}}],"collection":[{"href":"https:\/\/nbg.eu\/lt\/wp-json\/wp\/v2\/product"}],"about":[{"href":"https:\/\/nbg.eu\/lt\/wp-json\/wp\/v2\/types\/product"}],"wp:featuredmedia":[{"embeddable":true,"href":"https:\/\/nbg.eu\/lt\/wp-json\/wp\/v2\/media\/731974"}],"wp:attachment":[{"href":"https:\/\/nbg.eu\/lt\/wp-json\/wp\/v2\/media?parent=732399"}],"wp:term":[{"taxonomy":"product_brand","embeddable":true,"href":"https:\/\/nbg.eu\/lt\/wp-json\/wp\/v2\/product_brand?post=732399"},{"taxonomy":"product_cat","embeddable":true,"href":"https:\/\/nbg.eu\/lt\/wp-json\/wp\/v2\/product_cat?post=732399"},{"taxonomy":"product_tag","embeddable":true,"href":"https:\/\/nbg.eu\/lt\/wp-json\/wp\/v2\/product_tag?post=732399"}],"curies":[{"name":"wp","href":"https:\/\/api.w.org\/{rel}","templated":true}]}}