{"id":734319,"date":"2026-03-24T13:40:18","date_gmt":"2026-03-24T10:40:18","guid":{"rendered":"https:\/\/nbg.eu\/product\/bergara-b14-aics-detuve-short-action-10-soviniu\/"},"modified":"2026-04-02T14:37:43","modified_gmt":"2026-04-02T11:37:43","slug":"bergara-b14-aics-detuve-short-action-10-soviniu","status":"publish","type":"product","link":"https:\/\/nbg.eu\/lt\/produktas\/bergara-b14-aics-detuve-short-action-10-soviniu\/","title":{"rendered":"Bergara B14 AICS D\u0117tuv\u0117 Short Action 10 \u0161ovini\u0173"},"content":{"rendered":"<h2>Bergara B14 AICS Magazine Short Action 10-Round<\/h2>\n<p>Originalus 10 \u0161ovini\u0173 AICS d\u0117tuv\u0117 B14 HMR. Suderinamas su 6.5 Creedmoor ir .308 Win.<\/p>\n<table class=\"product-specs\">\n<tbody>\n<tr>\n<th>Kalibras<\/th>\n<td>6.5 Creedmoor \/ .308 Win<\/td>\n<\/tr>\n<tr>\n<th>D\u0117tuv\u0117s talpa<\/th>\n<td>10 rounds<\/td>\n<\/tr>\n<tr>\n<th>Platform<\/th>\n<td>Bergara B14 Short Action (AICS)<\/td>\n<\/tr>\n<tr>\n<th>Med\u017eiaga<\/th>\n<td>Polyamide<\/td>\n<\/tr>\n<tr>\n<th>Manufacturer<\/th>\n<td>Bergara, Spain<\/td>\n<\/tr>\n<\/tbody>\n<\/table>\n","protected":false},"excerpt":{"rendered":"<p>Originalus 10 \u0161ovini\u0173 slim-line Bergara d\u0117tuv\u0117 B14 AICS Short Action \u0161autuvams. Suderinamas su 6.5 Creedmoor, .308 Win. Lengva polimerin\u0117 konstrukcija patikimam tiekimui var\u017eybose ir med\u017eiokl\u0117je.<\/p>\n","protected":false},"featured_media":734320,"template":"","meta":{"_acf_changed":false},"product_brand":[16028],"product_cat":[13748],"product_tag":[],"class_list":{"0":"post-734319","1":"product","2":"type-product","3":"status-publish","4":"has-post-thumbnail","6":"product_brand-bergara","7":"product_cat-sautuvu-detuves","9":"first","10":"instock","11":"taxable","12":"shipping-taxable","13":"purchasable","14":"product-type-simple"},"acf":[],"_links":{"self":[{"href":"https:\/\/nbg.eu\/lt\/wp-json\/wp\/v2\/product\/734319","targetHints":{"allow":["GET"]}}],"collection":[{"href":"https:\/\/nbg.eu\/lt\/wp-json\/wp\/v2\/product"}],"about":[{"href":"https:\/\/nbg.eu\/lt\/wp-json\/wp\/v2\/types\/product"}],"wp:featuredmedia":[{"embeddable":true,"href":"https:\/\/nbg.eu\/lt\/wp-json\/wp\/v2\/media\/734320"}],"wp:attachment":[{"href":"https:\/\/nbg.eu\/lt\/wp-json\/wp\/v2\/media?parent=734319"}],"wp:term":[{"taxonomy":"product_brand","embeddable":true,"href":"https:\/\/nbg.eu\/lt\/wp-json\/wp\/v2\/product_brand?post=734319"},{"taxonomy":"product_cat","embeddable":true,"href":"https:\/\/nbg.eu\/lt\/wp-json\/wp\/v2\/product_cat?post=734319"},{"taxonomy":"product_tag","embeddable":true,"href":"https:\/\/nbg.eu\/lt\/wp-json\/wp\/v2\/product_tag?post=734319"}],"curies":[{"name":"wp","href":"https:\/\/api.w.org\/{rel}","templated":true}]}}